{"id":450365,"date":"2026-05-07T00:23:37","date_gmt":"2026-05-06T22:23:37","guid":{"rendered":"https:\/\/www.pricetornado.com\/da\/produkt\/samsung-galaxy-s26-ultra-256gb-cobalt-violet\/"},"modified":"2026-05-07T04:16:29","modified_gmt":"2026-05-07T02:16:29","slug":"samsung-galaxy-s26-ultra-256gb-cobalt-violet","status":"publish","type":"product","link":"https:\/\/www.pricetornado.com\/da\/produkt\/samsung-galaxy-s26-ultra-256gb-cobalt-violet\/","title":{"rendered":"Samsung | Galaxy S26 Ultra &#8211; 256GB | Cobalt Violet"},"content":{"rendered":"<p>K\u00f8b billig Samsung | Galaxy S26 Ultra &#8211; 256GB | Cobalt Violet!<\/p>\n<p>Sammenlign priser p\u00e5 Samsung | Galaxy S26 Ultra &#8211; 256GB | Cobalt Violet og k\u00f8b online til den billigste pris, samt p\u00e5 tilbud!\u00a0\u00a0Tjek den bedste pris, produkt beskrivelse, video, test, anmeldelser osv.<\/p>\n<p><strong>Brand: <\/strong>Samsung<br \/>\n<strong>EAN: <\/strong>8806097827092<br \/>\n<strong>Producentens varenr.:<\/strong> SM-S948BZVDEUB<\/p>\n<p><strong>P.S.<\/strong><br \/>\nTilmeld dig til &#8220;Opret Gratis Prisfald Alarm&#8221;, og bliv underrettet med det samme om prisfald p\u00e5 Samsung | Galaxy S26 Ultra &#8211; 256GB | Cobalt Violet, og f\u00e5 den billigste pris!<\/p>\n<p>&nbsp;<\/p>\n","protected":false},"excerpt":{"rendered":"<p>K\u00f8b billig Samsung | Galaxy S26 Ultra &#8211; 256GB | Cobalt Violet! Sammenlign priser p\u00e5 Samsung | Galaxy S26 Ultra &#8211; 256GB | Cobalt Violet og k\u00f8b online til den billigste pris, samt p\u00e5 tilbud!\u00a0\u00a0Tjek den bedste pris, produkt beskrivelse, video, test, anmeldelser osv. Brand: Samsung EAN: 8806097827092 Producentens varenr.: SM-S948BZVDEUB P.S. Tilmeld dig til [&hellip;]<\/p>\n","protected":false},"featured_media":999980000004503650,"template":"","meta":[],"store":[1272539],"product_brand":[1272544],"product_cat":[783867,783869,783866],"product_tag":[],"class_list":{"0":"post-450365","1":"product","2":"type-product","3":"status-publish","4":"has-post-thumbnail","6":"store-computersalg","7":"product_brand-samsung","8":"product_cat-mobiltelefoner","9":"product_cat-samsung-galaxy","10":"product_cat-telefoni-gps","11":"pa_maerke-samsung","13":"first","14":"instock","15":"product-type-external"},"_links":{"self":[{"href":"https:\/\/www.pricetornado.com\/da\/wp-json\/wp\/v2\/product\/450365","targetHints":{"allow":["GET"]}}],"collection":[{"href":"https:\/\/www.pricetornado.com\/da\/wp-json\/wp\/v2\/product"}],"about":[{"href":"https:\/\/www.pricetornado.com\/da\/wp-json\/wp\/v2\/types\/product"}],"wp:featuredmedia":[{"embeddable":true,"href":"https:\/\/www.pricetornado.com\/da\/wp-json\/"}],"wp:attachment":[{"href":"https:\/\/www.pricetornado.com\/da\/wp-json\/wp\/v2\/media?parent=450365"}],"wp:term":[{"taxonomy":"store","embeddable":true,"href":"https:\/\/www.pricetornado.com\/da\/wp-json\/wp\/v2\/store?post=450365"},{"taxonomy":"product_brand","embeddable":true,"href":"https:\/\/www.pricetornado.com\/da\/wp-json\/wp\/v2\/product_brand?post=450365"},{"taxonomy":"product_cat","embeddable":true,"href":"https:\/\/www.pricetornado.com\/da\/wp-json\/wp\/v2\/product_cat?post=450365"},{"taxonomy":"product_tag","embeddable":true,"href":"https:\/\/www.pricetornado.com\/da\/wp-json\/wp\/v2\/product_tag?post=450365"}],"curies":[{"name":"wp","href":"https:\/\/api.w.org\/{rel}","templated":true}]}}