{"id":450359,"date":"2026-05-07T00:22:28","date_gmt":"2026-05-06T22:22:28","guid":{"rendered":"https:\/\/www.pricetornado.com\/da\/produkt\/xiaomi-17-ultra-dual-sim-16512gb-photo-kit-pro-sort\/"},"modified":"2026-05-07T00:22:33","modified_gmt":"2026-05-06T22:22:33","slug":"xiaomi-17-ultra-dual-sim-16512gb-photo-kit-pro-sort","status":"publish","type":"product","link":"https:\/\/www.pricetornado.com\/da\/produkt\/xiaomi-17-ultra-dual-sim-16512gb-photo-kit-pro-sort\/","title":{"rendered":"Xiaomi 17 Ultra Dual SIM 16+512GB + Photo Kit Pro sort"},"content":{"rendered":"<p>K\u00f8b billig Xiaomi 17 Ultra Dual SIM 16+512GB + Photo Kit Pro sort!<\/p>\n<p>Sammenlign priser p\u00e5 Xiaomi 17 Ultra Dual SIM 16+512GB + Photo Kit Pro sort og k\u00f8b online til den billigste pris, samt p\u00e5 tilbud!\u00a0\u00a0Tjek den bedste pris, produkt beskrivelse, video, test, anmeldelser osv.<\/p>\n<p><strong>Brand: <\/strong>Xiaomi<br \/>\n<strong>EAN: <\/strong>8032325397451<br \/>\n<strong>Producentens varenr.:<\/strong> MZB0MN4EU+KIT<\/p>\n<p><strong>P.S.<\/strong><br \/>\nTilmeld dig til &#8220;Opret Gratis Prisfald Alarm&#8221;, og bliv underrettet med det samme om prisfald p\u00e5 Xiaomi 17 Ultra Dual SIM 16+512GB + Photo Kit Pro sort, og f\u00e5 den billigste pris!<\/p>\n<p>&nbsp;<\/p>\n","protected":false},"excerpt":{"rendered":"<p>K\u00f8b billig Xiaomi 17 Ultra Dual SIM 16+512GB + Photo Kit Pro sort! Sammenlign priser p\u00e5 Xiaomi 17 Ultra Dual SIM 16+512GB + Photo Kit Pro sort og k\u00f8b online til den billigste pris, samt p\u00e5 tilbud!\u00a0\u00a0Tjek den bedste pris, produkt beskrivelse, video, test, anmeldelser osv. Brand: Xiaomi EAN: 8032325397451 Producentens varenr.: MZB0MN4EU+KIT P.S. Tilmeld [&hellip;]<\/p>\n","protected":false},"featured_media":999980000004503590,"template":"","meta":[],"store":[1272539],"product_brand":[1272542],"product_cat":[783873,783867,783866],"product_tag":[],"class_list":{"0":"post-450359","1":"product","2":"type-product","3":"status-publish","4":"has-post-thumbnail","6":"store-computersalg","7":"product_brand-xiaomi","8":"product_cat-alle-mobiltelefoner","9":"product_cat-mobiltelefoner","10":"product_cat-telefoni-gps","11":"pa_maerke-xiaomi","13":"first","14":"instock","15":"product-type-external"},"_links":{"self":[{"href":"https:\/\/www.pricetornado.com\/da\/wp-json\/wp\/v2\/product\/450359","targetHints":{"allow":["GET"]}}],"collection":[{"href":"https:\/\/www.pricetornado.com\/da\/wp-json\/wp\/v2\/product"}],"about":[{"href":"https:\/\/www.pricetornado.com\/da\/wp-json\/wp\/v2\/types\/product"}],"wp:featuredmedia":[{"embeddable":true,"href":"https:\/\/www.pricetornado.com\/da\/wp-json\/"}],"wp:attachment":[{"href":"https:\/\/www.pricetornado.com\/da\/wp-json\/wp\/v2\/media?parent=450359"}],"wp:term":[{"taxonomy":"store","embeddable":true,"href":"https:\/\/www.pricetornado.com\/da\/wp-json\/wp\/v2\/store?post=450359"},{"taxonomy":"product_brand","embeddable":true,"href":"https:\/\/www.pricetornado.com\/da\/wp-json\/wp\/v2\/product_brand?post=450359"},{"taxonomy":"product_cat","embeddable":true,"href":"https:\/\/www.pricetornado.com\/da\/wp-json\/wp\/v2\/product_cat?post=450359"},{"taxonomy":"product_tag","embeddable":true,"href":"https:\/\/www.pricetornado.com\/da\/wp-json\/wp\/v2\/product_tag?post=450359"}],"curies":[{"name":"wp","href":"https:\/\/api.w.org\/{rel}","templated":true}]}}