{"id":450354,"date":"2026-05-14T00:18:22","date_gmt":"2026-05-13T22:18:22","guid":{"rendered":"https:\/\/www.pricetornado.com\/da\/produkt\/ulefone-armor-34-pro-5g-plus-176-cm-6-95-16-gb-512-gb-50-mp-android-15-sort\/"},"modified":"2026-05-17T00:40:19","modified_gmt":"2026-05-16T22:40:19","slug":"ulefone-armor-34-pro-5g-plus-176-cm-6-95-16-gb-512-gb-50-mp-android-15-sort","status":"publish","type":"product","link":"https:\/\/www.pricetornado.com\/da\/produkt\/ulefone-armor-34-pro-5g-plus-176-cm-6-95-16-gb-512-gb-50-mp-android-15-sort\/","title":{"rendered":"Ulefone Armor 34 Pro 5G Plus, 17,6 cm (6.95), 16 GB, 512 GB, 50 MP, Android 15, Sort"},"content":{"rendered":"<p>K\u00f8b billig Ulefone Armor 34 Pro 5G Plus, 17,6 cm (6.95), 16 GB, 512 GB, 50 MP, Android 15, Sort!<\/p>\n<p>Sammenlign priser p\u00e5 Ulefone Armor 34 Pro 5G Plus, 17,6 cm (6.95), 16 GB, 512 GB, 50 MP, Android 15, Sort og k\u00f8b online til den billigste pris, samt p\u00e5 tilbud!\u00a0\u00a0Tjek den bedste pris, produkt beskrivelse, video, test, anmeldelser osv.<\/p>\n<p><strong>Brand: <\/strong>Ulefone<br \/>\n<strong>EAN: <\/strong>6975326661034<br \/>\n<strong>Producentens varenr.:<\/strong> 34PRO PLUS<\/p>\n<p><strong>P.S.<\/strong><br \/>\nTilmeld dig til &#8220;Opret Gratis Prisfald Alarm&#8221;, og bliv underrettet med det samme om prisfald p\u00e5 Ulefone Armor 34 Pro 5G Plus, 17,6 cm (6.95), 16 GB, 512 GB, 50 MP, Android 15, Sort, og f\u00e5 den billigste pris!<\/p>\n<p>&nbsp;<\/p>\n","protected":false},"excerpt":{"rendered":"<p>K\u00f8b billig Ulefone Armor 34 Pro 5G Plus, 17,6 cm (6.95), 16 GB, 512 GB, 50 MP, Android 15, Sort! Sammenlign priser p\u00e5 Ulefone Armor 34 Pro 5G Plus, 17,6 cm (6.95), 16 GB, 512 GB, 50 MP, Android 15, Sort og k\u00f8b online til den billigste pris, samt p\u00e5 tilbud!\u00a0\u00a0Tjek den bedste pris, produkt [&hellip;]<\/p>\n","protected":false},"featured_media":999980000004503540,"template":"","meta":[],"store":[1272539],"product_brand":[1272645],"product_cat":[783870,783867,783866],"product_tag":[],"class_list":{"0":"post-450354","1":"product","2":"type-product","3":"status-publish","4":"has-post-thumbnail","6":"store-computersalg","7":"product_brand-ulefone","8":"product_cat-android","9":"product_cat-mobiltelefoner","10":"product_cat-telefoni-gps","11":"pa_maerke-ulefone","13":"first","14":"instock","15":"product-type-external"},"_links":{"self":[{"href":"https:\/\/www.pricetornado.com\/da\/wp-json\/wp\/v2\/product\/450354","targetHints":{"allow":["GET"]}}],"collection":[{"href":"https:\/\/www.pricetornado.com\/da\/wp-json\/wp\/v2\/product"}],"about":[{"href":"https:\/\/www.pricetornado.com\/da\/wp-json\/wp\/v2\/types\/product"}],"wp:featuredmedia":[{"embeddable":true,"href":"https:\/\/www.pricetornado.com\/da\/wp-json\/"}],"wp:attachment":[{"href":"https:\/\/www.pricetornado.com\/da\/wp-json\/wp\/v2\/media?parent=450354"}],"wp:term":[{"taxonomy":"store","embeddable":true,"href":"https:\/\/www.pricetornado.com\/da\/wp-json\/wp\/v2\/store?post=450354"},{"taxonomy":"product_brand","embeddable":true,"href":"https:\/\/www.pricetornado.com\/da\/wp-json\/wp\/v2\/product_brand?post=450354"},{"taxonomy":"product_cat","embeddable":true,"href":"https:\/\/www.pricetornado.com\/da\/wp-json\/wp\/v2\/product_cat?post=450354"},{"taxonomy":"product_tag","embeddable":true,"href":"https:\/\/www.pricetornado.com\/da\/wp-json\/wp\/v2\/product_tag?post=450354"}],"curies":[{"name":"wp","href":"https:\/\/api.w.org\/{rel}","templated":true}]}}