{"id":450347,"date":"2026-05-07T00:18:16","date_gmt":"2026-05-06T22:18:16","guid":{"rendered":"https:\/\/www.pricetornado.com\/da\/produkt\/samsung-galaxy-s25-fe-128-gb-jetblack\/"},"modified":"2026-05-09T00:30:42","modified_gmt":"2026-05-08T22:30:42","slug":"samsung-galaxy-s25-fe-128-gb-jetblack","status":"publish","type":"product","link":"https:\/\/www.pricetornado.com\/da\/produkt\/samsung-galaxy-s25-fe-128-gb-jetblack\/","title":{"rendered":"Samsung | Galaxy S25 FE &#8211; 128 GB | Jetblack"},"content":{"rendered":"<p>K\u00f8b billig Samsung | Galaxy S25 FE &#8211; 128 GB | Jetblack!<\/p>\n<p>Sammenlign priser p\u00e5 Samsung | Galaxy S25 FE &#8211; 128 GB | Jetblack og k\u00f8b online til den billigste pris, samt p\u00e5 tilbud!\u00a0\u00a0Tjek den bedste pris, produkt beskrivelse, video, test, anmeldelser osv.<\/p>\n<p><strong>Brand: <\/strong>Samsung<br \/>\n<strong>EAN: <\/strong>8806097644729<br \/>\n<strong>Producentens varenr.:<\/strong> SM-S731BZKDEUB<\/p>\n<p><strong>P.S.<\/strong><br \/>\nTilmeld dig til &#8220;Opret Gratis Prisfald Alarm&#8221;, og bliv underrettet med det samme om prisfald p\u00e5 Samsung | Galaxy S25 FE &#8211; 128 GB | Jetblack, og f\u00e5 den billigste pris!<\/p>\n<p>&nbsp;<\/p>\n","protected":false},"excerpt":{"rendered":"<p>K\u00f8b billig Samsung | Galaxy S25 FE &#8211; 128 GB | Jetblack! Sammenlign priser p\u00e5 Samsung | Galaxy S25 FE &#8211; 128 GB | Jetblack og k\u00f8b online til den billigste pris, samt p\u00e5 tilbud!\u00a0\u00a0Tjek den bedste pris, produkt beskrivelse, video, test, anmeldelser osv. Brand: Samsung EAN: 8806097644729 Producentens varenr.: SM-S731BZKDEUB P.S. Tilmeld dig til [&hellip;]<\/p>\n","protected":false},"featured_media":999980000004503470,"template":"","meta":[],"store":[1272539],"product_brand":[1272544],"product_cat":[783867,783869,783866],"product_tag":[],"class_list":{"0":"post-450347","1":"product","2":"type-product","3":"status-publish","4":"has-post-thumbnail","6":"store-computersalg","7":"product_brand-samsung","8":"product_cat-mobiltelefoner","9":"product_cat-samsung-galaxy","10":"product_cat-telefoni-gps","11":"pa_maerke-samsung","13":"first","14":"instock","15":"product-type-external"},"_links":{"self":[{"href":"https:\/\/www.pricetornado.com\/da\/wp-json\/wp\/v2\/product\/450347","targetHints":{"allow":["GET"]}}],"collection":[{"href":"https:\/\/www.pricetornado.com\/da\/wp-json\/wp\/v2\/product"}],"about":[{"href":"https:\/\/www.pricetornado.com\/da\/wp-json\/wp\/v2\/types\/product"}],"wp:featuredmedia":[{"embeddable":true,"href":"https:\/\/www.pricetornado.com\/da\/wp-json\/"}],"wp:attachment":[{"href":"https:\/\/www.pricetornado.com\/da\/wp-json\/wp\/v2\/media?parent=450347"}],"wp:term":[{"taxonomy":"store","embeddable":true,"href":"https:\/\/www.pricetornado.com\/da\/wp-json\/wp\/v2\/store?post=450347"},{"taxonomy":"product_brand","embeddable":true,"href":"https:\/\/www.pricetornado.com\/da\/wp-json\/wp\/v2\/product_brand?post=450347"},{"taxonomy":"product_cat","embeddable":true,"href":"https:\/\/www.pricetornado.com\/da\/wp-json\/wp\/v2\/product_cat?post=450347"},{"taxonomy":"product_tag","embeddable":true,"href":"https:\/\/www.pricetornado.com\/da\/wp-json\/wp\/v2\/product_tag?post=450347"}],"curies":[{"name":"wp","href":"https:\/\/api.w.org\/{rel}","templated":true}]}}