{"id":450322,"date":"2026-05-07T00:11:19","date_gmt":"2026-05-06T22:11:19","guid":{"rendered":"https:\/\/www.pricetornado.com\/da\/produkt\/joyroom-smartwatch-jr-fc2-pro-brun-jyr1111\/"},"modified":"2026-05-15T01:10:40","modified_gmt":"2026-05-14T23:10:40","slug":"joyroom-smartwatch-jr-fc2-pro-brun-jyr1111","status":"publish","type":"product","link":"https:\/\/www.pricetornado.com\/da\/produkt\/joyroom-smartwatch-jr-fc2-pro-brun-jyr1111\/","title":{"rendered":"Joyroom Smartwatch JR-FC2 Pro brun (JYR1111)"},"content":{"rendered":"<p>K\u00f8b billig Joyroom Smartwatch JR-FC2 Pro brun (JYR1111)!<\/p>\n<p>Sammenlign priser p\u00e5 Joyroom Smartwatch JR-FC2 Pro brun (JYR1111) og k\u00f8b online til den billigste pris, samt p\u00e5 tilbud!\u00a0\u00a0Tjek den bedste pris, produkt beskrivelse, video, test, anmeldelser osv.<\/p>\n<p><strong>Brand: <\/strong>Joyroom<br \/>\n<strong>EAN: <\/strong>6956116723040<br \/>\n<strong>Producentens varenr.:<\/strong> JR-FC2 Pro Slvr<\/p>\n<p><strong>P.S.<\/strong><br \/>\nTilmeld dig til &#8220;Opret Gratis Prisfald Alarm&#8221;, og bliv underrettet med det samme om prisfald p\u00e5 Joyroom Smartwatch JR-FC2 Pro brun (JYR1111), og f\u00e5 den billigste pris!<\/p>\n<p>&nbsp;<\/p>\n","protected":false},"excerpt":{"rendered":"<p>K\u00f8b billig Joyroom Smartwatch JR-FC2 Pro brun (JYR1111)! Sammenlign priser p\u00e5 Joyroom Smartwatch JR-FC2 Pro brun (JYR1111) og k\u00f8b online til den billigste pris, samt p\u00e5 tilbud!\u00a0\u00a0Tjek den bedste pris, produkt beskrivelse, video, test, anmeldelser osv. Brand: Joyroom EAN: 6956116723040 Producentens varenr.: JR-FC2 Pro Slvr P.S. Tilmeld dig til &#8220;Opret Gratis Prisfald Alarm&#8221;, og bliv [&hellip;]<\/p>\n","protected":false},"featured_media":999980000004503220,"template":"","meta":[],"store":[1272539],"product_brand":[1275245],"product_cat":[783868,783867,783866],"product_tag":[],"class_list":{"0":"post-450322","1":"product","2":"type-product","3":"status-publish","4":"has-post-thumbnail","6":"store-computersalg","7":"product_brand-joyroom","8":"product_cat-apple-iphone","9":"product_cat-mobiltelefoner","10":"product_cat-telefoni-gps","11":"pa_maerke-joyroom","13":"first","14":"instock","15":"product-type-external"},"_links":{"self":[{"href":"https:\/\/www.pricetornado.com\/da\/wp-json\/wp\/v2\/product\/450322","targetHints":{"allow":["GET"]}}],"collection":[{"href":"https:\/\/www.pricetornado.com\/da\/wp-json\/wp\/v2\/product"}],"about":[{"href":"https:\/\/www.pricetornado.com\/da\/wp-json\/wp\/v2\/types\/product"}],"wp:featuredmedia":[{"embeddable":true,"href":"https:\/\/www.pricetornado.com\/da\/wp-json\/"}],"wp:attachment":[{"href":"https:\/\/www.pricetornado.com\/da\/wp-json\/wp\/v2\/media?parent=450322"}],"wp:term":[{"taxonomy":"store","embeddable":true,"href":"https:\/\/www.pricetornado.com\/da\/wp-json\/wp\/v2\/store?post=450322"},{"taxonomy":"product_brand","embeddable":true,"href":"https:\/\/www.pricetornado.com\/da\/wp-json\/wp\/v2\/product_brand?post=450322"},{"taxonomy":"product_cat","embeddable":true,"href":"https:\/\/www.pricetornado.com\/da\/wp-json\/wp\/v2\/product_cat?post=450322"},{"taxonomy":"product_tag","embeddable":true,"href":"https:\/\/www.pricetornado.com\/da\/wp-json\/wp\/v2\/product_tag?post=450322"}],"curies":[{"name":"wp","href":"https:\/\/api.w.org\/{rel}","templated":true}]}}