{"id":450302,"date":"2025-02-20T03:04:25","date_gmt":"2025-02-20T02:04:25","guid":{"rendered":"https:\/\/www.pricetornado.com\/da\/produkt\/imperial-s004864-adapter-12v-1a-dabman-30-s004864\/"},"modified":"2026-05-07T02:30:25","modified_gmt":"2026-05-07T00:30:25","slug":"imperial-s004864-adapter-12v-1a-dabman-30-s004864","status":"publish","type":"product","link":"https:\/\/www.pricetornado.com\/da\/produkt\/imperial-s004864-adapter-12v-1a-dabman-30-s004864\/","title":{"rendered":"Imperial &#8211; S004864 &#8211; Adapter 12V 1A DABMAN 30 &#8211; S004864"},"content":{"rendered":"<p>K\u00f8b billig Imperial &#8211; S004864 &#8211; Adapter 12V 1A DABMAN 30 &#8211; S004864!<\/p>\n<p>Sammenlign priser p\u00e5 Imperial &#8211; S004864 &#8211; Adapter 12V 1A DABMAN 30 &#8211; S004864 og k\u00f8b online til den billigste pris, samt p\u00e5 tilbud!\u00a0\u00a0Tjek den bedste pris, produkt beskrivelse, video, test, anmeldelser osv.<\/p>\n<p><strong>Brand: <\/strong>Imperial<br \/>\n<strong>EAN: <\/strong>8711902103912<br \/>\n<strong>Producentens varenr.:<\/strong> 8711902103912<\/p>\n<p><strong>P.S.<\/strong><br \/>\nTilmeld dig til &#8220;Opret Gratis Prisfald Alarm&#8221;, og bliv underrettet med det samme om prisfald p\u00e5 Imperial &#8211; S004864 &#8211; Adapter 12V 1A DABMAN 30 &#8211; S004864, og f\u00e5 den billigste pris!<\/p>\n<p>&nbsp;<\/p>\n<p>&nbsp;<\/p>\n","protected":false},"excerpt":{"rendered":"<p>K\u00f8b billig Imperial &#8211; S004864 &#8211; Adapter 12V 1A DABMAN 30 &#8211; S004864! Sammenlign priser p\u00e5 Imperial &#8211; S004864 &#8211; Adapter 12V 1A DABMAN 30 &#8211; S004864 og k\u00f8b online til den billigste pris, samt p\u00e5 tilbud!\u00a0\u00a0Tjek den bedste pris, produkt beskrivelse, video, test, anmeldelser osv. Brand: Imperial EAN: 8711902103912 Producentens varenr.: 8711902103912 P.S. Tilmeld [&hellip;]<\/p>\n","protected":false},"featured_media":999980000004503020,"template":"","meta":[],"store":[1272516],"product_brand":[1272525],"product_cat":[1272436],"product_tag":[1275182,1272965],"class_list":{"0":"post-450302","1":"product","2":"type-product","3":"status-publish","4":"has-post-thumbnail","6":"store-butik24","7":"product_brand-imperial","8":"product_cat-stroemforsyning","9":"product_tag-imperial","10":"product_tag-stroemforsyning","11":"pa_maerke-imperial","13":"first","14":"instock","15":"product-type-external"},"_links":{"self":[{"href":"https:\/\/www.pricetornado.com\/da\/wp-json\/wp\/v2\/product\/450302","targetHints":{"allow":["GET"]}}],"collection":[{"href":"https:\/\/www.pricetornado.com\/da\/wp-json\/wp\/v2\/product"}],"about":[{"href":"https:\/\/www.pricetornado.com\/da\/wp-json\/wp\/v2\/types\/product"}],"wp:featuredmedia":[{"embeddable":true,"href":"https:\/\/www.pricetornado.com\/da\/wp-json\/"}],"wp:attachment":[{"href":"https:\/\/www.pricetornado.com\/da\/wp-json\/wp\/v2\/media?parent=450302"}],"wp:term":[{"taxonomy":"store","embeddable":true,"href":"https:\/\/www.pricetornado.com\/da\/wp-json\/wp\/v2\/store?post=450302"},{"taxonomy":"product_brand","embeddable":true,"href":"https:\/\/www.pricetornado.com\/da\/wp-json\/wp\/v2\/product_brand?post=450302"},{"taxonomy":"product_cat","embeddable":true,"href":"https:\/\/www.pricetornado.com\/da\/wp-json\/wp\/v2\/product_cat?post=450302"},{"taxonomy":"product_tag","embeddable":true,"href":"https:\/\/www.pricetornado.com\/da\/wp-json\/wp\/v2\/product_tag?post=450302"}],"curies":[{"name":"wp","href":"https:\/\/api.w.org\/{rel}","templated":true}]}}