{"id":450274,"date":"2026-04-30T00:16:11","date_gmt":"2026-04-29T22:16:11","guid":{"rendered":"https:\/\/www.pricetornado.com\/da\/produkt\/motorola-edge-50-fusion-5g-smartphone-dual-sim-ram-12-gb-intern-hukommelse-256-gb-poled-display-6-7-2400-x-1080-pixels-144-hz-2x-bagkameraer-50-mp-13-mp-front-camera-32-mp-skovb\/"},"modified":"2026-05-01T00:20:23","modified_gmt":"2026-04-30T22:20:23","slug":"motorola-edge-50-fusion-5g-smartphone-dual-sim-ram-12-gb-intern-hukommelse-256-gb-poled-display-6-7-2400-x-1080-pixels-144-hz-2x-bagkameraer-50-mp-13-mp-front-camera-32-mp-skovb","status":"publish","type":"product","link":"https:\/\/www.pricetornado.com\/da\/produkt\/motorola-edge-50-fusion-5g-smartphone-dual-sim-ram-12-gb-intern-hukommelse-256-gb-poled-display-6-7-2400-x-1080-pixels-144-hz-2x-bagkameraer-50-mp-13-mp-front-camera-32-mp-skovb\/","title":{"rendered":"Motorola Edge 50 Fusion &#8211; 5G smartphone &#8211; dual-SIM &#8211; RAM 12 GB \/ Intern hukommelse 256 GB &#8211; pOLED display &#8211; 6.7 &#8211; 2400 x 1080 pixels (144 Hz) &#8211; 2x bagkameraer 50 MP, 13 MP &#8211; front camera 32 MP &#8211; skovbl\u00e5"},"content":{"rendered":"<p>K\u00f8b billig Motorola Edge 50 Fusion &#8211; 5G smartphone &#8211; dual-SIM &#8211; RAM 12 GB \/ Intern hukommelse 256 GB &#8211; pOLED display &#8211; 6.7 &#8211; 2400 x 1080 pixels (144 Hz) &#8211; 2x bagkameraer 50 MP, 13 MP &#8211; front camera 32 MP &#8211; skovbl\u00e5!<\/p>\n<p>Sammenlign priser p\u00e5 Motorola Edge 50 Fusion &#8211; 5G smartphone &#8211; dual-SIM &#8211; RAM 12 GB \/ Intern hukommelse 256 GB &#8211; pOLED display &#8211; 6.7 &#8211; 2400 x 1080 pixels (144 Hz) &#8211; 2x bagkameraer 50 MP, 13 MP &#8211; front camera 32 MP &#8211; skovbl\u00e5 og k\u00f8b online til den billigste pris, samt p\u00e5 tilbud!\u00a0\u00a0Tjek den bedste pris, produkt beskrivelse, video, test, anmeldelser osv.<\/p>\n<p><strong>Brand: <\/strong>Motorola<br \/>\n<strong>EAN: <\/strong>0840023271298<br \/>\n<strong>Producentens varenr.:<\/strong> PB3T0030SE<\/p>\n<p><strong>P.S.<\/strong><br \/>\nTilmeld dig til &#8220;Opret Gratis Prisfald Alarm&#8221;, og bliv underrettet med det samme om prisfald p\u00e5 Motorola Edge 50 Fusion &#8211; 5G smartphone &#8211; dual-SIM &#8211; RAM 12 GB \/ Intern hukommelse 256 GB &#8211; pOLED display &#8211; 6.7 &#8211; 2400 x 1080 pixels (144 Hz) &#8211; 2x bagkameraer 50 MP, 13 MP &#8211; front camera 32 MP &#8211; skovbl\u00e5, og f\u00e5 den billigste pris!<\/p>\n<p>&nbsp;<\/p>\n","protected":false},"excerpt":{"rendered":"<p>K\u00f8b billig Motorola Edge 50 Fusion &#8211; 5G smartphone &#8211; dual-SIM &#8211; RAM 12 GB \/ Intern hukommelse 256 GB &#8211; pOLED display &#8211; 6.7 &#8211; 2400 x 1080 pixels (144 Hz) &#8211; 2x bagkameraer 50 MP, 13 MP &#8211; front camera 32 MP &#8211; skovbl\u00e5! Sammenlign priser p\u00e5 Motorola Edge 50 Fusion &#8211; 5G [&hellip;]<\/p>\n","protected":false},"featured_media":999980000004502740,"template":"","meta":[],"store":[1272539],"product_brand":[1272545],"product_cat":[783870,783867,783866],"product_tag":[],"class_list":{"0":"post-450274","1":"product","2":"type-product","3":"status-publish","4":"has-post-thumbnail","6":"store-computersalg","7":"product_brand-motorola","8":"product_cat-android","9":"product_cat-mobiltelefoner","10":"product_cat-telefoni-gps","11":"pa_maerke-motorola","13":"first","14":"instock","15":"product-type-external"},"_links":{"self":[{"href":"https:\/\/www.pricetornado.com\/da\/wp-json\/wp\/v2\/product\/450274","targetHints":{"allow":["GET"]}}],"collection":[{"href":"https:\/\/www.pricetornado.com\/da\/wp-json\/wp\/v2\/product"}],"about":[{"href":"https:\/\/www.pricetornado.com\/da\/wp-json\/wp\/v2\/types\/product"}],"wp:featuredmedia":[{"embeddable":true,"href":"https:\/\/www.pricetornado.com\/da\/wp-json\/"}],"wp:attachment":[{"href":"https:\/\/www.pricetornado.com\/da\/wp-json\/wp\/v2\/media?parent=450274"}],"wp:term":[{"taxonomy":"store","embeddable":true,"href":"https:\/\/www.pricetornado.com\/da\/wp-json\/wp\/v2\/store?post=450274"},{"taxonomy":"product_brand","embeddable":true,"href":"https:\/\/www.pricetornado.com\/da\/wp-json\/wp\/v2\/product_brand?post=450274"},{"taxonomy":"product_cat","embeddable":true,"href":"https:\/\/www.pricetornado.com\/da\/wp-json\/wp\/v2\/product_cat?post=450274"},{"taxonomy":"product_tag","embeddable":true,"href":"https:\/\/www.pricetornado.com\/da\/wp-json\/wp\/v2\/product_tag?post=450274"}],"curies":[{"name":"wp","href":"https:\/\/api.w.org\/{rel}","templated":true}]}}