{"id":450271,"date":"2026-04-30T00:15:18","date_gmt":"2026-04-29T22:15:18","guid":{"rendered":"https:\/\/www.pricetornado.com\/da\/produkt\/xiaomi-redmi-note-15-4g-smartphone-dual-sim-ram-8-gb-intern-hukommelse-256-gb-microsd-slot-oled-skaerm-6-77-2392-x-1080-pixels-120-hz-2x-bagkameraer-108-mp-2-mp-front-camera-20\/"},"modified":"2026-04-30T00:15:59","modified_gmt":"2026-04-29T22:15:59","slug":"xiaomi-redmi-note-15-4g-smartphone-dual-sim-ram-8-gb-intern-hukommelse-256-gb-microsd-slot-oled-skaerm-6-77-2392-x-1080-pixels-120-hz-2x-bagkameraer-108-mp-2-mp-front-camera-20","status":"publish","type":"product","link":"https:\/\/www.pricetornado.com\/da\/produkt\/xiaomi-redmi-note-15-4g-smartphone-dual-sim-ram-8-gb-intern-hukommelse-256-gb-microsd-slot-oled-skaerm-6-77-2392-x-1080-pixels-120-hz-2x-bagkameraer-108-mp-2-mp-front-camera-20\/","title":{"rendered":"Xiaomi Redmi Note 15 &#8211; 4G smartphone &#8211; dual-SIM &#8211; RAM 8 GB \/ Intern hukommelse 256 GB &#8211; microSD slot &#8211; OLED-sk\u00e6rm &#8211; 6.77 &#8211; 2392 x 1080 pixels (120 Hz) &#8211; 2x bagkameraer 108 MP, 2 MP &#8211; front camera 20 MP &#8211; skovgr\u00f8n"},"content":{"rendered":"<p>K\u00f8b billig Xiaomi Redmi Note 15 &#8211; 4G smartphone &#8211; dual-SIM &#8211; RAM 8 GB \/ Intern hukommelse 256 GB &#8211; microSD slot &#8211; OLED-sk\u00e6rm &#8211; 6.77 &#8211; 2392 x 1080 pixels (120 Hz) &#8211; 2x bagkameraer 108 MP, 2 MP &#8211; front camera 20 MP &#8211; skovgr\u00f8n!<\/p>\n<p>Sammenlign priser p\u00e5 Xiaomi Redmi Note 15 &#8211; 4G smartphone &#8211; dual-SIM &#8211; RAM 8 GB \/ Intern hukommelse 256 GB &#8211; microSD slot &#8211; OLED-sk\u00e6rm &#8211; 6.77 &#8211; 2392 x 1080 pixels (120 Hz) &#8211; 2x bagkameraer 108 MP, 2 MP &#8211; front camera 20 MP &#8211; skovgr\u00f8n og k\u00f8b online til den billigste pris, samt p\u00e5 tilbud!\u00a0\u00a0Tjek den bedste pris, produkt beskrivelse, video, test, anmeldelser osv.<\/p>\n<p><strong>Brand: <\/strong>Xiaomi<br \/>\n<strong>EAN: <\/strong>6932554482398<br \/>\n<strong>Producentens varenr.:<\/strong> 6932554482398<\/p>\n<p><strong>P.S.<\/strong><br \/>\nTilmeld dig til &#8220;Opret Gratis Prisfald Alarm&#8221;, og bliv underrettet med det samme om prisfald p\u00e5 Xiaomi Redmi Note 15 &#8211; 4G smartphone &#8211; dual-SIM &#8211; RAM 8 GB \/ Intern hukommelse 256 GB &#8211; microSD slot &#8211; OLED-sk\u00e6rm &#8211; 6.77 &#8211; 2392 x 1080 pixels (120 Hz) &#8211; 2x bagkameraer 108 MP, 2 MP &#8211; front camera 20 MP &#8211; skovgr\u00f8n, og f\u00e5 den billigste pris!<\/p>\n<p>&nbsp;<\/p>\n","protected":false},"excerpt":{"rendered":"<p>K\u00f8b billig Xiaomi Redmi Note 15 &#8211; 4G smartphone &#8211; dual-SIM &#8211; RAM 8 GB \/ Intern hukommelse 256 GB &#8211; microSD slot &#8211; OLED-sk\u00e6rm &#8211; 6.77 &#8211; 2392 x 1080 pixels (120 Hz) &#8211; 2x bagkameraer 108 MP, 2 MP &#8211; front camera 20 MP &#8211; skovgr\u00f8n! Sammenlign priser p\u00e5 Xiaomi Redmi Note 15 [&hellip;]<\/p>\n","protected":false},"featured_media":999980000004502710,"template":"","meta":[],"store":[1272539],"product_brand":[1272542],"product_cat":[783873,783867,783866],"product_tag":[],"class_list":{"0":"post-450271","1":"product","2":"type-product","3":"status-publish","4":"has-post-thumbnail","6":"store-computersalg","7":"product_brand-xiaomi","8":"product_cat-alle-mobiltelefoner","9":"product_cat-mobiltelefoner","10":"product_cat-telefoni-gps","11":"pa_maerke-xiaomi","13":"first","14":"instock","15":"product-type-external"},"_links":{"self":[{"href":"https:\/\/www.pricetornado.com\/da\/wp-json\/wp\/v2\/product\/450271","targetHints":{"allow":["GET"]}}],"collection":[{"href":"https:\/\/www.pricetornado.com\/da\/wp-json\/wp\/v2\/product"}],"about":[{"href":"https:\/\/www.pricetornado.com\/da\/wp-json\/wp\/v2\/types\/product"}],"wp:featuredmedia":[{"embeddable":true,"href":"https:\/\/www.pricetornado.com\/da\/wp-json\/"}],"wp:attachment":[{"href":"https:\/\/www.pricetornado.com\/da\/wp-json\/wp\/v2\/media?parent=450271"}],"wp:term":[{"taxonomy":"store","embeddable":true,"href":"https:\/\/www.pricetornado.com\/da\/wp-json\/wp\/v2\/store?post=450271"},{"taxonomy":"product_brand","embeddable":true,"href":"https:\/\/www.pricetornado.com\/da\/wp-json\/wp\/v2\/product_brand?post=450271"},{"taxonomy":"product_cat","embeddable":true,"href":"https:\/\/www.pricetornado.com\/da\/wp-json\/wp\/v2\/product_cat?post=450271"},{"taxonomy":"product_tag","embeddable":true,"href":"https:\/\/www.pricetornado.com\/da\/wp-json\/wp\/v2\/product_tag?post=450271"}],"curies":[{"name":"wp","href":"https:\/\/api.w.org\/{rel}","templated":true}]}}