{"id":450265,"date":"2026-04-30T00:14:12","date_gmt":"2026-04-29T22:14:12","guid":{"rendered":"https:\/\/www.pricetornado.com\/da\/produkt\/xiaomi-15t-pro-12gb-256gb-graa\/"},"modified":"2026-05-01T00:20:19","modified_gmt":"2026-04-30T22:20:19","slug":"xiaomi-15t-pro-12gb-256gb-graa","status":"publish","type":"product","link":"https:\/\/www.pricetornado.com\/da\/produkt\/xiaomi-15t-pro-12gb-256gb-graa\/","title":{"rendered":"Xiaomi 15T Pro 12GB\/256GB, gr\u00e5"},"content":{"rendered":"<p>K\u00f8b billig Xiaomi 15T Pro 12GB\/256GB, gr\u00e5!<\/p>\n<p>Sammenlign priser p\u00e5 Xiaomi 15T Pro 12GB\/256GB, gr\u00e5 og k\u00f8b online til den billigste pris, samt p\u00e5 tilbud!\u00a0\u00a0Tjek den bedste pris, produkt beskrivelse, video, test, anmeldelser osv.<\/p>\n<p><strong>Brand: <\/strong>Xiaomi<br \/>\n<strong>EAN: <\/strong>6932554447489<br \/>\n<strong>Producentens varenr.:<\/strong> 68014<\/p>\n<p><strong>P.S.<\/strong><br \/>\nTilmeld dig til &#8220;Opret Gratis Prisfald Alarm&#8221;, og bliv underrettet med det samme om prisfald p\u00e5 Xiaomi 15T Pro 12GB\/256GB, gr\u00e5, og f\u00e5 den billigste pris!<\/p>\n<p>&nbsp;<\/p>\n","protected":false},"excerpt":{"rendered":"<p>K\u00f8b billig Xiaomi 15T Pro 12GB\/256GB, gr\u00e5! Sammenlign priser p\u00e5 Xiaomi 15T Pro 12GB\/256GB, gr\u00e5 og k\u00f8b online til den billigste pris, samt p\u00e5 tilbud!\u00a0\u00a0Tjek den bedste pris, produkt beskrivelse, video, test, anmeldelser osv. Brand: Xiaomi EAN: 6932554447489 Producentens varenr.: 68014 P.S. Tilmeld dig til &#8220;Opret Gratis Prisfald Alarm&#8221;, og bliv underrettet med det samme [&hellip;]<\/p>\n","protected":false},"featured_media":999980000004502650,"template":"","meta":[],"store":[1272539],"product_brand":[1272542],"product_cat":[783873,783867,783866],"product_tag":[],"class_list":{"0":"post-450265","1":"product","2":"type-product","3":"status-publish","4":"has-post-thumbnail","6":"store-computersalg","7":"product_brand-xiaomi","8":"product_cat-alle-mobiltelefoner","9":"product_cat-mobiltelefoner","10":"product_cat-telefoni-gps","11":"pa_maerke-xiaomi","13":"first","14":"instock","15":"product-type-external"},"_links":{"self":[{"href":"https:\/\/www.pricetornado.com\/da\/wp-json\/wp\/v2\/product\/450265","targetHints":{"allow":["GET"]}}],"collection":[{"href":"https:\/\/www.pricetornado.com\/da\/wp-json\/wp\/v2\/product"}],"about":[{"href":"https:\/\/www.pricetornado.com\/da\/wp-json\/wp\/v2\/types\/product"}],"wp:featuredmedia":[{"embeddable":true,"href":"https:\/\/www.pricetornado.com\/da\/wp-json\/"}],"wp:attachment":[{"href":"https:\/\/www.pricetornado.com\/da\/wp-json\/wp\/v2\/media?parent=450265"}],"wp:term":[{"taxonomy":"store","embeddable":true,"href":"https:\/\/www.pricetornado.com\/da\/wp-json\/wp\/v2\/store?post=450265"},{"taxonomy":"product_brand","embeddable":true,"href":"https:\/\/www.pricetornado.com\/da\/wp-json\/wp\/v2\/product_brand?post=450265"},{"taxonomy":"product_cat","embeddable":true,"href":"https:\/\/www.pricetornado.com\/da\/wp-json\/wp\/v2\/product_cat?post=450265"},{"taxonomy":"product_tag","embeddable":true,"href":"https:\/\/www.pricetornado.com\/da\/wp-json\/wp\/v2\/product_tag?post=450265"}],"curies":[{"name":"wp","href":"https:\/\/api.w.org\/{rel}","templated":true}]}}