{"id":450262,"date":"2026-04-30T00:14:12","date_gmt":"2026-04-29T22:14:12","guid":{"rendered":"https:\/\/www.pricetornado.com\/da\/produkt\/oneplus-nord-5-174-cm-6-83-12-gb-512-gb-50-mp-android-15-marmor-farve-2\/"},"modified":"2026-04-30T00:14:22","modified_gmt":"2026-04-29T22:14:22","slug":"oneplus-nord-5-174-cm-6-83-12-gb-512-gb-50-mp-android-15-marmor-farve-2","status":"publish","type":"product","link":"https:\/\/www.pricetornado.com\/da\/produkt\/oneplus-nord-5-174-cm-6-83-12-gb-512-gb-50-mp-android-15-marmor-farve-2\/","title":{"rendered":"OnePlus Nord 5, 17,4 cm (6.83), 12 GB, 512 GB, 50 MP, Android 15, Marmor farve"},"content":{"rendered":"<p>K\u00f8b billig OnePlus Nord 5, 17,4 cm (6.83), 12 GB, 512 GB, 50 MP, Android 15, Marmor farve!<\/p>\n<p>Sammenlign priser p\u00e5 OnePlus Nord 5, 17,4 cm (6.83), 12 GB, 512 GB, 50 MP, Android 15, Marmor farve og k\u00f8b online til den billigste pris, samt p\u00e5 tilbud!\u00a0\u00a0Tjek den bedste pris, produkt beskrivelse, video, test, anmeldelser osv.<\/p>\n<p><strong>Brand: <\/strong>OnePlus<br \/>\n<strong>EAN: <\/strong>6921815629900<br \/>\n<strong>Producentens varenr.:<\/strong> 6921815629900<\/p>\n<p><strong>P.S.<\/strong><br \/>\nTilmeld dig til &#8220;Opret Gratis Prisfald Alarm&#8221;, og bliv underrettet med det samme om prisfald p\u00e5 OnePlus Nord 5, 17,4 cm (6.83), 12 GB, 512 GB, 50 MP, Android 15, Marmor farve, og f\u00e5 den billigste pris!<\/p>\n<p>&nbsp;<\/p>\n","protected":false},"excerpt":{"rendered":"<p>K\u00f8b billig OnePlus Nord 5, 17,4 cm (6.83), 12 GB, 512 GB, 50 MP, Android 15, Marmor farve! Sammenlign priser p\u00e5 OnePlus Nord 5, 17,4 cm (6.83), 12 GB, 512 GB, 50 MP, Android 15, Marmor farve og k\u00f8b online til den billigste pris, samt p\u00e5 tilbud!\u00a0\u00a0Tjek den bedste pris, produkt beskrivelse, video, test, anmeldelser [&hellip;]<\/p>\n","protected":false},"featured_media":999980000004502620,"template":"","meta":[],"store":[1272539],"product_brand":[1272554],"product_cat":[783870,783867,783866],"product_tag":[],"class_list":{"0":"post-450262","1":"product","2":"type-product","3":"status-publish","4":"has-post-thumbnail","6":"store-computersalg","7":"product_brand-oneplus","8":"product_cat-android","9":"product_cat-mobiltelefoner","10":"product_cat-telefoni-gps","11":"pa_maerke-oneplus","13":"first","14":"instock","15":"product-type-external"},"_links":{"self":[{"href":"https:\/\/www.pricetornado.com\/da\/wp-json\/wp\/v2\/product\/450262","targetHints":{"allow":["GET"]}}],"collection":[{"href":"https:\/\/www.pricetornado.com\/da\/wp-json\/wp\/v2\/product"}],"about":[{"href":"https:\/\/www.pricetornado.com\/da\/wp-json\/wp\/v2\/types\/product"}],"wp:featuredmedia":[{"embeddable":true,"href":"https:\/\/www.pricetornado.com\/da\/wp-json\/"}],"wp:attachment":[{"href":"https:\/\/www.pricetornado.com\/da\/wp-json\/wp\/v2\/media?parent=450262"}],"wp:term":[{"taxonomy":"store","embeddable":true,"href":"https:\/\/www.pricetornado.com\/da\/wp-json\/wp\/v2\/store?post=450262"},{"taxonomy":"product_brand","embeddable":true,"href":"https:\/\/www.pricetornado.com\/da\/wp-json\/wp\/v2\/product_brand?post=450262"},{"taxonomy":"product_cat","embeddable":true,"href":"https:\/\/www.pricetornado.com\/da\/wp-json\/wp\/v2\/product_cat?post=450262"},{"taxonomy":"product_tag","embeddable":true,"href":"https:\/\/www.pricetornado.com\/da\/wp-json\/wp\/v2\/product_tag?post=450262"}],"curies":[{"name":"wp","href":"https:\/\/api.w.org\/{rel}","templated":true}]}}