{"id":450260,"date":"2026-04-30T00:12:56","date_gmt":"2026-04-29T22:12:56","guid":{"rendered":"https:\/\/www.pricetornado.com\/da\/produkt\/motorola-moto-g05-4g-smartphone-dual-sim-ram-4-gb-intern-hukommelse-128-gb-microsd-slot-lcd-skaerm-6-67-1604-x-720-pixels-90-hz-rear-camera-50-mp-front-camera-8-mp-denimblaa\/"},"modified":"2026-04-30T00:13:14","modified_gmt":"2026-04-29T22:13:14","slug":"motorola-moto-g05-4g-smartphone-dual-sim-ram-4-gb-intern-hukommelse-128-gb-microsd-slot-lcd-skaerm-6-67-1604-x-720-pixels-90-hz-rear-camera-50-mp-front-camera-8-mp-denimblaa","status":"publish","type":"product","link":"https:\/\/www.pricetornado.com\/da\/produkt\/motorola-moto-g05-4g-smartphone-dual-sim-ram-4-gb-intern-hukommelse-128-gb-microsd-slot-lcd-skaerm-6-67-1604-x-720-pixels-90-hz-rear-camera-50-mp-front-camera-8-mp-denimblaa\/","title":{"rendered":"Motorola Moto G05 &#8211; 4G smartphone &#8211; dual-SIM &#8211; RAM 4 GB \/ Intern hukommelse 128 GB &#8211; microSD slot &#8211; LCD-sk\u00e6rm &#8211; 6.67 &#8211; 1604 x 720 pixels (90 Hz) &#8211; rear camera 50 MP &#8211; front camera 8 MP &#8211; denimbl\u00e5"},"content":{"rendered":"<p>K\u00f8b billig Motorola Moto G05 &#8211; 4G smartphone &#8211; dual-SIM &#8211; RAM 4 GB \/ Intern hukommelse 128 GB &#8211; microSD slot &#8211; LCD-sk\u00e6rm &#8211; 6.67 &#8211; 1604 x 720 pixels (90 Hz) &#8211; rear camera 50 MP &#8211; front camera 8 MP &#8211; denimbl\u00e5!<\/p>\n<p>Sammenlign priser p\u00e5 Motorola Moto G05 &#8211; 4G smartphone &#8211; dual-SIM &#8211; RAM 4 GB \/ Intern hukommelse 128 GB &#8211; microSD slot &#8211; LCD-sk\u00e6rm &#8211; 6.67 &#8211; 1604 x 720 pixels (90 Hz) &#8211; rear camera 50 MP &#8211; front camera 8 MP &#8211; denimbl\u00e5 og k\u00f8b online til den billigste pris, samt p\u00e5 tilbud!\u00a0\u00a0Tjek den bedste pris, produkt beskrivelse, video, test, anmeldelser osv.<\/p>\n<p><strong>Brand: <\/strong>Motorola<br \/>\n<strong>EAN: <\/strong>0840493602134<br \/>\n<strong>Producentens varenr.:<\/strong> PBA10007ES<\/p>\n<p><strong>P.S.<\/strong><br \/>\nTilmeld dig til &#8220;Opret Gratis Prisfald Alarm&#8221;, og bliv underrettet med det samme om prisfald p\u00e5 Motorola Moto G05 &#8211; 4G smartphone &#8211; dual-SIM &#8211; RAM 4 GB \/ Intern hukommelse 128 GB &#8211; microSD slot &#8211; LCD-sk\u00e6rm &#8211; 6.67 &#8211; 1604 x 720 pixels (90 Hz) &#8211; rear camera 50 MP &#8211; front camera 8 MP &#8211; denimbl\u00e5, og f\u00e5 den billigste pris!<\/p>\n<p>&nbsp;<\/p>\n","protected":false},"excerpt":{"rendered":"<p>K\u00f8b billig Motorola Moto G05 &#8211; 4G smartphone &#8211; dual-SIM &#8211; RAM 4 GB \/ Intern hukommelse 128 GB &#8211; microSD slot &#8211; LCD-sk\u00e6rm &#8211; 6.67 &#8211; 1604 x 720 pixels (90 Hz) &#8211; rear camera 50 MP &#8211; front camera 8 MP &#8211; denimbl\u00e5! Sammenlign priser p\u00e5 Motorola Moto G05 &#8211; 4G smartphone &#8211; [&hellip;]<\/p>\n","protected":false},"featured_media":999980000004502600,"template":"","meta":[],"store":[1272539],"product_brand":[1272545],"product_cat":[783870,783867,783866],"product_tag":[],"class_list":{"0":"post-450260","1":"product","2":"type-product","3":"status-publish","4":"has-post-thumbnail","6":"store-computersalg","7":"product_brand-motorola","8":"product_cat-android","9":"product_cat-mobiltelefoner","10":"product_cat-telefoni-gps","11":"pa_maerke-motorola","13":"first","14":"instock","15":"product-type-external"},"_links":{"self":[{"href":"https:\/\/www.pricetornado.com\/da\/wp-json\/wp\/v2\/product\/450260","targetHints":{"allow":["GET"]}}],"collection":[{"href":"https:\/\/www.pricetornado.com\/da\/wp-json\/wp\/v2\/product"}],"about":[{"href":"https:\/\/www.pricetornado.com\/da\/wp-json\/wp\/v2\/types\/product"}],"wp:featuredmedia":[{"embeddable":true,"href":"https:\/\/www.pricetornado.com\/da\/wp-json\/"}],"wp:attachment":[{"href":"https:\/\/www.pricetornado.com\/da\/wp-json\/wp\/v2\/media?parent=450260"}],"wp:term":[{"taxonomy":"store","embeddable":true,"href":"https:\/\/www.pricetornado.com\/da\/wp-json\/wp\/v2\/store?post=450260"},{"taxonomy":"product_brand","embeddable":true,"href":"https:\/\/www.pricetornado.com\/da\/wp-json\/wp\/v2\/product_brand?post=450260"},{"taxonomy":"product_cat","embeddable":true,"href":"https:\/\/www.pricetornado.com\/da\/wp-json\/wp\/v2\/product_cat?post=450260"},{"taxonomy":"product_tag","embeddable":true,"href":"https:\/\/www.pricetornado.com\/da\/wp-json\/wp\/v2\/product_tag?post=450260"}],"curies":[{"name":"wp","href":"https:\/\/api.w.org\/{rel}","templated":true}]}}