{"id":450239,"date":"2025-02-20T01:24:36","date_gmt":"2025-02-20T00:24:36","guid":{"rendered":"https:\/\/www.pricetornado.com\/da\/produkt\/nedis-kat-6-kabel-rj45-han-rj45-han-sf-utp-15-0-m-runde-pvc-graa-label-ccgl85220gy150\/"},"modified":"2026-04-29T02:59:57","modified_gmt":"2026-04-29T00:59:57","slug":"nedis-kat-6-kabel-rj45-han-rj45-han-sf-utp-15-0-m-runde-pvc-graa-label-ccgl85220gy150","status":"publish","type":"product","link":"https:\/\/www.pricetornado.com\/da\/produkt\/nedis-kat-6-kabel-rj45-han-rj45-han-sf-utp-15-0-m-runde-pvc-graa-label-ccgl85220gy150\/","title":{"rendered":"Nedis &#8211; Kat 6 kabel | RJ45 Han | RJ45 Han | SF\/UTP | 15.0 m | Runde | PVC | Gr\u00e5 | Label &#8211; CCGL85220GY150"},"content":{"rendered":"<p>K\u00f8b billig Nedis &#8211; Kat 6 kabel | RJ45 Han | RJ45 Han | SF\/UTP | 15.0 m | Runde | PVC | Gr\u00e5 | Label &#8211; CCGL85220GY150!<br \/>\nDette dobbeltsk\u00e6rmede S\/FTP CAT6 Gigabit netv\u00e6rkspatchkabel kan bruges til at slutte en pc, notebook, switch eller anden enhed til et modem eller en router. Kablet har snagless stik, hvilket forhindrer sammenklemning og brud med CCA-forbindelsestr\u00e5de, der er lige forbundet. Dette kabel har b\u00e5de en flettet sk\u00e6rm og folieret sk\u00e6rm med usk\u00e6rmede snoede par, som giver effektiv beskyttelse mod EMI.CAT6-kablet kan bruges i netv\u00e6rksl\u00f8sninger op til 1000 Mbit\/s (Gigabit-netv\u00e6rk).<\/p>\n<p>Sammenlign priser p\u00e5 Nedis &#8211; Kat 6 kabel | RJ45 Han | RJ45 Han | SF\/UTP | 15.0 m | Runde | PVC | Gr\u00e5 | Label &#8211; CCGL85220GY150 og k\u00f8b online til den billigste pris, samt p\u00e5 tilbud!\u00a0\u00a0Tjek den bedste pris, produkt beskrivelse, video, test, anmeldelser osv.<\/p>\n<p><strong>Brand: <\/strong>Nedis<br \/>\n<strong>EAN: <\/strong>5412810428205<br \/>\n<strong>Producentens varenr.:<\/strong> 5412810428205<\/p>\n<p><strong>P.S.<\/strong><br \/>\nTilmeld dig til &#8220;Opret Gratis Prisfald Alarm&#8221;, og bliv underrettet med det samme om prisfald p\u00e5 Nedis &#8211; Kat 6 kabel | RJ45 Han | RJ45 Han | SF\/UTP | 15.0 m | Runde | PVC | Gr\u00e5 | Label &#8211; CCGL85220GY150, og f\u00e5 den billigste pris!<\/p>\n<p>&nbsp;<\/p>\n<p>&nbsp;<\/p>\n","protected":false},"excerpt":{"rendered":"<p>K\u00f8b billig Nedis &#8211; Kat 6 kabel | RJ45 Han | RJ45 Han | SF\/UTP | 15.0 m | Runde | PVC | Gr\u00e5 | Label &#8211; CCGL85220GY150! Dette dobbeltsk\u00e6rmede S\/FTP CAT6 Gigabit netv\u00e6rkspatchkabel kan bruges til at slutte en pc, notebook, switch eller anden enhed til et modem eller en router. Kablet har snagless [&hellip;]<\/p>\n","protected":false},"featured_media":999980000004502390,"template":"","meta":[],"store":[1272516],"product_brand":[1272517],"product_cat":[1275232],"product_tag":[1275233,1275178],"class_list":{"0":"post-450239","1":"product","2":"type-product","3":"status-publish","4":"has-post-thumbnail","6":"store-butik24","7":"product_brand-nedis","8":"product_cat-computer-og-netvaerk","9":"product_tag-computer-og-netvaerk","10":"product_tag-nedis","11":"pa_maerke-nedis","13":"first","14":"instock","15":"product-type-external"},"_links":{"self":[{"href":"https:\/\/www.pricetornado.com\/da\/wp-json\/wp\/v2\/product\/450239","targetHints":{"allow":["GET"]}}],"collection":[{"href":"https:\/\/www.pricetornado.com\/da\/wp-json\/wp\/v2\/product"}],"about":[{"href":"https:\/\/www.pricetornado.com\/da\/wp-json\/wp\/v2\/types\/product"}],"wp:featuredmedia":[{"embeddable":true,"href":"https:\/\/www.pricetornado.com\/da\/wp-json\/"}],"wp:attachment":[{"href":"https:\/\/www.pricetornado.com\/da\/wp-json\/wp\/v2\/media?parent=450239"}],"wp:term":[{"taxonomy":"store","embeddable":true,"href":"https:\/\/www.pricetornado.com\/da\/wp-json\/wp\/v2\/store?post=450239"},{"taxonomy":"product_brand","embeddable":true,"href":"https:\/\/www.pricetornado.com\/da\/wp-json\/wp\/v2\/product_brand?post=450239"},{"taxonomy":"product_cat","embeddable":true,"href":"https:\/\/www.pricetornado.com\/da\/wp-json\/wp\/v2\/product_cat?post=450239"},{"taxonomy":"product_tag","embeddable":true,"href":"https:\/\/www.pricetornado.com\/da\/wp-json\/wp\/v2\/product_tag?post=450239"}],"curies":[{"name":"wp","href":"https:\/\/api.w.org\/{rel}","templated":true}]}}