{"id":450233,"date":"2025-02-23T19:18:22","date_gmt":"2025-02-23T18:18:22","guid":{"rendered":"https:\/\/www.pricetornado.com\/da\/produkt\/nedis-coax-cat6-combi-cable-iec-coax-han-rj45-han-iec-coax-hun-rj45-han-nikkelplateret-rg58-75-ohm-dobbelt-afskaermet-3-00-m-runde-pvc-hvid-label-csgl4500wt30\/"},"modified":"2026-04-30T03:40:11","modified_gmt":"2026-04-30T01:40:11","slug":"nedis-coax-cat6-combi-cable-iec-coax-han-rj45-han-iec-coax-hun-rj45-han-nikkelplateret-rg58-75-ohm-dobbelt-afskaermet-3-00-m-runde-pvc-hvid-label-csgl4500wt30","status":"publish","type":"product","link":"https:\/\/www.pricetornado.com\/da\/produkt\/nedis-coax-cat6-combi-cable-iec-coax-han-rj45-han-iec-coax-hun-rj45-han-nikkelplateret-rg58-75-ohm-dobbelt-afskaermet-3-00-m-runde-pvc-hvid-label-csgl4500wt30\/","title":{"rendered":"Nedis &#8211; Coax &amp; CAT6 Combi Cable | IEC (Coax) Han \/ RJ45 Han | IEC (Coax) Hun \/ RJ45 Han | Nikkelplateret | RG58 | 75 Ohm | Dobbelt afsk\u00e6rmet | 3.00 m | Runde | PVC | Hvid | Label &#8211; CSGL4500WT30"},"content":{"rendered":"<p>K\u00f8b billig Nedis &#8211; Coax &amp; CAT6 Combi Cable | IEC (Coax) Han \/ RJ45 Han | IEC (Coax) Hun \/ RJ45 Han | Nikkelplateret | RG58 | 75 Ohm | Dobbelt afsk\u00e6rmet | 3.00 m | Runde | PVC | Hvid | Label &#8211; CSGL4500WT30!<br \/>\nDette Nedis koaksial\/CAT6-kombikabel overf\u00f8rer b\u00e5de internetsignalet og tv-signalet. P\u00e5 den m\u00e5de beh\u00f8ver du kun at tilslutte et enkelt kabel til dit tv, set-top-boks eller satellitmodtager i stedet for to separate. Kablet leveres ganske praktisk med faste stikforbindelser til b\u00e5de IEC og Ethernet.<\/p>\n<p>Sammenlign priser p\u00e5 Nedis &#8211; Coax &amp; CAT6 Combi Cable | IEC (Coax) Han \/ RJ45 Han | IEC (Coax) Hun \/ RJ45 Han | Nikkelplateret | RG58 | 75 Ohm | Dobbelt afsk\u00e6rmet | 3.00 m | Runde | PVC | Hvid | Label &#8211; CSGL4500WT30 og k\u00f8b online til den billigste pris, samt p\u00e5 tilbud!\u00a0\u00a0Tjek den bedste pris, produkt beskrivelse, video, test, anmeldelser osv.<\/p>\n<p><strong>Brand: <\/strong>Nedis<br \/>\n<strong>EAN: <\/strong>5412810426409<br \/>\n<strong>Producentens varenr.:<\/strong> 5412810426409<\/p>\n<p><strong>P.S.<\/strong><br \/>\nTilmeld dig til &#8220;Opret Gratis Prisfald Alarm&#8221;, og bliv underrettet med det samme om prisfald p\u00e5 Nedis &#8211; Coax &amp; CAT6 Combi Cable | IEC (Coax) Han \/ RJ45 Han | IEC (Coax) Hun \/ RJ45 Han | Nikkelplateret | RG58 | 75 Ohm | Dobbelt afsk\u00e6rmet | 3.00 m | Runde | PVC | Hvid | Label &#8211; CSGL4500WT30, og f\u00e5 den billigste pris!<\/p>\n<p>&nbsp;<\/p>\n<p>&nbsp;<\/p>\n","protected":false},"excerpt":{"rendered":"<p>K\u00f8b billig Nedis &#8211; Coax &amp; CAT6 Combi Cable | IEC (Coax) Han \/ RJ45 Han | IEC (Coax) Hun \/ RJ45 Han | Nikkelplateret | RG58 | 75 Ohm | Dobbelt afsk\u00e6rmet | 3.00 m | Runde | PVC | Hvid | Label &#8211; CSGL4500WT30! Dette Nedis koaksial\/CAT6-kombikabel overf\u00f8rer b\u00e5de internetsignalet og tv-signalet. P\u00e5 [&hellip;]<\/p>\n","protected":false},"featured_media":999980000004502330,"template":"","meta":[],"store":[1272516],"product_brand":[1272517],"product_cat":[1275230],"product_tag":[1275178,1275231],"class_list":{"0":"post-450233","1":"product","2":"type-product","3":"status-publish","4":"has-post-thumbnail","6":"store-butik24","7":"product_brand-nedis","8":"product_cat-video","9":"product_tag-nedis","10":"product_tag-video","11":"pa_maerke-nedis","13":"first","14":"instock","15":"product-type-external"},"_links":{"self":[{"href":"https:\/\/www.pricetornado.com\/da\/wp-json\/wp\/v2\/product\/450233","targetHints":{"allow":["GET"]}}],"collection":[{"href":"https:\/\/www.pricetornado.com\/da\/wp-json\/wp\/v2\/product"}],"about":[{"href":"https:\/\/www.pricetornado.com\/da\/wp-json\/wp\/v2\/types\/product"}],"wp:featuredmedia":[{"embeddable":true,"href":"https:\/\/www.pricetornado.com\/da\/wp-json\/"}],"wp:attachment":[{"href":"https:\/\/www.pricetornado.com\/da\/wp-json\/wp\/v2\/media?parent=450233"}],"wp:term":[{"taxonomy":"store","embeddable":true,"href":"https:\/\/www.pricetornado.com\/da\/wp-json\/wp\/v2\/store?post=450233"},{"taxonomy":"product_brand","embeddable":true,"href":"https:\/\/www.pricetornado.com\/da\/wp-json\/wp\/v2\/product_brand?post=450233"},{"taxonomy":"product_cat","embeddable":true,"href":"https:\/\/www.pricetornado.com\/da\/wp-json\/wp\/v2\/product_cat?post=450233"},{"taxonomy":"product_tag","embeddable":true,"href":"https:\/\/www.pricetornado.com\/da\/wp-json\/wp\/v2\/product_tag?post=450233"}],"curies":[{"name":"wp","href":"https:\/\/api.w.org\/{rel}","templated":true}]}}