{"id":450232,"date":"2025-02-20T16:34:02","date_gmt":"2025-02-20T15:34:02","guid":{"rendered":"https:\/\/www.pricetornado.com\/da\/produkt\/nedis-coax-cable-iec-coax-han-iec-coax-hun-nikkelplateret-120-db-75-ohm-quad-skaermet-5-00-m-runde-pvc-hvid-box-csgb40120wt50\/"},"modified":"2026-04-29T02:59:28","modified_gmt":"2026-04-29T00:59:28","slug":"nedis-coax-cable-iec-coax-han-iec-coax-hun-nikkelplateret-120-db-75-ohm-quad-skaermet-5-00-m-runde-pvc-hvid-box-csgb40120wt50","status":"publish","type":"product","link":"https:\/\/www.pricetornado.com\/da\/produkt\/nedis-coax-cable-iec-coax-han-iec-coax-hun-nikkelplateret-120-db-75-ohm-quad-skaermet-5-00-m-runde-pvc-hvid-box-csgb40120wt50\/","title":{"rendered":"Nedis &#8211; Coax Cable | IEC (Coax) Han | IEC (Coax) Hun | Nikkelplateret | 120 dB | 75 Ohm | Quad Sk\u00e6rmet | 5.00 m | Runde | PVC | Hvid | Box &#8211; CSGB40120WT50"},"content":{"rendered":"<p>K\u00f8b billig Nedis &#8211; Coax Cable | IEC (Coax) Han | IEC (Coax) Hun | Nikkelplateret | 120 dB | 75 Ohm | Quad Sk\u00e6rmet | 5.00 m | Runde | PVC | Hvid | Box &#8211; CSGB40120WT50!<br \/>\nDette coax-kabel kan anvendes ved tilslutning af dit TV eller lignende enhed til et coax v\u00e6gudtag. Fungerer bedst med et smart-TV.<\/p>\n<p>Sammenlign priser p\u00e5 Nedis &#8211; Coax Cable | IEC (Coax) Han | IEC (Coax) Hun | Nikkelplateret | 120 dB | 75 Ohm | Quad Sk\u00e6rmet | 5.00 m | Runde | PVC | Hvid | Box &#8211; CSGB40120WT50 og k\u00f8b online til den billigste pris, samt p\u00e5 tilbud!\u00a0\u00a0Tjek den bedste pris, produkt beskrivelse, video, test, anmeldelser osv.<\/p>\n<p><strong>Brand: <\/strong>Nedis<br \/>\n<strong>EAN: <\/strong>5412810425952<br \/>\n<strong>Producentens varenr.:<\/strong> 5412810425952<\/p>\n<p><strong>P.S.<\/strong><br \/>\nTilmeld dig til &#8220;Opret Gratis Prisfald Alarm&#8221;, og bliv underrettet med det samme om prisfald p\u00e5 Nedis &#8211; Coax Cable | IEC (Coax) Han | IEC (Coax) Hun | Nikkelplateret | 120 dB | 75 Ohm | Quad Sk\u00e6rmet | 5.00 m | Runde | PVC | Hvid | Box &#8211; CSGB40120WT50, og f\u00e5 den billigste pris!<\/p>\n<p>&nbsp;<\/p>\n<p>&nbsp;<\/p>\n","protected":false},"excerpt":{"rendered":"<p>K\u00f8b billig Nedis &#8211; Coax Cable | IEC (Coax) Han | IEC (Coax) Hun | Nikkelplateret | 120 dB | 75 Ohm | Quad Sk\u00e6rmet | 5.00 m | Runde | PVC | Hvid | Box &#8211; CSGB40120WT50! Dette coax-kabel kan anvendes ved tilslutning af dit TV eller lignende enhed til et coax v\u00e6gudtag. Fungerer [&hellip;]<\/p>\n","protected":false},"featured_media":999980000004502320,"template":"","meta":[],"store":[1272516],"product_brand":[1272517],"product_cat":[1275230],"product_tag":[1275178,1275231],"class_list":{"0":"post-450232","1":"product","2":"type-product","3":"status-publish","4":"has-post-thumbnail","6":"store-butik24","7":"product_brand-nedis","8":"product_cat-video","9":"product_tag-nedis","10":"product_tag-video","11":"pa_maerke-nedis","13":"first","14":"instock","15":"product-type-external"},"_links":{"self":[{"href":"https:\/\/www.pricetornado.com\/da\/wp-json\/wp\/v2\/product\/450232","targetHints":{"allow":["GET"]}}],"collection":[{"href":"https:\/\/www.pricetornado.com\/da\/wp-json\/wp\/v2\/product"}],"about":[{"href":"https:\/\/www.pricetornado.com\/da\/wp-json\/wp\/v2\/types\/product"}],"wp:featuredmedia":[{"embeddable":true,"href":"https:\/\/www.pricetornado.com\/da\/wp-json\/"}],"wp:attachment":[{"href":"https:\/\/www.pricetornado.com\/da\/wp-json\/wp\/v2\/media?parent=450232"}],"wp:term":[{"taxonomy":"store","embeddable":true,"href":"https:\/\/www.pricetornado.com\/da\/wp-json\/wp\/v2\/store?post=450232"},{"taxonomy":"product_brand","embeddable":true,"href":"https:\/\/www.pricetornado.com\/da\/wp-json\/wp\/v2\/product_brand?post=450232"},{"taxonomy":"product_cat","embeddable":true,"href":"https:\/\/www.pricetornado.com\/da\/wp-json\/wp\/v2\/product_cat?post=450232"},{"taxonomy":"product_tag","embeddable":true,"href":"https:\/\/www.pricetornado.com\/da\/wp-json\/wp\/v2\/product_tag?post=450232"}],"curies":[{"name":"wp","href":"https:\/\/api.w.org\/{rel}","templated":true}]}}