{"id":450224,"date":"2025-02-24T17:06:11","date_gmt":"2025-02-24T16:06:11","guid":{"rendered":"https:\/\/www.pricetornado.com\/da\/produkt\/nedis-stroemkabel-iec-320-c14-iec-320-c13-lige-lige-nikkelplateret-5-00-m-runde-pvc-sort-label-cegl10500bk50\/"},"modified":"2026-04-30T03:40:09","modified_gmt":"2026-04-30T01:40:09","slug":"nedis-stroemkabel-iec-320-c14-iec-320-c13-lige-lige-nikkelplateret-5-00-m-runde-pvc-sort-label-cegl10500bk50","status":"publish","type":"product","link":"https:\/\/www.pricetornado.com\/da\/produkt\/nedis-stroemkabel-iec-320-c14-iec-320-c13-lige-lige-nikkelplateret-5-00-m-runde-pvc-sort-label-cegl10500bk50\/","title":{"rendered":"Nedis &#8211; Str\u00f8mkabel | IEC-320-C14 | IEC-320-C13 | Lige | Lige | Nikkelplateret | 5.00 m | Runde | PVC | Sort | Label &#8211; CEGL10500BK50"},"content":{"rendered":"<p>K\u00f8b billig Nedis &#8211; Str\u00f8mkabel | IEC-320-C14 | IEC-320-C13 | Lige | Lige | Nikkelplateret | 5.00 m | Runde | PVC | Sort | Label &#8211; CEGL10500BK50!<br \/>\nDenne forl\u00e6ngerledning kan anvendes til at forl\u00e6nge dit eksisterende str\u00f8mkabels r\u00e6kkevidde ved tilslutning af lysnetdrevne enheder som f.eks. en PC.<\/p>\n<p>Sammenlign priser p\u00e5 Nedis &#8211; Str\u00f8mkabel | IEC-320-C14 | IEC-320-C13 | Lige | Lige | Nikkelplateret | 5.00 m | Runde | PVC | Sort | Label &#8211; CEGL10500BK50 og k\u00f8b online til den billigste pris, samt p\u00e5 tilbud!\u00a0\u00a0Tjek den bedste pris, produkt beskrivelse, video, test, anmeldelser osv.<\/p>\n<p><strong>Brand: <\/strong>Nedis<br \/>\n<strong>EAN: <\/strong>5412810425259<br \/>\n<strong>Producentens varenr.:<\/strong> 5412810425259<\/p>\n<p><strong>P.S.<\/strong><br \/>\nTilmeld dig til &#8220;Opret Gratis Prisfald Alarm&#8221;, og bliv underrettet med det samme om prisfald p\u00e5 Nedis &#8211; Str\u00f8mkabel | IEC-320-C14 | IEC-320-C13 | Lige | Lige | Nikkelplateret | 5.00 m | Runde | PVC | Sort | Label &#8211; CEGL10500BK50, og f\u00e5 den billigste pris!<\/p>\n<p>&nbsp;<\/p>\n<p>&nbsp;<\/p>\n","protected":false},"excerpt":{"rendered":"<p>K\u00f8b billig Nedis &#8211; Str\u00f8mkabel | IEC-320-C14 | IEC-320-C13 | Lige | Lige | Nikkelplateret | 5.00 m | Runde | PVC | Sort | Label &#8211; CEGL10500BK50! Denne forl\u00e6ngerledning kan anvendes til at forl\u00e6nge dit eksisterende str\u00f8mkabels r\u00e6kkevidde ved tilslutning af lysnetdrevne enheder som f.eks. en PC. Sammenlign priser p\u00e5 Nedis &#8211; Str\u00f8mkabel | [&hellip;]<\/p>\n","protected":false},"featured_media":999980000004502240,"template":"","meta":[],"store":[1272516],"product_brand":[1272517],"product_cat":[797161],"product_tag":[1275234,1275178],"class_list":{"0":"post-450224","1":"product","2":"type-product","3":"status-publish","4":"has-post-thumbnail","6":"store-butik24","7":"product_brand-nedis","8":"product_cat-energi","9":"product_tag-energi","10":"product_tag-nedis","11":"pa_maerke-nedis","13":"first","14":"instock","15":"product-type-external"},"_links":{"self":[{"href":"https:\/\/www.pricetornado.com\/da\/wp-json\/wp\/v2\/product\/450224","targetHints":{"allow":["GET"]}}],"collection":[{"href":"https:\/\/www.pricetornado.com\/da\/wp-json\/wp\/v2\/product"}],"about":[{"href":"https:\/\/www.pricetornado.com\/da\/wp-json\/wp\/v2\/types\/product"}],"wp:featuredmedia":[{"embeddable":true,"href":"https:\/\/www.pricetornado.com\/da\/wp-json\/"}],"wp:attachment":[{"href":"https:\/\/www.pricetornado.com\/da\/wp-json\/wp\/v2\/media?parent=450224"}],"wp:term":[{"taxonomy":"store","embeddable":true,"href":"https:\/\/www.pricetornado.com\/da\/wp-json\/wp\/v2\/store?post=450224"},{"taxonomy":"product_brand","embeddable":true,"href":"https:\/\/www.pricetornado.com\/da\/wp-json\/wp\/v2\/product_brand?post=450224"},{"taxonomy":"product_cat","embeddable":true,"href":"https:\/\/www.pricetornado.com\/da\/wp-json\/wp\/v2\/product_cat?post=450224"},{"taxonomy":"product_tag","embeddable":true,"href":"https:\/\/www.pricetornado.com\/da\/wp-json\/wp\/v2\/product_tag?post=450224"}],"curies":[{"name":"wp","href":"https:\/\/api.w.org\/{rel}","templated":true}]}}