{"id":450223,"date":"2025-02-20T13:20:42","date_gmt":"2025-02-20T12:20:42","guid":{"rendered":"https:\/\/www.pricetornado.com\/da\/produkt\/nedis-stroemkabel-stikprop-med-sidebens-jord-han-stikprop-med-sidebens-jord-hun-vinklet-lige-nikkelplateret-5-00-m-runde-pvc-sort-label-cegl10230bk50\/"},"modified":"2026-04-29T02:58:54","modified_gmt":"2026-04-29T00:58:54","slug":"nedis-stroemkabel-stikprop-med-sidebens-jord-han-stikprop-med-sidebens-jord-hun-vinklet-lige-nikkelplateret-5-00-m-runde-pvc-sort-label-cegl10230bk50","status":"publish","type":"product","link":"https:\/\/www.pricetornado.com\/da\/produkt\/nedis-stroemkabel-stikprop-med-sidebens-jord-han-stikprop-med-sidebens-jord-hun-vinklet-lige-nikkelplateret-5-00-m-runde-pvc-sort-label-cegl10230bk50\/","title":{"rendered":"Nedis &#8211; Str\u00f8mkabel | Stikprop med sidebens jord \u2013 Han | Stikprop med sidebens jord \u2013 Hun | Vinklet | Lige | Nikkelplateret | 5.00 m | Runde | PVC | Sort | Label &#8211; CEGL10230BK50"},"content":{"rendered":"<p>K\u00f8b billig Nedis &#8211; Str\u00f8mkabel | Stikprop med sidebens jord \u2013 Han | Stikprop med sidebens jord \u2013 Hun | Vinklet | Lige | Nikkelplateret | 5.00 m | Runde | PVC | Sort | Label &#8211; CEGL10230BK50!<br \/>\nDenne str\u00f8mforl\u00e6ngerledning med Stikprop Med Sidebens Jord-stik kan bruges som forl\u00e6ngelse til en IEC-str\u00f8mledning.<\/p>\n<p>Sammenlign priser p\u00e5 Nedis &#8211; Str\u00f8mkabel | Stikprop med sidebens jord \u2013 Han | Stikprop med sidebens jord \u2013 Hun | Vinklet | Lige | Nikkelplateret | 5.00 m | Runde | PVC | Sort | Label &#8211; CEGL10230BK50 og k\u00f8b online til den billigste pris, samt p\u00e5 tilbud!\u00a0\u00a0Tjek den bedste pris, produkt beskrivelse, video, test, anmeldelser osv.<\/p>\n<p><strong>Brand: <\/strong>Nedis<br \/>\n<strong>EAN: <\/strong>5412810425228<br \/>\n<strong>Producentens varenr.:<\/strong> 5412810425228<\/p>\n<p><strong>P.S.<\/strong><br \/>\nTilmeld dig til &#8220;Opret Gratis Prisfald Alarm&#8221;, og bliv underrettet med det samme om prisfald p\u00e5 Nedis &#8211; Str\u00f8mkabel | Stikprop med sidebens jord \u2013 Han | Stikprop med sidebens jord \u2013 Hun | Vinklet | Lige | Nikkelplateret | 5.00 m | Runde | PVC | Sort | Label &#8211; CEGL10230BK50, og f\u00e5 den billigste pris!<\/p>\n<p>&nbsp;<\/p>\n<p>&nbsp;<\/p>\n","protected":false},"excerpt":{"rendered":"<p>K\u00f8b billig Nedis &#8211; Str\u00f8mkabel | Stikprop med sidebens jord \u2013 Han | Stikprop med sidebens jord \u2013 Hun | Vinklet | Lige | Nikkelplateret | 5.00 m | Runde | PVC | Sort | Label &#8211; CEGL10230BK50! Denne str\u00f8mforl\u00e6ngerledning med Stikprop Med Sidebens Jord-stik kan bruges som forl\u00e6ngelse til en IEC-str\u00f8mledning. Sammenlign priser p\u00e5 [&hellip;]<\/p>\n","protected":false},"featured_media":999980000004502230,"template":"","meta":[],"store":[1272516],"product_brand":[1272517],"product_cat":[797161],"product_tag":[1275234,1275178],"class_list":{"0":"post-450223","1":"product","2":"type-product","3":"status-publish","4":"has-post-thumbnail","6":"store-butik24","7":"product_brand-nedis","8":"product_cat-energi","9":"product_tag-energi","10":"product_tag-nedis","11":"pa_maerke-nedis","13":"first","14":"instock","15":"product-type-external"},"_links":{"self":[{"href":"https:\/\/www.pricetornado.com\/da\/wp-json\/wp\/v2\/product\/450223","targetHints":{"allow":["GET"]}}],"collection":[{"href":"https:\/\/www.pricetornado.com\/da\/wp-json\/wp\/v2\/product"}],"about":[{"href":"https:\/\/www.pricetornado.com\/da\/wp-json\/wp\/v2\/types\/product"}],"wp:featuredmedia":[{"embeddable":true,"href":"https:\/\/www.pricetornado.com\/da\/wp-json\/"}],"wp:attachment":[{"href":"https:\/\/www.pricetornado.com\/da\/wp-json\/wp\/v2\/media?parent=450223"}],"wp:term":[{"taxonomy":"store","embeddable":true,"href":"https:\/\/www.pricetornado.com\/da\/wp-json\/wp\/v2\/store?post=450223"},{"taxonomy":"product_brand","embeddable":true,"href":"https:\/\/www.pricetornado.com\/da\/wp-json\/wp\/v2\/product_brand?post=450223"},{"taxonomy":"product_cat","embeddable":true,"href":"https:\/\/www.pricetornado.com\/da\/wp-json\/wp\/v2\/product_cat?post=450223"},{"taxonomy":"product_tag","embeddable":true,"href":"https:\/\/www.pricetornado.com\/da\/wp-json\/wp\/v2\/product_tag?post=450223"}],"curies":[{"name":"wp","href":"https:\/\/api.w.org\/{rel}","templated":true}]}}