{"id":450214,"date":"2025-02-21T04:45:15","date_gmt":"2025-02-21T03:45:15","guid":{"rendered":"https:\/\/www.pricetornado.com\/da\/produkt\/nedis-netvaerkskobling-udendoers-cat6-skaermet-rj45-hun-rj45-hun-lige-plastik-box-ccgb89850bk\/"},"modified":"2026-04-30T03:40:06","modified_gmt":"2026-04-30T01:40:06","slug":"nedis-netvaerkskobling-udendoers-cat6-skaermet-rj45-hun-rj45-hun-lige-plastik-box-ccgb89850bk","status":"publish","type":"product","link":"https:\/\/www.pricetornado.com\/da\/produkt\/nedis-netvaerkskobling-udendoers-cat6-skaermet-rj45-hun-rj45-hun-lige-plastik-box-ccgb89850bk\/","title":{"rendered":"Nedis &#8211; Netv\u00e6rkskobling | Udend\u00f8rs | CAT6 | Sk\u00e6rmet | RJ45 Hun | RJ45 Hun | Lige | Plastik | Box &#8211; CCGB89850BK"},"content":{"rendered":"<p>K\u00f8b billig Nedis &#8211; Netv\u00e6rkskobling | Udend\u00f8rs | CAT6 | Sk\u00e6rmet | RJ45 Hun | RJ45 Hun | Lige | Plastik | Box &#8211; CCGB89850BK!<br \/>\nDette stik g\u00f8r det nemt at tilslutte eller udvide dine patchkabler udend\u00f8rs og beskytte dem mod vejret hele \u00e5ret rundt.<\/p>\n<p>Sammenlign priser p\u00e5 Nedis &#8211; Netv\u00e6rkskobling | Udend\u00f8rs | CAT6 | Sk\u00e6rmet | RJ45 Hun | RJ45 Hun | Lige | Plastik | Box &#8211; CCGB89850BK og k\u00f8b online til den billigste pris, samt p\u00e5 tilbud!\u00a0\u00a0Tjek den bedste pris, produkt beskrivelse, video, test, anmeldelser osv.<\/p>\n<p><strong>Brand: <\/strong>Nedis<br \/>\n<strong>EAN: <\/strong>5412810424856<br \/>\n<strong>Producentens varenr.:<\/strong> 5412810424856<\/p>\n<p><strong>P.S.<\/strong><br \/>\nTilmeld dig til &#8220;Opret Gratis Prisfald Alarm&#8221;, og bliv underrettet med det samme om prisfald p\u00e5 Nedis &#8211; Netv\u00e6rkskobling | Udend\u00f8rs | CAT6 | Sk\u00e6rmet | RJ45 Hun | RJ45 Hun | Lige | Plastik | Box &#8211; CCGB89850BK, og f\u00e5 den billigste pris!<\/p>\n<p>&nbsp;<\/p>\n<p>&nbsp;<\/p>\n","protected":false},"excerpt":{"rendered":"<p>K\u00f8b billig Nedis &#8211; Netv\u00e6rkskobling | Udend\u00f8rs | CAT6 | Sk\u00e6rmet | RJ45 Hun | RJ45 Hun | Lige | Plastik | Box &#8211; CCGB89850BK! Dette stik g\u00f8r det nemt at tilslutte eller udvide dine patchkabler udend\u00f8rs og beskytte dem mod vejret hele \u00e5ret rundt. Sammenlign priser p\u00e5 Nedis &#8211; Netv\u00e6rkskobling | Udend\u00f8rs | CAT6 [&hellip;]<\/p>\n","protected":false},"featured_media":999980000004502140,"template":"","meta":[],"store":[1272516],"product_brand":[1272517],"product_cat":[1275232],"product_tag":[1275233,1275178],"class_list":{"0":"post-450214","1":"product","2":"type-product","3":"status-publish","4":"has-post-thumbnail","6":"store-butik24","7":"product_brand-nedis","8":"product_cat-computer-og-netvaerk","9":"product_tag-computer-og-netvaerk","10":"product_tag-nedis","11":"pa_maerke-nedis","13":"first","14":"instock","15":"product-type-external"},"_links":{"self":[{"href":"https:\/\/www.pricetornado.com\/da\/wp-json\/wp\/v2\/product\/450214","targetHints":{"allow":["GET"]}}],"collection":[{"href":"https:\/\/www.pricetornado.com\/da\/wp-json\/wp\/v2\/product"}],"about":[{"href":"https:\/\/www.pricetornado.com\/da\/wp-json\/wp\/v2\/types\/product"}],"wp:featuredmedia":[{"embeddable":true,"href":"https:\/\/www.pricetornado.com\/da\/wp-json\/"}],"wp:attachment":[{"href":"https:\/\/www.pricetornado.com\/da\/wp-json\/wp\/v2\/media?parent=450214"}],"wp:term":[{"taxonomy":"store","embeddable":true,"href":"https:\/\/www.pricetornado.com\/da\/wp-json\/wp\/v2\/store?post=450214"},{"taxonomy":"product_brand","embeddable":true,"href":"https:\/\/www.pricetornado.com\/da\/wp-json\/wp\/v2\/product_brand?post=450214"},{"taxonomy":"product_cat","embeddable":true,"href":"https:\/\/www.pricetornado.com\/da\/wp-json\/wp\/v2\/product_cat?post=450214"},{"taxonomy":"product_tag","embeddable":true,"href":"https:\/\/www.pricetornado.com\/da\/wp-json\/wp\/v2\/product_tag?post=450214"}],"curies":[{"name":"wp","href":"https:\/\/api.w.org\/{rel}","templated":true}]}}