{"id":450209,"date":"2025-02-21T08:58:01","date_gmt":"2025-02-21T07:58:01","guid":{"rendered":"https:\/\/www.pricetornado.com\/da\/produkt\/nedis-kat-6-kabel-rj45-han-rj45-han-u-utp-20-0-m-udendoers-runde-pe-sort-label-ccgl85900bk200\/"},"modified":"2026-04-30T03:40:04","modified_gmt":"2026-04-30T01:40:04","slug":"nedis-kat-6-kabel-rj45-han-rj45-han-u-utp-20-0-m-udendoers-runde-pe-sort-label-ccgl85900bk200","status":"publish","type":"product","link":"https:\/\/www.pricetornado.com\/da\/produkt\/nedis-kat-6-kabel-rj45-han-rj45-han-u-utp-20-0-m-udendoers-runde-pe-sort-label-ccgl85900bk200\/","title":{"rendered":"Nedis &#8211; Kat 6 kabel | RJ45 Han | RJ45 Han | U\/UTP | 20.0 m | Udend\u00f8rs | Runde | PE | Sort | Label &#8211; CCGL85900BK200"},"content":{"rendered":"<p>K\u00f8b billig Nedis &#8211; Kat 6 kabel | RJ45 Han | RJ45 Han | U\/UTP | 20.0 m | Udend\u00f8rs | Runde | PE | Sort | Label &#8211; CCGL85900BK200!<br \/>\nUsk\u00e6rmet patchkabel til udend\u00f8rs CAT 6-installationer, velegnet til 10\/100\/1000 mbit netv\u00e6rksmilj\u00f8.<\/p>\n<p>Sammenlign priser p\u00e5 Nedis &#8211; Kat 6 kabel | RJ45 Han | RJ45 Han | U\/UTP | 20.0 m | Udend\u00f8rs | Runde | PE | Sort | Label &#8211; CCGL85900BK200 og k\u00f8b online til den billigste pris, samt p\u00e5 tilbud!\u00a0\u00a0Tjek den bedste pris, produkt beskrivelse, video, test, anmeldelser osv.<\/p>\n<p><strong>Brand: <\/strong>Nedis<br \/>\n<strong>EAN: <\/strong>5412810424542<br \/>\n<strong>Producentens varenr.:<\/strong> 5412810424542<\/p>\n<p><strong>P.S.<\/strong><br \/>\nTilmeld dig til &#8220;Opret Gratis Prisfald Alarm&#8221;, og bliv underrettet med det samme om prisfald p\u00e5 Nedis &#8211; Kat 6 kabel | RJ45 Han | RJ45 Han | U\/UTP | 20.0 m | Udend\u00f8rs | Runde | PE | Sort | Label &#8211; CCGL85900BK200, og f\u00e5 den billigste pris!<\/p>\n<p>&nbsp;<\/p>\n<p>&nbsp;<\/p>\n","protected":false},"excerpt":{"rendered":"<p>K\u00f8b billig Nedis &#8211; Kat 6 kabel | RJ45 Han | RJ45 Han | U\/UTP | 20.0 m | Udend\u00f8rs | Runde | PE | Sort | Label &#8211; CCGL85900BK200! Usk\u00e6rmet patchkabel til udend\u00f8rs CAT 6-installationer, velegnet til 10\/100\/1000 mbit netv\u00e6rksmilj\u00f8. Sammenlign priser p\u00e5 Nedis &#8211; Kat 6 kabel | RJ45 Han | RJ45 Han [&hellip;]<\/p>\n","protected":false},"featured_media":999980000004502090,"template":"","meta":[],"store":[1272516],"product_brand":[1272517],"product_cat":[1275232],"product_tag":[1275233,1275178],"class_list":{"0":"post-450209","1":"product","2":"type-product","3":"status-publish","4":"has-post-thumbnail","6":"store-butik24","7":"product_brand-nedis","8":"product_cat-computer-og-netvaerk","9":"product_tag-computer-og-netvaerk","10":"product_tag-nedis","11":"pa_maerke-nedis","13":"first","14":"instock","15":"product-type-external"},"_links":{"self":[{"href":"https:\/\/www.pricetornado.com\/da\/wp-json\/wp\/v2\/product\/450209","targetHints":{"allow":["GET"]}}],"collection":[{"href":"https:\/\/www.pricetornado.com\/da\/wp-json\/wp\/v2\/product"}],"about":[{"href":"https:\/\/www.pricetornado.com\/da\/wp-json\/wp\/v2\/types\/product"}],"wp:featuredmedia":[{"embeddable":true,"href":"https:\/\/www.pricetornado.com\/da\/wp-json\/"}],"wp:attachment":[{"href":"https:\/\/www.pricetornado.com\/da\/wp-json\/wp\/v2\/media?parent=450209"}],"wp:term":[{"taxonomy":"store","embeddable":true,"href":"https:\/\/www.pricetornado.com\/da\/wp-json\/wp\/v2\/store?post=450209"},{"taxonomy":"product_brand","embeddable":true,"href":"https:\/\/www.pricetornado.com\/da\/wp-json\/wp\/v2\/product_brand?post=450209"},{"taxonomy":"product_cat","embeddable":true,"href":"https:\/\/www.pricetornado.com\/da\/wp-json\/wp\/v2\/product_cat?post=450209"},{"taxonomy":"product_tag","embeddable":true,"href":"https:\/\/www.pricetornado.com\/da\/wp-json\/wp\/v2\/product_tag?post=450209"}],"curies":[{"name":"wp","href":"https:\/\/api.w.org\/{rel}","templated":true}]}}