{"id":450197,"date":"2025-02-25T02:23:20","date_gmt":"2025-02-25T01:23:20","guid":{"rendered":"https:\/\/www.pricetornado.com\/da\/produkt\/nedis-usb-c-adapter-usb-3-2-gen-1-usb-c-han-mini-displayport-hunstik-0-20-m-runde-guldplateret-flettet-nylon-soelv-cover-window-box-cctb64550al02\/"},"modified":"2026-04-29T02:55:42","modified_gmt":"2026-04-29T00:55:42","slug":"nedis-usb-c-adapter-usb-3-2-gen-1-usb-c-han-mini-displayport-hunstik-0-20-m-runde-guldplateret-flettet-nylon-soelv-cover-window-box-cctb64550al02","status":"publish","type":"product","link":"https:\/\/www.pricetornado.com\/da\/produkt\/nedis-usb-c-adapter-usb-3-2-gen-1-usb-c-han-mini-displayport-hunstik-0-20-m-runde-guldplateret-flettet-nylon-soelv-cover-window-box-cctb64550al02\/","title":{"rendered":"Nedis &#8211; USB-C\u2122 Adapter | USB 3.2 Gen 1 | USB-C\u2122 Han | Mini DisplayPort Hunstik | 0.20 m | Runde | Guldplateret | Flettet \/ Nylon | S\u00f8lv | Cover Window Box &#8211; CCTB64550AL02"},"content":{"rendered":"<p>K\u00f8b billig Nedis &#8211; USB-C\u2122 Adapter | USB 3.2 Gen 1 | USB-C\u2122 Han | Mini DisplayPort Hunstik | 0.20 m | Runde | Guldplateret | Flettet \/ Nylon | S\u00f8lv | Cover Window Box &#8211; CCTB64550AL02!<br \/>\nOmdan en USB-C\u2122-port til en Mini DisplayPort med denne USB 3.2 Gen 1-adapter. Det giver dig mulighed for at slutte en sk\u00e6rm til din b\u00e6rbare computer. Den underst\u00f8ttede opl\u00f8sning for denne USB-C\u2122-adapter er maks. 4K ved 60 hz.Denne adapter underst\u00f8tter DP Alt Mode, som g\u00f8r det muligt at overf\u00f8re ikke-USB-signaler via USB-C\u2122-forbindelsen. DP Alt Mode kan sende videosignaler via USB-C\u2122-porten, hvilket g\u00f8r det muligt at slutte et tv, en sk\u00e6rm eller en projektor til USB-C\u2122-porten.<\/p>\n<p>Sammenlign priser p\u00e5 Nedis &#8211; USB-C\u2122 Adapter | USB 3.2 Gen 1 | USB-C\u2122 Han | Mini DisplayPort Hunstik | 0.20 m | Runde | Guldplateret | Flettet \/ Nylon | S\u00f8lv | Cover Window Box &#8211; CCTB64550AL02 og k\u00f8b online til den billigste pris, samt p\u00e5 tilbud!\u00a0\u00a0Tjek den bedste pris, produkt beskrivelse, video, test, anmeldelser osv.<\/p>\n<p><strong>Brand: <\/strong>Nedis<br \/>\n<strong>EAN: <\/strong>5412810331772<br \/>\n<strong>Producentens varenr.:<\/strong> 5412810331772<\/p>\n<p><strong>P.S.<\/strong><br \/>\nTilmeld dig til &#8220;Opret Gratis Prisfald Alarm&#8221;, og bliv underrettet med det samme om prisfald p\u00e5 Nedis &#8211; USB-C\u2122 Adapter | USB 3.2 Gen 1 | USB-C\u2122 Han | Mini DisplayPort Hunstik | 0.20 m | Runde | Guldplateret | Flettet \/ Nylon | S\u00f8lv | Cover Window Box &#8211; CCTB64550AL02, og f\u00e5 den billigste pris!<\/p>\n<p>&nbsp;<\/p>\n<p>&nbsp;<\/p>\n","protected":false},"excerpt":{"rendered":"<p>K\u00f8b billig Nedis &#8211; USB-C\u2122 Adapter | USB 3.2 Gen 1 | USB-C\u2122 Han | Mini DisplayPort Hunstik | 0.20 m | Runde | Guldplateret | Flettet \/ Nylon | S\u00f8lv | Cover Window Box &#8211; CCTB64550AL02! Omdan en USB-C\u2122-port til en Mini DisplayPort med denne USB 3.2 Gen 1-adapter. Det giver dig mulighed for [&hellip;]<\/p>\n","protected":false},"featured_media":0,"template":"","meta":[],"store":[1272516],"product_brand":[1272517],"product_cat":[1275232],"product_tag":[1275233,1275178],"class_list":{"0":"post-450197","1":"product","2":"type-product","3":"status-publish","5":"store-butik24","6":"product_brand-nedis","7":"product_cat-computer-og-netvaerk","8":"product_tag-computer-og-netvaerk","9":"product_tag-nedis","10":"pa_maerke-nedis","12":"first","13":"instock","14":"product-type-external"},"_links":{"self":[{"href":"https:\/\/www.pricetornado.com\/da\/wp-json\/wp\/v2\/product\/450197","targetHints":{"allow":["GET"]}}],"collection":[{"href":"https:\/\/www.pricetornado.com\/da\/wp-json\/wp\/v2\/product"}],"about":[{"href":"https:\/\/www.pricetornado.com\/da\/wp-json\/wp\/v2\/types\/product"}],"wp:attachment":[{"href":"https:\/\/www.pricetornado.com\/da\/wp-json\/wp\/v2\/media?parent=450197"}],"wp:term":[{"taxonomy":"store","embeddable":true,"href":"https:\/\/www.pricetornado.com\/da\/wp-json\/wp\/v2\/store?post=450197"},{"taxonomy":"product_brand","embeddable":true,"href":"https:\/\/www.pricetornado.com\/da\/wp-json\/wp\/v2\/product_brand?post=450197"},{"taxonomy":"product_cat","embeddable":true,"href":"https:\/\/www.pricetornado.com\/da\/wp-json\/wp\/v2\/product_cat?post=450197"},{"taxonomy":"product_tag","embeddable":true,"href":"https:\/\/www.pricetornado.com\/da\/wp-json\/wp\/v2\/product_tag?post=450197"}],"curies":[{"name":"wp","href":"https:\/\/api.w.org\/{rel}","templated":true}]}}