{"id":450190,"date":"2025-02-21T11:05:50","date_gmt":"2025-02-21T10:05:50","guid":{"rendered":"https:\/\/www.pricetornado.com\/da\/produkt\/nedis-usb-kabel-usb-3-2-gen-1-usb-c-han-usb-c-han-60-w-4k60hz-5-gbps-nikkelplateret-1-50-m-runde-silikone-sort-box-ccgb64800bk15\/"},"modified":"2026-04-29T02:54:48","modified_gmt":"2026-04-29T00:54:48","slug":"nedis-usb-kabel-usb-3-2-gen-1-usb-c-han-usb-c-han-60-w-4k60hz-5-gbps-nikkelplateret-1-50-m-runde-silikone-sort-box-ccgb64800bk15","status":"publish","type":"product","link":"https:\/\/www.pricetornado.com\/da\/produkt\/nedis-usb-kabel-usb-3-2-gen-1-usb-c-han-usb-c-han-60-w-4k60hz-5-gbps-nikkelplateret-1-50-m-runde-silikone-sort-box-ccgb64800bk15\/","title":{"rendered":"Nedis &#8211; USB-kabel | USB 3.2 Gen 1 | USB-C\u2122 Han | USB-C\u2122 Han | 60 W | 4K@60Hz | 5 Gbps | Nikkelplateret | 1.50 m | Runde | Silikone | Sort | Box &#8211; CCGB64800BK15"},"content":{"rendered":"<p>K\u00f8b billig Nedis &#8211; USB-kabel | USB 3.2 Gen 1 | USB-C\u2122 Han | USB-C\u2122 Han | 60 W | 4K@60Hz | 5 Gbps | Nikkelplateret | 1.50 m | Runde | Silikone | Sort | Box &#8211; CCGB64800BK15!<br \/>\nDette fleksible str\u00f8mforsyningskabel i silikone til USB 3.2 Gen 1 Type-C\u2122 er ideelt til at oplade og synkronisere din smartphone eller tablet. Silikonefinishen f\u00f8les imponerende bl\u00f8d, og kablet vikler sig ikke ind, selv n\u00e5r det opbevares i en taske, lomme eller rullet rundt om en b\u00e6rbar oplader. Oplev den perfekte alt i \u00e9n-tilslutningsl\u00f8sning.Dette USB 3.2 Gen 1-kabel er velegnet til dataoverf\u00f8rsel med hastigheder p\u00e5 op til 5 Gbps og har en maksimal udgangseffekt p\u00e5 60 W. Den underst\u00f8tter hurtig opladning af USB-C\u2122-enheder. Dette kabel er ideelt til opladning og ultrahurtig dataoverf\u00f8rsel. Det underst\u00f8tter opl\u00f8sninger p\u00e5 op til 4K ved 30 Hz. Bem\u00e6rk: Funktionen USB-C-Power Delivery-opladning afh\u00e6nger af computerens opladningsmuligheder. Visse Windows-computerproducenter har valgt at begr\u00e6nse opladningen fra deres porte.<\/p>\n<p>Sammenlign priser p\u00e5 Nedis &#8211; USB-kabel | USB 3.2 Gen 1 | USB-C\u2122 Han | USB-C\u2122 Han | 60 W | 4K@60Hz | 5 Gbps | Nikkelplateret | 1.50 m | Runde | Silikone | Sort | Box &#8211; CCGB64800BK15 og k\u00f8b online til den billigste pris, samt p\u00e5 tilbud!\u00a0\u00a0Tjek den bedste pris, produkt beskrivelse, video, test, anmeldelser osv.<\/p>\n<p><strong>Brand: <\/strong>Nedis<br \/>\n<strong>EAN: <\/strong>5412810417988<br \/>\n<strong>Producentens varenr.:<\/strong> 5412810417988<\/p>\n<p><strong>P.S.<\/strong><br \/>\nTilmeld dig til &#8220;Opret Gratis Prisfald Alarm&#8221;, og bliv underrettet med det samme om prisfald p\u00e5 Nedis &#8211; USB-kabel | USB 3.2 Gen 1 | USB-C\u2122 Han | USB-C\u2122 Han | 60 W | 4K@60Hz | 5 Gbps | Nikkelplateret | 1.50 m | Runde | Silikone | Sort | Box &#8211; CCGB64800BK15, og f\u00e5 den billigste pris!<\/p>\n<p>&nbsp;<\/p>\n<p>&nbsp;<\/p>\n","protected":false},"excerpt":{"rendered":"<p>K\u00f8b billig Nedis &#8211; USB-kabel | USB 3.2 Gen 1 | USB-C\u2122 Han | USB-C\u2122 Han | 60 W | 4K@60Hz | 5 Gbps | Nikkelplateret | 1.50 m | Runde | Silikone | Sort | Box &#8211; CCGB64800BK15! Dette fleksible str\u00f8mforsyningskabel i silikone til USB 3.2 Gen 1 Type-C\u2122 er ideelt til at oplade [&hellip;]<\/p>\n","protected":false},"featured_media":0,"template":"","meta":[],"store":[1272516],"product_brand":[1272517],"product_cat":[1275232],"product_tag":[1275233,1275178],"class_list":{"0":"post-450190","1":"product","2":"type-product","3":"status-publish","5":"store-butik24","6":"product_brand-nedis","7":"product_cat-computer-og-netvaerk","8":"product_tag-computer-og-netvaerk","9":"product_tag-nedis","10":"pa_maerke-nedis","12":"first","13":"instock","14":"product-type-external"},"_links":{"self":[{"href":"https:\/\/www.pricetornado.com\/da\/wp-json\/wp\/v2\/product\/450190","targetHints":{"allow":["GET"]}}],"collection":[{"href":"https:\/\/www.pricetornado.com\/da\/wp-json\/wp\/v2\/product"}],"about":[{"href":"https:\/\/www.pricetornado.com\/da\/wp-json\/wp\/v2\/types\/product"}],"wp:attachment":[{"href":"https:\/\/www.pricetornado.com\/da\/wp-json\/wp\/v2\/media?parent=450190"}],"wp:term":[{"taxonomy":"store","embeddable":true,"href":"https:\/\/www.pricetornado.com\/da\/wp-json\/wp\/v2\/store?post=450190"},{"taxonomy":"product_brand","embeddable":true,"href":"https:\/\/www.pricetornado.com\/da\/wp-json\/wp\/v2\/product_brand?post=450190"},{"taxonomy":"product_cat","embeddable":true,"href":"https:\/\/www.pricetornado.com\/da\/wp-json\/wp\/v2\/product_cat?post=450190"},{"taxonomy":"product_tag","embeddable":true,"href":"https:\/\/www.pricetornado.com\/da\/wp-json\/wp\/v2\/product_tag?post=450190"}],"curies":[{"name":"wp","href":"https:\/\/api.w.org\/{rel}","templated":true}]}}