{"id":450186,"date":"2025-02-26T02:44:05","date_gmt":"2025-02-26T01:44:05","guid":{"rendered":"https:\/\/www.pricetornado.com\/da\/produkt\/nedis-antennekabel-sma-han-sma-hun-guldplateret-50-ohm-dobbelt-afskaermet-10-0-m-runde-pvc-sort-box-csgb02400bk100\/"},"modified":"2026-04-29T02:54:34","modified_gmt":"2026-04-29T00:54:34","slug":"nedis-antennekabel-sma-han-sma-hun-guldplateret-50-ohm-dobbelt-afskaermet-10-0-m-runde-pvc-sort-box-csgb02400bk100","status":"publish","type":"product","link":"https:\/\/www.pricetornado.com\/da\/produkt\/nedis-antennekabel-sma-han-sma-hun-guldplateret-50-ohm-dobbelt-afskaermet-10-0-m-runde-pvc-sort-box-csgb02400bk100\/","title":{"rendered":"Nedis &#8211; Antennekabel | SMA Han | SMA Hun | Guldplateret | 50 Ohm | Dobbelt afsk\u00e6rmet | 10.0 m | Runde | PVC | Sort | Box &#8211; CSGB02400BK100"},"content":{"rendered":"<p>K\u00f8b billig Nedis &#8211; Antennekabel | SMA Han | SMA Hun | Guldplateret | 50 Ohm | Dobbelt afsk\u00e6rmet | 10.0 m | Runde | PVC | Sort | Box &#8211; CSGB02400BK100!<br \/>\nKoaksialkabel af h\u00f8j kvalitet med lavt tab og en ydre kappe af PE (modstandsdygtig overfor milj\u00f8p\u00e5virkning) og en leder af kobber. Integrer dette kabel til tr\u00e5dl\u00f8se anvendelsesomr\u00e5der og bredb\u00e5ndskommunikation. Det har et driftstemperaturomr\u00e5de p\u00e5 -40 \u00b0C til +85 \u00b0C.<\/p>\n<p>Sammenlign priser p\u00e5 Nedis &#8211; Antennekabel | SMA Han | SMA Hun | Guldplateret | 50 Ohm | Dobbelt afsk\u00e6rmet | 10.0 m | Runde | PVC | Sort | Box &#8211; CSGB02400BK100 og k\u00f8b online til den billigste pris, samt p\u00e5 tilbud!\u00a0\u00a0Tjek den bedste pris, produkt beskrivelse, video, test, anmeldelser osv.<\/p>\n<p><strong>Brand: <\/strong>Nedis<br \/>\n<strong>EAN: <\/strong>5412810416639<br \/>\n<strong>Producentens varenr.:<\/strong> 5412810416639<\/p>\n<p><strong>P.S.<\/strong><br \/>\nTilmeld dig til &#8220;Opret Gratis Prisfald Alarm&#8221;, og bliv underrettet med det samme om prisfald p\u00e5 Nedis &#8211; Antennekabel | SMA Han | SMA Hun | Guldplateret | 50 Ohm | Dobbelt afsk\u00e6rmet | 10.0 m | Runde | PVC | Sort | Box &#8211; CSGB02400BK100, og f\u00e5 den billigste pris!<\/p>\n<p>&nbsp;<\/p>\n<p>&nbsp;<\/p>\n","protected":false},"excerpt":{"rendered":"<p>K\u00f8b billig Nedis &#8211; Antennekabel | SMA Han | SMA Hun | Guldplateret | 50 Ohm | Dobbelt afsk\u00e6rmet | 10.0 m | Runde | PVC | Sort | Box &#8211; CSGB02400BK100! Koaksialkabel af h\u00f8j kvalitet med lavt tab og en ydre kappe af PE (modstandsdygtig overfor milj\u00f8p\u00e5virkning) og en leder af kobber. Integrer dette [&hellip;]<\/p>\n","protected":false},"featured_media":999980000004501860,"template":"","meta":[],"store":[1272516],"product_brand":[1272517],"product_cat":[1275230],"product_tag":[1275178,1275231],"class_list":{"0":"post-450186","1":"product","2":"type-product","3":"status-publish","4":"has-post-thumbnail","6":"store-butik24","7":"product_brand-nedis","8":"product_cat-video","9":"product_tag-nedis","10":"product_tag-video","11":"pa_maerke-nedis","13":"first","14":"instock","15":"product-type-external"},"_links":{"self":[{"href":"https:\/\/www.pricetornado.com\/da\/wp-json\/wp\/v2\/product\/450186","targetHints":{"allow":["GET"]}}],"collection":[{"href":"https:\/\/www.pricetornado.com\/da\/wp-json\/wp\/v2\/product"}],"about":[{"href":"https:\/\/www.pricetornado.com\/da\/wp-json\/wp\/v2\/types\/product"}],"wp:featuredmedia":[{"embeddable":true,"href":"https:\/\/www.pricetornado.com\/da\/wp-json\/"}],"wp:attachment":[{"href":"https:\/\/www.pricetornado.com\/da\/wp-json\/wp\/v2\/media?parent=450186"}],"wp:term":[{"taxonomy":"store","embeddable":true,"href":"https:\/\/www.pricetornado.com\/da\/wp-json\/wp\/v2\/store?post=450186"},{"taxonomy":"product_brand","embeddable":true,"href":"https:\/\/www.pricetornado.com\/da\/wp-json\/wp\/v2\/product_brand?post=450186"},{"taxonomy":"product_cat","embeddable":true,"href":"https:\/\/www.pricetornado.com\/da\/wp-json\/wp\/v2\/product_cat?post=450186"},{"taxonomy":"product_tag","embeddable":true,"href":"https:\/\/www.pricetornado.com\/da\/wp-json\/wp\/v2\/product_tag?post=450186"}],"curies":[{"name":"wp","href":"https:\/\/api.w.org\/{rel}","templated":true}]}}