{"id":450176,"date":"2025-02-26T03:13:13","date_gmt":"2025-02-26T02:13:13","guid":{"rendered":"https:\/\/www.pricetornado.com\/da\/produkt\/nedis-usb-c-adapter-usb-3-2-gen-1-usb-c-han-hdmi-stik-4k60hz-2-00-m-runde-nikkelplateret-pvc-sort-label-ccgl64655bk20\/"},"modified":"2026-04-29T02:53:21","modified_gmt":"2026-04-29T00:53:21","slug":"nedis-usb-c-adapter-usb-3-2-gen-1-usb-c-han-hdmi-stik-4k60hz-2-00-m-runde-nikkelplateret-pvc-sort-label-ccgl64655bk20","status":"publish","type":"product","link":"https:\/\/www.pricetornado.com\/da\/produkt\/nedis-usb-c-adapter-usb-3-2-gen-1-usb-c-han-hdmi-stik-4k60hz-2-00-m-runde-nikkelplateret-pvc-sort-label-ccgl64655bk20\/","title":{"rendered":"Nedis &#8211; USB-C\u2122 Adapter | USB 3.2 Gen 1 | USB-C\u2122 Han | HDMI\u2122 Stik | 4K@60Hz | 2.00 m | Runde | Nikkelplateret | PVC | Sort | Label &#8211; CCGL64655BK20"},"content":{"rendered":"<p>K\u00f8b billig Nedis &#8211; USB-C\u2122 Adapter | USB 3.2 Gen 1 | USB-C\u2122 Han | HDMI\u2122 Stik | 4K@60Hz | 2.00 m | Runde | Nikkelplateret | PVC | Sort | Label &#8211; CCGL64655BK20!<br \/>\nSlut din b\u00e6rbare computer eller MacBook til et tv, en sk\u00e6rm eller en projektor med denne adapter. Dette adapterkabel underst\u00f8tter USB 3.2 Gen 1 med en maksimal videoopl\u00f8sning p\u00e5 4K ved 60 hz. Maks. underst\u00f8ttet opl\u00f8sning er 4096 x 2160 ved 60Hz. Denne 4K opl\u00f8sning er ideel til visning af videoer, billeder, pr\u00e6sentationer osv. S\u00f8rg for, at USB Type-C\u2122-porten p\u00e5 din b\u00e6rbar computer eller Macbook underst\u00f8tter DP Alt Mode.Denne adapter underst\u00f8tter Alt Mode, en funktionel udvidelse af USB-C\u2122, der giver USB-forbindelsen mulighed for at overf\u00f8re ikke-USB-signaler. Alt Mode er en valgfri funktion, der er unik for USB-C\u2122-stikket\/porten, og som sikrer, at teknologier som DisplayPort og Thunderbolt 3 kan overf\u00f8res.<\/p>\n<p>Sammenlign priser p\u00e5 Nedis &#8211; USB-C\u2122 Adapter | USB 3.2 Gen 1 | USB-C\u2122 Han | HDMI\u2122 Stik | 4K@60Hz | 2.00 m | Runde | Nikkelplateret | PVC | Sort | Label &#8211; CCGL64655BK20 og k\u00f8b online til den billigste pris, samt p\u00e5 tilbud!\u00a0\u00a0Tjek den bedste pris, produkt beskrivelse, video, test, anmeldelser osv.<\/p>\n<p><strong>Brand: <\/strong>Nedis<br \/>\n<strong>EAN: <\/strong>5412810422128<br \/>\n<strong>Producentens varenr.:<\/strong> 5412810422128<\/p>\n<p><strong>P.S.<\/strong><br \/>\nTilmeld dig til &#8220;Opret Gratis Prisfald Alarm&#8221;, og bliv underrettet med det samme om prisfald p\u00e5 Nedis &#8211; USB-C\u2122 Adapter | USB 3.2 Gen 1 | USB-C\u2122 Han | HDMI\u2122 Stik | 4K@60Hz | 2.00 m | Runde | Nikkelplateret | PVC | Sort | Label &#8211; CCGL64655BK20, og f\u00e5 den billigste pris!<\/p>\n<p>&nbsp;<\/p>\n<p>&nbsp;<\/p>\n","protected":false},"excerpt":{"rendered":"<p>K\u00f8b billig Nedis &#8211; USB-C\u2122 Adapter | USB 3.2 Gen 1 | USB-C\u2122 Han | HDMI\u2122 Stik | 4K@60Hz | 2.00 m | Runde | Nikkelplateret | PVC | Sort | Label &#8211; CCGL64655BK20! Slut din b\u00e6rbare computer eller MacBook til et tv, en sk\u00e6rm eller en projektor med denne adapter. Dette adapterkabel underst\u00f8tter USB [&hellip;]<\/p>\n","protected":false},"featured_media":0,"template":"","meta":[],"store":[1272516],"product_brand":[1272517],"product_cat":[1275232],"product_tag":[1275233,1275178],"class_list":{"0":"post-450176","1":"product","2":"type-product","3":"status-publish","5":"store-butik24","6":"product_brand-nedis","7":"product_cat-computer-og-netvaerk","8":"product_tag-computer-og-netvaerk","9":"product_tag-nedis","10":"pa_maerke-nedis","12":"first","13":"instock","14":"product-type-external"},"_links":{"self":[{"href":"https:\/\/www.pricetornado.com\/da\/wp-json\/wp\/v2\/product\/450176","targetHints":{"allow":["GET"]}}],"collection":[{"href":"https:\/\/www.pricetornado.com\/da\/wp-json\/wp\/v2\/product"}],"about":[{"href":"https:\/\/www.pricetornado.com\/da\/wp-json\/wp\/v2\/types\/product"}],"wp:attachment":[{"href":"https:\/\/www.pricetornado.com\/da\/wp-json\/wp\/v2\/media?parent=450176"}],"wp:term":[{"taxonomy":"store","embeddable":true,"href":"https:\/\/www.pricetornado.com\/da\/wp-json\/wp\/v2\/store?post=450176"},{"taxonomy":"product_brand","embeddable":true,"href":"https:\/\/www.pricetornado.com\/da\/wp-json\/wp\/v2\/product_brand?post=450176"},{"taxonomy":"product_cat","embeddable":true,"href":"https:\/\/www.pricetornado.com\/da\/wp-json\/wp\/v2\/product_cat?post=450176"},{"taxonomy":"product_tag","embeddable":true,"href":"https:\/\/www.pricetornado.com\/da\/wp-json\/wp\/v2\/product_tag?post=450176"}],"curies":[{"name":"wp","href":"https:\/\/api.w.org\/{rel}","templated":true}]}}