{"id":450174,"date":"2025-02-23T22:32:07","date_gmt":"2025-02-23T21:32:07","guid":{"rendered":"https:\/\/www.pricetornado.com\/da\/produkt\/nedis-usb-c-adapter-usb-3-2-gen-1-usb-c-han-hdmi-udgang-4k60hz-runde-nikkelplateret-graa-sort-box-ccgb64650gy\/"},"modified":"2026-04-29T02:53:14","modified_gmt":"2026-04-29T00:53:14","slug":"nedis-usb-c-adapter-usb-3-2-gen-1-usb-c-han-hdmi-udgang-4k60hz-runde-nikkelplateret-graa-sort-box-ccgb64650gy","status":"publish","type":"product","link":"https:\/\/www.pricetornado.com\/da\/produkt\/nedis-usb-c-adapter-usb-3-2-gen-1-usb-c-han-hdmi-udgang-4k60hz-runde-nikkelplateret-graa-sort-box-ccgb64650gy\/","title":{"rendered":"Nedis &#8211; USB-C\u2122 Adapter | USB 3.2 Gen 1 | USB-C\u2122 Han | HDMI \u2122 -udgang | 4K@60Hz | Runde | Nikkelplateret | Gr\u00e5 \/ Sort | Box &#8211; CCGB64650GY"},"content":{"rendered":"<p>K\u00f8b billig Nedis &#8211; USB-C\u2122 Adapter | USB 3.2 Gen 1 | USB-C\u2122 Han | HDMI \u2122 -udgang | 4K@60Hz | Runde | Nikkelplateret | Gr\u00e5 \/ Sort | Box &#8211; CCGB64650GY!<br \/>\nDenne adapter kan bruges til at slutte en computer, b\u00e6rbar computer, chromebook eller en anden enhed med en USB-C-udgang til et HDMI-kabel fra din sk\u00e6rm. Adapteren har en opl\u00f8sning p\u00e5 4K ved 60 HzDenne adapter har et chips\u00e6t, som g\u00f8r det muligt at transportere ikke-USB-signaler (USB Alternate Modes) via USB-C-forbindelsen. DisplayPort Alternate Mode, forkortet DP Alt Mode, er et alternativt signal, der g\u00f8r det muligt at sende videosignaler via USB-C-porten. Det giver dig mulighed for at slutte et tv, en sk\u00e6rm eller en projektor til USB-C-porten.<\/p>\n<p>Sammenlign priser p\u00e5 Nedis &#8211; USB-C\u2122 Adapter | USB 3.2 Gen 1 | USB-C\u2122 Han | HDMI \u2122 -udgang | 4K@60Hz | Runde | Nikkelplateret | Gr\u00e5 \/ Sort | Box &#8211; CCGB64650GY og k\u00f8b online til den billigste pris, samt p\u00e5 tilbud!\u00a0\u00a0Tjek den bedste pris, produkt beskrivelse, video, test, anmeldelser osv.<\/p>\n<p><strong>Brand: <\/strong>Nedis<br \/>\n<strong>EAN: <\/strong>5412810422104<br \/>\n<strong>Producentens varenr.:<\/strong> 5412810422104<\/p>\n<p><strong>P.S.<\/strong><br \/>\nTilmeld dig til &#8220;Opret Gratis Prisfald Alarm&#8221;, og bliv underrettet med det samme om prisfald p\u00e5 Nedis &#8211; USB-C\u2122 Adapter | USB 3.2 Gen 1 | USB-C\u2122 Han | HDMI \u2122 -udgang | 4K@60Hz | Runde | Nikkelplateret | Gr\u00e5 \/ Sort | Box &#8211; CCGB64650GY, og f\u00e5 den billigste pris!<\/p>\n<p>&nbsp;<\/p>\n<p>&nbsp;<\/p>\n","protected":false},"excerpt":{"rendered":"<p>K\u00f8b billig Nedis &#8211; USB-C\u2122 Adapter | USB 3.2 Gen 1 | USB-C\u2122 Han | HDMI \u2122 -udgang | 4K@60Hz | Runde | Nikkelplateret | Gr\u00e5 \/ Sort | Box &#8211; CCGB64650GY! Denne adapter kan bruges til at slutte en computer, b\u00e6rbar computer, chromebook eller en anden enhed med en USB-C-udgang til et HDMI-kabel fra [&hellip;]<\/p>\n","protected":false},"featured_media":0,"template":"","meta":[],"store":[1272516],"product_brand":[1272517],"product_cat":[1275232],"product_tag":[1275233,1275178],"class_list":{"0":"post-450174","1":"product","2":"type-product","3":"status-publish","5":"store-butik24","6":"product_brand-nedis","7":"product_cat-computer-og-netvaerk","8":"product_tag-computer-og-netvaerk","9":"product_tag-nedis","10":"pa_maerke-nedis","12":"first","13":"instock","14":"product-type-external"},"_links":{"self":[{"href":"https:\/\/www.pricetornado.com\/da\/wp-json\/wp\/v2\/product\/450174","targetHints":{"allow":["GET"]}}],"collection":[{"href":"https:\/\/www.pricetornado.com\/da\/wp-json\/wp\/v2\/product"}],"about":[{"href":"https:\/\/www.pricetornado.com\/da\/wp-json\/wp\/v2\/types\/product"}],"wp:attachment":[{"href":"https:\/\/www.pricetornado.com\/da\/wp-json\/wp\/v2\/media?parent=450174"}],"wp:term":[{"taxonomy":"store","embeddable":true,"href":"https:\/\/www.pricetornado.com\/da\/wp-json\/wp\/v2\/store?post=450174"},{"taxonomy":"product_brand","embeddable":true,"href":"https:\/\/www.pricetornado.com\/da\/wp-json\/wp\/v2\/product_brand?post=450174"},{"taxonomy":"product_cat","embeddable":true,"href":"https:\/\/www.pricetornado.com\/da\/wp-json\/wp\/v2\/product_cat?post=450174"},{"taxonomy":"product_tag","embeddable":true,"href":"https:\/\/www.pricetornado.com\/da\/wp-json\/wp\/v2\/product_tag?post=450174"}],"curies":[{"name":"wp","href":"https:\/\/api.w.org\/{rel}","templated":true}]}}