{"id":450173,"date":"2025-02-22T13:08:50","date_gmt":"2025-02-22T12:08:50","guid":{"rendered":"https:\/\/www.pricetornado.com\/da\/produkt\/nedis-usb-c-adapter-usb-3-2-gen-1-usb-c-han-displayport-han-4k60hz-2-00-m-runde-guldplateret-pvc-sort-label-ccgl64352bk20\/"},"modified":"2026-04-29T02:53:11","modified_gmt":"2026-04-29T00:53:11","slug":"nedis-usb-c-adapter-usb-3-2-gen-1-usb-c-han-displayport-han-4k60hz-2-00-m-runde-guldplateret-pvc-sort-label-ccgl64352bk20","status":"publish","type":"product","link":"https:\/\/www.pricetornado.com\/da\/produkt\/nedis-usb-c-adapter-usb-3-2-gen-1-usb-c-han-displayport-han-4k60hz-2-00-m-runde-guldplateret-pvc-sort-label-ccgl64352bk20\/","title":{"rendered":"Nedis &#8211; USB-C\u2122 Adapter | USB 3.2 Gen 1 | USB-C\u2122 Han | DisplayPort Han | 4K@60Hz | 2.00 m | Runde | Guldplateret | PVC | Sort | Label &#8211; CCGL64352BK20"},"content":{"rendered":"<p>K\u00f8b billig Nedis &#8211; USB-C\u2122 Adapter | USB 3.2 Gen 1 | USB-C\u2122 Han | DisplayPort Han | 4K@60Hz | 2.00 m | Runde | Guldplateret | PVC | Sort | Label &#8211; CCGL64352BK20!<br \/>\nMed denne USB 3.2 Gen 1-adapter fra Nedis kan du omforme en USB-C\u2122-port til en DisplayPort. Det g\u00f8r det nemmere at tilslutte en sk\u00e6rm til din b\u00e6rbare pc og spejle dine sk\u00e6rme. Kablet p\u00e5 2 meter \u00f8ger fleksibiliteten, da det sikrer, at du kan placere din sk\u00e6rm og b\u00e6rbare pc hvor som helst p\u00e5 dit skrivebord.<\/p>\n<p>Sammenlign priser p\u00e5 Nedis &#8211; USB-C\u2122 Adapter | USB 3.2 Gen 1 | USB-C\u2122 Han | DisplayPort Han | 4K@60Hz | 2.00 m | Runde | Guldplateret | PVC | Sort | Label &#8211; CCGL64352BK20 og k\u00f8b online til den billigste pris, samt p\u00e5 tilbud!\u00a0\u00a0Tjek den bedste pris, produkt beskrivelse, video, test, anmeldelser osv.<\/p>\n<p><strong>Brand: <\/strong>Nedis<br \/>\n<strong>EAN: <\/strong>5412810422081<br \/>\n<strong>Producentens varenr.:<\/strong> 5412810422081<\/p>\n<p><strong>P.S.<\/strong><br \/>\nTilmeld dig til &#8220;Opret Gratis Prisfald Alarm&#8221;, og bliv underrettet med det samme om prisfald p\u00e5 Nedis &#8211; USB-C\u2122 Adapter | USB 3.2 Gen 1 | USB-C\u2122 Han | DisplayPort Han | 4K@60Hz | 2.00 m | Runde | Guldplateret | PVC | Sort | Label &#8211; CCGL64352BK20, og f\u00e5 den billigste pris!<\/p>\n<p>&nbsp;<\/p>\n<p>&nbsp;<\/p>\n","protected":false},"excerpt":{"rendered":"<p>K\u00f8b billig Nedis &#8211; USB-C\u2122 Adapter | USB 3.2 Gen 1 | USB-C\u2122 Han | DisplayPort Han | 4K@60Hz | 2.00 m | Runde | Guldplateret | PVC | Sort | Label &#8211; CCGL64352BK20! Med denne USB 3.2 Gen 1-adapter fra Nedis kan du omforme en USB-C\u2122-port til en DisplayPort. Det g\u00f8r det nemmere at [&hellip;]<\/p>\n","protected":false},"featured_media":0,"template":"","meta":[],"store":[1272516],"product_brand":[1272517],"product_cat":[1275232],"product_tag":[1275233,1275178],"class_list":{"0":"post-450173","1":"product","2":"type-product","3":"status-publish","5":"store-butik24","6":"product_brand-nedis","7":"product_cat-computer-og-netvaerk","8":"product_tag-computer-og-netvaerk","9":"product_tag-nedis","10":"pa_maerke-nedis","12":"first","13":"instock","14":"product-type-external"},"_links":{"self":[{"href":"https:\/\/www.pricetornado.com\/da\/wp-json\/wp\/v2\/product\/450173","targetHints":{"allow":["GET"]}}],"collection":[{"href":"https:\/\/www.pricetornado.com\/da\/wp-json\/wp\/v2\/product"}],"about":[{"href":"https:\/\/www.pricetornado.com\/da\/wp-json\/wp\/v2\/types\/product"}],"wp:attachment":[{"href":"https:\/\/www.pricetornado.com\/da\/wp-json\/wp\/v2\/media?parent=450173"}],"wp:term":[{"taxonomy":"store","embeddable":true,"href":"https:\/\/www.pricetornado.com\/da\/wp-json\/wp\/v2\/store?post=450173"},{"taxonomy":"product_brand","embeddable":true,"href":"https:\/\/www.pricetornado.com\/da\/wp-json\/wp\/v2\/product_brand?post=450173"},{"taxonomy":"product_cat","embeddable":true,"href":"https:\/\/www.pricetornado.com\/da\/wp-json\/wp\/v2\/product_cat?post=450173"},{"taxonomy":"product_tag","embeddable":true,"href":"https:\/\/www.pricetornado.com\/da\/wp-json\/wp\/v2\/product_tag?post=450173"}],"curies":[{"name":"wp","href":"https:\/\/api.w.org\/{rel}","templated":true}]}}