{"id":450172,"date":"2025-02-21T21:26:40","date_gmt":"2025-02-21T20:26:40","guid":{"rendered":"https:\/\/www.pricetornado.com\/da\/produkt\/nedis-usb-kabel-usb-3-2-gen-2-usb-c-han-usb-c-han-100-w-4k60hz-20-gbps-nikkelplateret-2-00-m-runde-pvc-sort-box-ccgb64020bk20\/"},"modified":"2026-04-29T02:53:07","modified_gmt":"2026-04-29T00:53:07","slug":"nedis-usb-kabel-usb-3-2-gen-2-usb-c-han-usb-c-han-100-w-4k60hz-20-gbps-nikkelplateret-2-00-m-runde-pvc-sort-box-ccgb64020bk20","status":"publish","type":"product","link":"https:\/\/www.pricetornado.com\/da\/produkt\/nedis-usb-kabel-usb-3-2-gen-2-usb-c-han-usb-c-han-100-w-4k60hz-20-gbps-nikkelplateret-2-00-m-runde-pvc-sort-box-ccgb64020bk20\/","title":{"rendered":"Nedis &#8211; USB-kabel | USB 3.2 Gen 2 | USB-C\u2122 Han | USB-C\u2122 Han | 100 W | 4K@60Hz | 20 Gbps | Nikkelplateret | 2.00 m | Runde | PVC | Sort | Box &#8211; CCGB64020BK20"},"content":{"rendered":"<p>K\u00f8b billig Nedis &#8211; USB-kabel | USB 3.2 Gen 2 | USB-C\u2122 Han | USB-C\u2122 Han | 100 W | 4K@60Hz | 20 Gbps | Nikkelplateret | 2.00 m | Runde | PVC | Sort | Box &#8211; CCGB64020BK20!<br \/>\nSuperSpeed USB 20 Gbit\/s-kablet kan bruges til at oplade din telefon og andre enheder med en USB-C\u2122-ladeport. Det kan ogs\u00e5 bruges til at forbinde USB-C\u2122-enheder med hinanden. For eksempel: Slut din smartphone til din b\u00e6rbare computer med USB-C\u2122-stik. USB-C er det nyeste medlem af USB-familien, som du kun kan finde p\u00e5 de nyeste elektroniske enheder. Dette kabel er velegnet til en overf\u00f8rselshastighed p\u00e5 20 Gbps, som er 40 gange hurtigere end USB 2.0. 100 W\/5 V opladningsoutputtet oplader dine produkter ved h\u00f8j hastighed.<\/p>\n<p>Sammenlign priser p\u00e5 Nedis &#8211; USB-kabel | USB 3.2 Gen 2 | USB-C\u2122 Han | USB-C\u2122 Han | 100 W | 4K@60Hz | 20 Gbps | Nikkelplateret | 2.00 m | Runde | PVC | Sort | Box &#8211; CCGB64020BK20 og k\u00f8b online til den billigste pris, samt p\u00e5 tilbud!\u00a0\u00a0Tjek den bedste pris, produkt beskrivelse, video, test, anmeldelser osv.<\/p>\n<p><strong>Brand: <\/strong>Nedis<br \/>\n<strong>EAN: <\/strong>5412810422067<br \/>\n<strong>Producentens varenr.:<\/strong> 5412810422067<\/p>\n<p><strong>P.S.<\/strong><br \/>\nTilmeld dig til &#8220;Opret Gratis Prisfald Alarm&#8221;, og bliv underrettet med det samme om prisfald p\u00e5 Nedis &#8211; USB-kabel | USB 3.2 Gen 2 | USB-C\u2122 Han | USB-C\u2122 Han | 100 W | 4K@60Hz | 20 Gbps | Nikkelplateret | 2.00 m | Runde | PVC | Sort | Box &#8211; CCGB64020BK20, og f\u00e5 den billigste pris!<\/p>\n<p>&nbsp;<\/p>\n<p>&nbsp;<\/p>\n","protected":false},"excerpt":{"rendered":"<p>K\u00f8b billig Nedis &#8211; USB-kabel | USB 3.2 Gen 2 | USB-C\u2122 Han | USB-C\u2122 Han | 100 W | 4K@60Hz | 20 Gbps | Nikkelplateret | 2.00 m | Runde | PVC | Sort | Box &#8211; CCGB64020BK20! SuperSpeed USB 20 Gbit\/s-kablet kan bruges til at oplade din telefon og andre enheder med en [&hellip;]<\/p>\n","protected":false},"featured_media":0,"template":"","meta":[],"store":[1272516],"product_brand":[1272517],"product_cat":[1275232],"product_tag":[1275233,1275178],"class_list":{"0":"post-450172","1":"product","2":"type-product","3":"status-publish","5":"store-butik24","6":"product_brand-nedis","7":"product_cat-computer-og-netvaerk","8":"product_tag-computer-og-netvaerk","9":"product_tag-nedis","10":"pa_maerke-nedis","12":"first","13":"instock","14":"product-type-external"},"_links":{"self":[{"href":"https:\/\/www.pricetornado.com\/da\/wp-json\/wp\/v2\/product\/450172","targetHints":{"allow":["GET"]}}],"collection":[{"href":"https:\/\/www.pricetornado.com\/da\/wp-json\/wp\/v2\/product"}],"about":[{"href":"https:\/\/www.pricetornado.com\/da\/wp-json\/wp\/v2\/types\/product"}],"wp:attachment":[{"href":"https:\/\/www.pricetornado.com\/da\/wp-json\/wp\/v2\/media?parent=450172"}],"wp:term":[{"taxonomy":"store","embeddable":true,"href":"https:\/\/www.pricetornado.com\/da\/wp-json\/wp\/v2\/store?post=450172"},{"taxonomy":"product_brand","embeddable":true,"href":"https:\/\/www.pricetornado.com\/da\/wp-json\/wp\/v2\/product_brand?post=450172"},{"taxonomy":"product_cat","embeddable":true,"href":"https:\/\/www.pricetornado.com\/da\/wp-json\/wp\/v2\/product_cat?post=450172"},{"taxonomy":"product_tag","embeddable":true,"href":"https:\/\/www.pricetornado.com\/da\/wp-json\/wp\/v2\/product_tag?post=450172"}],"curies":[{"name":"wp","href":"https:\/\/api.w.org\/{rel}","templated":true}]}}