{"id":450169,"date":"2025-02-23T22:48:16","date_gmt":"2025-02-23T21:48:16","guid":{"rendered":"https:\/\/www.pricetornado.com\/da\/produkt\/nedis-usb-kabel-usb-3-2-gen-1-usb-c-han-usb-c-hun-60-w-4k60hz-5-gbps-nikkelplateret-2-00-m-runde-pvc-sort-label-ccgl64010bk20\/"},"modified":"2026-04-29T02:52:57","modified_gmt":"2026-04-29T00:52:57","slug":"nedis-usb-kabel-usb-3-2-gen-1-usb-c-han-usb-c-hun-60-w-4k60hz-5-gbps-nikkelplateret-2-00-m-runde-pvc-sort-label-ccgl64010bk20","status":"publish","type":"product","link":"https:\/\/www.pricetornado.com\/da\/produkt\/nedis-usb-kabel-usb-3-2-gen-1-usb-c-han-usb-c-hun-60-w-4k60hz-5-gbps-nikkelplateret-2-00-m-runde-pvc-sort-label-ccgl64010bk20\/","title":{"rendered":"Nedis &#8211; USB-kabel | USB 3.2 Gen 1 | USB-C\u2122 Han | USB-C\u2122 Hun | 60 W | 4K@60Hz | 5 Gbps | Nikkelplateret | 2.00 m | Runde | PVC | Sort | Label &#8211; CCGL64010BK20"},"content":{"rendered":"<p>K\u00f8b billig Nedis &#8211; USB-kabel | USB 3.2 Gen 1 | USB-C\u2122 Han | USB-C\u2122 Hun | 60 W | 4K@60Hz | 5 Gbps | Nikkelplateret | 2.00 m | Runde | PVC | Sort | Label &#8211; CCGL64010BK20!<br \/>\nTilslutning af en smartphone eller tablet foretages p\u00e5 nuv\u00e6rende tidspunkt typisk med et USB-C\u2122-stik. Dette er den tilslutningsmulighed, som mange brands bruger til opladning og overf\u00f8rsel af data mellem enheder.og derfor er det muligt at forl\u00e6nge kablets l\u00e6ngde med dette Nedis USB-C\u2122-forl\u00e6ngerkabel.<\/p>\n<p>Sammenlign priser p\u00e5 Nedis &#8211; USB-kabel | USB 3.2 Gen 1 | USB-C\u2122 Han | USB-C\u2122 Hun | 60 W | 4K@60Hz | 5 Gbps | Nikkelplateret | 2.00 m | Runde | PVC | Sort | Label &#8211; CCGL64010BK20 og k\u00f8b online til den billigste pris, samt p\u00e5 tilbud!\u00a0\u00a0Tjek den bedste pris, produkt beskrivelse, video, test, anmeldelser osv.<\/p>\n<p><strong>Brand: <\/strong>Nedis<br \/>\n<strong>EAN: <\/strong>5412810422029<br \/>\n<strong>Producentens varenr.:<\/strong> 5412810422029<\/p>\n<p><strong>P.S.<\/strong><br \/>\nTilmeld dig til &#8220;Opret Gratis Prisfald Alarm&#8221;, og bliv underrettet med det samme om prisfald p\u00e5 Nedis &#8211; USB-kabel | USB 3.2 Gen 1 | USB-C\u2122 Han | USB-C\u2122 Hun | 60 W | 4K@60Hz | 5 Gbps | Nikkelplateret | 2.00 m | Runde | PVC | Sort | Label &#8211; CCGL64010BK20, og f\u00e5 den billigste pris!<\/p>\n<p>&nbsp;<\/p>\n<p>&nbsp;<\/p>\n","protected":false},"excerpt":{"rendered":"<p>K\u00f8b billig Nedis &#8211; USB-kabel | USB 3.2 Gen 1 | USB-C\u2122 Han | USB-C\u2122 Hun | 60 W | 4K@60Hz | 5 Gbps | Nikkelplateret | 2.00 m | Runde | PVC | Sort | Label &#8211; CCGL64010BK20! Tilslutning af en smartphone eller tablet foretages p\u00e5 nuv\u00e6rende tidspunkt typisk med et USB-C\u2122-stik. Dette er [&hellip;]<\/p>\n","protected":false},"featured_media":0,"template":"","meta":[],"store":[1272516],"product_brand":[1272517],"product_cat":[1275232],"product_tag":[1275233,1275178],"class_list":{"0":"post-450169","1":"product","2":"type-product","3":"status-publish","5":"store-butik24","6":"product_brand-nedis","7":"product_cat-computer-og-netvaerk","8":"product_tag-computer-og-netvaerk","9":"product_tag-nedis","10":"pa_maerke-nedis","12":"first","13":"instock","14":"product-type-external"},"_links":{"self":[{"href":"https:\/\/www.pricetornado.com\/da\/wp-json\/wp\/v2\/product\/450169","targetHints":{"allow":["GET"]}}],"collection":[{"href":"https:\/\/www.pricetornado.com\/da\/wp-json\/wp\/v2\/product"}],"about":[{"href":"https:\/\/www.pricetornado.com\/da\/wp-json\/wp\/v2\/types\/product"}],"wp:attachment":[{"href":"https:\/\/www.pricetornado.com\/da\/wp-json\/wp\/v2\/media?parent=450169"}],"wp:term":[{"taxonomy":"store","embeddable":true,"href":"https:\/\/www.pricetornado.com\/da\/wp-json\/wp\/v2\/store?post=450169"},{"taxonomy":"product_brand","embeddable":true,"href":"https:\/\/www.pricetornado.com\/da\/wp-json\/wp\/v2\/product_brand?post=450169"},{"taxonomy":"product_cat","embeddable":true,"href":"https:\/\/www.pricetornado.com\/da\/wp-json\/wp\/v2\/product_cat?post=450169"},{"taxonomy":"product_tag","embeddable":true,"href":"https:\/\/www.pricetornado.com\/da\/wp-json\/wp\/v2\/product_tag?post=450169"}],"curies":[{"name":"wp","href":"https:\/\/api.w.org\/{rel}","templated":true}]}}