{"id":450150,"date":"2025-02-20T04:28:03","date_gmt":"2025-02-20T03:28:03","guid":{"rendered":"https:\/\/www.pricetornado.com\/da\/produkt\/nedis-mikrofon-kabel-2-x-0-35-mm%c2%b2-kobber-100-m-runde-pvc-sort-rulle-cabr1535bk1000\/"},"modified":"2026-04-29T02:51:32","modified_gmt":"2026-04-29T00:51:32","slug":"nedis-mikrofon-kabel-2-x-0-35-mm%c2%b2-kobber-100-m-runde-pvc-sort-rulle-cabr1535bk1000","status":"publish","type":"product","link":"https:\/\/www.pricetornado.com\/da\/produkt\/nedis-mikrofon-kabel-2-x-0-35-mm%c2%b2-kobber-100-m-runde-pvc-sort-rulle-cabr1535bk1000\/","title":{"rendered":"Nedis &#8211; Mikrofon kabel | 2 x 0.35 mm\u00b2 | Kobber | 100 m | Runde | PVC | Sort | Rulle &#8211; CABR1535BK1000"},"content":{"rendered":"<p>K\u00f8b billig Nedis &#8211; Mikrofon kabel | 2 x 0.35 mm\u00b2 | Kobber | 100 m | Runde | PVC | Sort | Rulle &#8211; CABR1535BK1000!<br \/>\nSammens\u00e6t stik p\u00e5 dette afbalancerede lydkabel fra Nedis, og skab dine egne lydforbindelser og forl\u00e6ngerkabler. Det afbalancerede lydkabel lever op til en fremragende standard for ydeevne. Det eneste, du skal g\u00f8re, er at skabe fantastisk musik!<\/p>\n<p>Sammenlign priser p\u00e5 Nedis &#8211; Mikrofon kabel | 2 x 0.35 mm\u00b2 | Kobber | 100 m | Runde | PVC | Sort | Rulle &#8211; CABR1535BK1000 og k\u00f8b online til den billigste pris, samt p\u00e5 tilbud!\u00a0\u00a0Tjek den bedste pris, produkt beskrivelse, video, test, anmeldelser osv.<\/p>\n<p><strong>Brand: <\/strong>Nedis<br \/>\n<strong>EAN: <\/strong>5412810312177<br \/>\n<strong>Producentens varenr.:<\/strong> 5412810312177<\/p>\n<p><strong>P.S.<\/strong><br \/>\nTilmeld dig til &#8220;Opret Gratis Prisfald Alarm&#8221;, og bliv underrettet med det samme om prisfald p\u00e5 Nedis &#8211; Mikrofon kabel | 2 x 0.35 mm\u00b2 | Kobber | 100 m | Runde | PVC | Sort | Rulle &#8211; CABR1535BK1000, og f\u00e5 den billigste pris!<\/p>\n<p>&nbsp;<\/p>\n<p>&nbsp;<\/p>\n","protected":false},"excerpt":{"rendered":"<p>K\u00f8b billig Nedis &#8211; Mikrofon kabel | 2 x 0.35 mm\u00b2 | Kobber | 100 m | Runde | PVC | Sort | Rulle &#8211; CABR1535BK1000! Sammens\u00e6t stik p\u00e5 dette afbalancerede lydkabel fra Nedis, og skab dine egne lydforbindelser og forl\u00e6ngerkabler. Det afbalancerede lydkabel lever op til en fremragende standard for ydeevne. Det eneste, du [&hellip;]<\/p>\n","protected":false},"featured_media":999980000004501500,"template":"","meta":[],"store":[1272516],"product_brand":[1272517],"product_cat":[1272472],"product_tag":[1272746,1275178],"class_list":{"0":"post-450150","1":"product","2":"type-product","3":"status-publish","4":"has-post-thumbnail","6":"store-butik24","7":"product_brand-nedis","8":"product_cat-lyd","9":"product_tag-lyd","10":"product_tag-nedis","11":"pa_maerke-nedis","13":"first","14":"instock","15":"product-type-external"},"_links":{"self":[{"href":"https:\/\/www.pricetornado.com\/da\/wp-json\/wp\/v2\/product\/450150","targetHints":{"allow":["GET"]}}],"collection":[{"href":"https:\/\/www.pricetornado.com\/da\/wp-json\/wp\/v2\/product"}],"about":[{"href":"https:\/\/www.pricetornado.com\/da\/wp-json\/wp\/v2\/types\/product"}],"wp:featuredmedia":[{"embeddable":true,"href":"https:\/\/www.pricetornado.com\/da\/wp-json\/"}],"wp:attachment":[{"href":"https:\/\/www.pricetornado.com\/da\/wp-json\/wp\/v2\/media?parent=450150"}],"wp:term":[{"taxonomy":"store","embeddable":true,"href":"https:\/\/www.pricetornado.com\/da\/wp-json\/wp\/v2\/store?post=450150"},{"taxonomy":"product_brand","embeddable":true,"href":"https:\/\/www.pricetornado.com\/da\/wp-json\/wp\/v2\/product_brand?post=450150"},{"taxonomy":"product_cat","embeddable":true,"href":"https:\/\/www.pricetornado.com\/da\/wp-json\/wp\/v2\/product_cat?post=450150"},{"taxonomy":"product_tag","embeddable":true,"href":"https:\/\/www.pricetornado.com\/da\/wp-json\/wp\/v2\/product_tag?post=450150"}],"curies":[{"name":"wp","href":"https:\/\/api.w.org\/{rel}","templated":true}]}}