{"id":450142,"date":"2025-02-27T04:58:48","date_gmt":"2025-02-27T03:58:48","guid":{"rendered":"https:\/\/www.pricetornado.com\/da\/produkt\/nedis-coax-kabel-paa-rulle-rg174-50-ohm-enkelt-afskaermet-eca-100-m-coax-pvc-sort-rulle-csbr0210bk1000\/"},"modified":"2026-04-29T02:51:00","modified_gmt":"2026-04-29T00:51:00","slug":"nedis-coax-kabel-paa-rulle-rg174-50-ohm-enkelt-afskaermet-eca-100-m-coax-pvc-sort-rulle-csbr0210bk1000","status":"publish","type":"product","link":"https:\/\/www.pricetornado.com\/da\/produkt\/nedis-coax-kabel-paa-rulle-rg174-50-ohm-enkelt-afskaermet-eca-100-m-coax-pvc-sort-rulle-csbr0210bk1000\/","title":{"rendered":"Nedis &#8211; Coax Kabel P\u00e5 Rulle | RG174 | 50 Ohm | Enkelt afsk\u00e6rmet | ECA | 100 m | Coax | PVC | Sort | Rulle &#8211; CSBR0210BK1000"},"content":{"rendered":"<p>K\u00f8b billig Nedis &#8211; Coax Kabel P\u00e5 Rulle | RG174 | 50 Ohm | Enkelt afsk\u00e6rmet | ECA | 100 m | Coax | PVC | Sort | Rulle &#8211; CSBR0210BK1000!<br \/>\nKoaksialkabel af h\u00f8j kvalitet p\u00e5 en 100 meter tromle, anvendes til Wi-Fi-komponentledninger eller signalforst\u00e6rkere til mobiltelefoner. Dette kabel leverer korrekt d\u00e6mpning og god dobbelt afsk\u00e6rmning mod signalinterferens i og uden for dit hjem.<\/p>\n<p>Sammenlign priser p\u00e5 Nedis &#8211; Coax Kabel P\u00e5 Rulle | RG174 | 50 Ohm | Enkelt afsk\u00e6rmet | ECA | 100 m | Coax | PVC | Sort | Rulle &#8211; CSBR0210BK1000 og k\u00f8b online til den billigste pris, samt p\u00e5 tilbud!\u00a0\u00a0Tjek den bedste pris, produkt beskrivelse, video, test, anmeldelser osv.<\/p>\n<p><strong>Brand: <\/strong>Nedis<br \/>\n<strong>EAN: <\/strong>5412810306664<br \/>\n<strong>Producentens varenr.:<\/strong> 5412810306664<\/p>\n<p><strong>P.S.<\/strong><br \/>\nTilmeld dig til &#8220;Opret Gratis Prisfald Alarm&#8221;, og bliv underrettet med det samme om prisfald p\u00e5 Nedis &#8211; Coax Kabel P\u00e5 Rulle | RG174 | 50 Ohm | Enkelt afsk\u00e6rmet | ECA | 100 m | Coax | PVC | Sort | Rulle &#8211; CSBR0210BK1000, og f\u00e5 den billigste pris!<\/p>\n<p>&nbsp;<\/p>\n<p>&nbsp;<\/p>\n","protected":false},"excerpt":{"rendered":"<p>K\u00f8b billig Nedis &#8211; Coax Kabel P\u00e5 Rulle | RG174 | 50 Ohm | Enkelt afsk\u00e6rmet | ECA | 100 m | Coax | PVC | Sort | Rulle &#8211; CSBR0210BK1000! Koaksialkabel af h\u00f8j kvalitet p\u00e5 en 100 meter tromle, anvendes til Wi-Fi-komponentledninger eller signalforst\u00e6rkere til mobiltelefoner. Dette kabel leverer korrekt d\u00e6mpning og god dobbelt [&hellip;]<\/p>\n","protected":false},"featured_media":999980000004501420,"template":"","meta":[],"store":[1272516],"product_brand":[1272517],"product_cat":[1275232],"product_tag":[1275233,1275178],"class_list":{"0":"post-450142","1":"product","2":"type-product","3":"status-publish","4":"has-post-thumbnail","6":"store-butik24","7":"product_brand-nedis","8":"product_cat-computer-og-netvaerk","9":"product_tag-computer-og-netvaerk","10":"product_tag-nedis","11":"pa_maerke-nedis","13":"first","14":"instock","15":"product-type-external"},"_links":{"self":[{"href":"https:\/\/www.pricetornado.com\/da\/wp-json\/wp\/v2\/product\/450142","targetHints":{"allow":["GET"]}}],"collection":[{"href":"https:\/\/www.pricetornado.com\/da\/wp-json\/wp\/v2\/product"}],"about":[{"href":"https:\/\/www.pricetornado.com\/da\/wp-json\/wp\/v2\/types\/product"}],"wp:featuredmedia":[{"embeddable":true,"href":"https:\/\/www.pricetornado.com\/da\/wp-json\/"}],"wp:attachment":[{"href":"https:\/\/www.pricetornado.com\/da\/wp-json\/wp\/v2\/media?parent=450142"}],"wp:term":[{"taxonomy":"store","embeddable":true,"href":"https:\/\/www.pricetornado.com\/da\/wp-json\/wp\/v2\/store?post=450142"},{"taxonomy":"product_brand","embeddable":true,"href":"https:\/\/www.pricetornado.com\/da\/wp-json\/wp\/v2\/product_brand?post=450142"},{"taxonomy":"product_cat","embeddable":true,"href":"https:\/\/www.pricetornado.com\/da\/wp-json\/wp\/v2\/product_cat?post=450142"},{"taxonomy":"product_tag","embeddable":true,"href":"https:\/\/www.pricetornado.com\/da\/wp-json\/wp\/v2\/product_tag?post=450142"}],"curies":[{"name":"wp","href":"https:\/\/api.w.org\/{rel}","templated":true}]}}