{"id":450137,"date":"2025-02-26T01:24:17","date_gmt":"2025-02-26T00:24:17","guid":{"rendered":"https:\/\/www.pricetornado.com\/da\/produkt\/nedis-hdmi-splitter-2-port-ports-2x-hdmi-output-4k30hz-2-25-gbps-abs-pvc-sort-vspl34002bk\/"},"modified":"2026-04-29T02:50:41","modified_gmt":"2026-04-29T00:50:41","slug":"nedis-hdmi-splitter-2-port-ports-2x-hdmi-output-4k30hz-2-25-gbps-abs-pvc-sort-vspl34002bk","status":"publish","type":"product","link":"https:\/\/www.pricetornado.com\/da\/produkt\/nedis-hdmi-splitter-2-port-ports-2x-hdmi-output-4k30hz-2-25-gbps-abs-pvc-sort-vspl34002bk\/","title":{"rendered":"Nedis &#8211; HDMI \u2122 Splitter | 2-Port port(s) | 2x HDMI\u2122 Output | 4K@30Hz | 2.25 Gbps | ABS \/ PVC | Sort &#8211; VSPL34002BK"},"content":{"rendered":"<p>K\u00f8b billig Nedis &#8211; HDMI \u2122 Splitter | 2-Port port(s) | 2x HDMI\u2122 Output | 4K@30Hz | 2.25 Gbps | ABS \/ PVC | Sort &#8211; VSPL34002BK!<br \/>\nDenne aktive Nedis HDMI\u2122-splitter med to porte er din l\u00f8sning til problemfri multimediedistribution. Den kompakte splitter duplikerer effektivt HDMI\u2122-signaler og leverer fantastisk lyd- og videokvalitet til flere sk\u00e6rme p\u00e5 samme tid. Splittere udligner signalet, s\u00e5 du kan bruge en l\u00e6ngere kabell\u00e6ngde uden signal- eller datatab.Vores HDMI\u2122-splitter er designet med tanke p\u00e5 alsidighed og forbinder nemt en HDMI\u2122-kilde til to tv&apos;er, sk\u00e6rme eller projektorer med HDMI\u2122-indgange, hvilket giver mulighed for synkroniserede seeroplevelser p\u00e5 tv\u00e6rs af forskellige rum.Oplev krystalklare billeder med underst\u00f8ttelse af opl\u00f8sninger op til 4K ved 30 Hz, hvilket sikrer, at alle detaljer vises levende. Uanset om du streamer film, spiller eller holder pr\u00e6sentationer, garanterer vores splitter en enest\u00e5ende ydeevne.Med to LED&apos;er, der indikerer aktive forbindelser, kan du nemt styre din multimedieops\u00e6tning. Str\u00f8mforsyningen til din splitter sker via en ledig USB-port p\u00e5 din enhed eller via en USB-oplader, s\u00e5 du ikke beh\u00f8ver flere str\u00f8mkilder.<\/p>\n<p>Sammenlign priser p\u00e5 Nedis &#8211; HDMI \u2122 Splitter | 2-Port port(s) | 2x HDMI\u2122 Output | 4K@30Hz | 2.25 Gbps | ABS \/ PVC | Sort &#8211; VSPL34002BK og k\u00f8b online til den billigste pris, samt p\u00e5 tilbud!\u00a0\u00a0Tjek den bedste pris, produkt beskrivelse, video, test, anmeldelser osv.<\/p>\n<p><strong>Brand: <\/strong>Nedis<br \/>\n<strong>EAN: <\/strong>5412810304929<br \/>\n<strong>Producentens varenr.:<\/strong> 5412810304929<\/p>\n<p><strong>P.S.<\/strong><br \/>\nTilmeld dig til &#8220;Opret Gratis Prisfald Alarm&#8221;, og bliv underrettet med det samme om prisfald p\u00e5 Nedis &#8211; HDMI \u2122 Splitter | 2-Port port(s) | 2x HDMI\u2122 Output | 4K@30Hz | 2.25 Gbps | ABS \/ PVC | Sort &#8211; VSPL34002BK, og f\u00e5 den billigste pris!<\/p>\n<p>&nbsp;<\/p>\n<p>&nbsp;<\/p>\n","protected":false},"excerpt":{"rendered":"<p>K\u00f8b billig Nedis &#8211; HDMI \u2122 Splitter | 2-Port port(s) | 2x HDMI\u2122 Output | 4K@30Hz | 2.25 Gbps | ABS \/ PVC | Sort &#8211; VSPL34002BK! Denne aktive Nedis HDMI\u2122-splitter med to porte er din l\u00f8sning til problemfri multimediedistribution. Den kompakte splitter duplikerer effektivt HDMI\u2122-signaler og leverer fantastisk lyd- og videokvalitet til flere sk\u00e6rme [&hellip;]<\/p>\n","protected":false},"featured_media":0,"template":"","meta":[],"store":[1272516],"product_brand":[1272517],"product_cat":[1275230],"product_tag":[1275178,1275231],"class_list":{"0":"post-450137","1":"product","2":"type-product","3":"status-publish","5":"store-butik24","6":"product_brand-nedis","7":"product_cat-video","8":"product_tag-nedis","9":"product_tag-video","10":"pa_maerke-nedis","12":"first","13":"instock","14":"product-type-external"},"_links":{"self":[{"href":"https:\/\/www.pricetornado.com\/da\/wp-json\/wp\/v2\/product\/450137","targetHints":{"allow":["GET"]}}],"collection":[{"href":"https:\/\/www.pricetornado.com\/da\/wp-json\/wp\/v2\/product"}],"about":[{"href":"https:\/\/www.pricetornado.com\/da\/wp-json\/wp\/v2\/types\/product"}],"wp:attachment":[{"href":"https:\/\/www.pricetornado.com\/da\/wp-json\/wp\/v2\/media?parent=450137"}],"wp:term":[{"taxonomy":"store","embeddable":true,"href":"https:\/\/www.pricetornado.com\/da\/wp-json\/wp\/v2\/store?post=450137"},{"taxonomy":"product_brand","embeddable":true,"href":"https:\/\/www.pricetornado.com\/da\/wp-json\/wp\/v2\/product_brand?post=450137"},{"taxonomy":"product_cat","embeddable":true,"href":"https:\/\/www.pricetornado.com\/da\/wp-json\/wp\/v2\/product_cat?post=450137"},{"taxonomy":"product_tag","embeddable":true,"href":"https:\/\/www.pricetornado.com\/da\/wp-json\/wp\/v2\/product_tag?post=450137"}],"curies":[{"name":"wp","href":"https:\/\/api.w.org\/{rel}","templated":true}]}}