{"id":450134,"date":"2025-02-27T12:28:34","date_gmt":"2025-02-27T11:28:34","guid":{"rendered":"https:\/\/www.pricetornado.com\/da\/produkt\/nedis-stereo-audio-kabel-3-5-mm-hanstik-2x-rca-hanstik-nikkelplateret-3-00-m-runde-moerkegraa-kartonhylster-coth22200gy30\/"},"modified":"2026-05-04T04:00:38","modified_gmt":"2026-05-04T02:00:38","slug":"nedis-stereo-audio-kabel-3-5-mm-hanstik-2x-rca-hanstik-nikkelplateret-3-00-m-runde-moerkegraa-kartonhylster-coth22200gy30","status":"publish","type":"product","link":"https:\/\/www.pricetornado.com\/da\/produkt\/nedis-stereo-audio-kabel-3-5-mm-hanstik-2x-rca-hanstik-nikkelplateret-3-00-m-runde-moerkegraa-kartonhylster-coth22200gy30\/","title":{"rendered":"Nedis &#8211; Stereo Audio kabel | 3.5 mm Hanstik | 2x RCA Hanstik | Nikkelplateret | 3.00 m | Runde | M\u00f8rkegr\u00e5 | Kartonhylster &#8211; COTH22200GY30"},"content":{"rendered":"<p>K\u00f8b billig Nedis &#8211; Stereo Audio kabel | 3.5 mm Hanstik | 2x RCA Hanstik | Nikkelplateret | 3.00 m | Runde | M\u00f8rkegr\u00e5 | Kartonhylster &#8211; COTH22200GY30!<br \/>\n3,5 mm &#8211; 2x RCA lydkabel kan bruges til forskellige l\u00f8sninger, forbinde, instrumenter, mikrofoner, forst\u00e6rkere eller DJ-udstyr til hinanden for at skabe den ideelle lydforbindelse.Nedis OnStage-serien best\u00e5r af en bred vifte af lydstik og kabler af den bedste kvalitet. Til enhver situation kan du finde en komplet lydledningsl\u00f8sning p\u00e5 scenen over kort og lang afstand.Tilslut instrumenter, mikrofoner, forst\u00e6rkere og andre enheder til (semi)professionelle musikere for en fantastisk lydgengivelse.<\/p>\n<p>Sammenlign priser p\u00e5 Nedis &#8211; Stereo Audio kabel | 3.5 mm Hanstik | 2x RCA Hanstik | Nikkelplateret | 3.00 m | Runde | M\u00f8rkegr\u00e5 | Kartonhylster &#8211; COTH22200GY30 og k\u00f8b online til den billigste pris, samt p\u00e5 tilbud!\u00a0\u00a0Tjek den bedste pris, produkt beskrivelse, video, test, anmeldelser osv.<\/p>\n<p><strong>Brand: <\/strong>Nedis<br \/>\n<strong>EAN: <\/strong>5412810295210<br \/>\n<strong>Producentens varenr.:<\/strong> 5412810295210<\/p>\n<p><strong>P.S.<\/strong><br \/>\nTilmeld dig til &#8220;Opret Gratis Prisfald Alarm&#8221;, og bliv underrettet med det samme om prisfald p\u00e5 Nedis &#8211; Stereo Audio kabel | 3.5 mm Hanstik | 2x RCA Hanstik | Nikkelplateret | 3.00 m | Runde | M\u00f8rkegr\u00e5 | Kartonhylster &#8211; COTH22200GY30, og f\u00e5 den billigste pris!<\/p>\n<p>&nbsp;<\/p>\n<p>&nbsp;<\/p>\n","protected":false},"excerpt":{"rendered":"<p>K\u00f8b billig Nedis &#8211; Stereo Audio kabel | 3.5 mm Hanstik | 2x RCA Hanstik | Nikkelplateret | 3.00 m | Runde | M\u00f8rkegr\u00e5 | Kartonhylster &#8211; COTH22200GY30! 3,5 mm &#8211; 2x RCA lydkabel kan bruges til forskellige l\u00f8sninger, forbinde, instrumenter, mikrofoner, forst\u00e6rkere eller DJ-udstyr til hinanden for at skabe den ideelle lydforbindelse.Nedis OnStage-serien best\u00e5r [&hellip;]<\/p>\n","protected":false},"featured_media":999980000004501340,"template":"","meta":[],"store":[1272516],"product_brand":[1272517],"product_cat":[1272472],"product_tag":[1272746,1275178],"class_list":{"0":"post-450134","1":"product","2":"type-product","3":"status-publish","4":"has-post-thumbnail","6":"store-butik24","7":"product_brand-nedis","8":"product_cat-lyd","9":"product_tag-lyd","10":"product_tag-nedis","11":"pa_maerke-nedis","13":"first","14":"instock","15":"product-type-external"},"_links":{"self":[{"href":"https:\/\/www.pricetornado.com\/da\/wp-json\/wp\/v2\/product\/450134","targetHints":{"allow":["GET"]}}],"collection":[{"href":"https:\/\/www.pricetornado.com\/da\/wp-json\/wp\/v2\/product"}],"about":[{"href":"https:\/\/www.pricetornado.com\/da\/wp-json\/wp\/v2\/types\/product"}],"wp:featuredmedia":[{"embeddable":true,"href":"https:\/\/www.pricetornado.com\/da\/wp-json\/"}],"wp:attachment":[{"href":"https:\/\/www.pricetornado.com\/da\/wp-json\/wp\/v2\/media?parent=450134"}],"wp:term":[{"taxonomy":"store","embeddable":true,"href":"https:\/\/www.pricetornado.com\/da\/wp-json\/wp\/v2\/store?post=450134"},{"taxonomy":"product_brand","embeddable":true,"href":"https:\/\/www.pricetornado.com\/da\/wp-json\/wp\/v2\/product_brand?post=450134"},{"taxonomy":"product_cat","embeddable":true,"href":"https:\/\/www.pricetornado.com\/da\/wp-json\/wp\/v2\/product_cat?post=450134"},{"taxonomy":"product_tag","embeddable":true,"href":"https:\/\/www.pricetornado.com\/da\/wp-json\/wp\/v2\/product_tag?post=450134"}],"curies":[{"name":"wp","href":"https:\/\/api.w.org\/{rel}","templated":true}]}}