{"id":450131,"date":"2025-02-20T10:06:43","date_gmt":"2025-02-20T09:06:43","guid":{"rendered":"https:\/\/www.pricetornado.com\/da\/produkt\/nedis-netvaerksvaegboks-flush-mount-2-port-ports-cat6a-lige-hun-guldplateret-pvc-hvid-konvolut-ccgp89250iv\/"},"modified":"2026-04-30T03:29:58","modified_gmt":"2026-04-30T01:29:58","slug":"nedis-netvaerksvaegboks-flush-mount-2-port-ports-cat6a-lige-hun-guldplateret-pvc-hvid-konvolut-ccgp89250iv","status":"publish","type":"product","link":"https:\/\/www.pricetornado.com\/da\/produkt\/nedis-netvaerksvaegboks-flush-mount-2-port-ports-cat6a-lige-hun-guldplateret-pvc-hvid-konvolut-ccgp89250iv\/","title":{"rendered":"Nedis &#8211; Netv\u00e6rksv\u00e6gboks | Flush Mount | 2-Port port(s) | CAT6a | Lige | Hun | Guldplateret | PVC | Hvid | Konvolut &#8211; CCGP89250IV"},"content":{"rendered":"<p>K\u00f8b billig Nedis &#8211; Netv\u00e6rksv\u00e6gboks | Flush Mount | 2-Port port(s) | CAT6a | Lige | Hun | Guldplateret | PVC | Hvid | Konvolut &#8211; CCGP89250IV!<br \/>\nDenne RJ45-v\u00e6gboks har to RJ45-netv\u00e6rksforbindelser. Den kan fladmonteres og er velegnet til CAT 6a.<\/p>\n<p>Sammenlign priser p\u00e5 Nedis &#8211; Netv\u00e6rksv\u00e6gboks | Flush Mount | 2-Port port(s) | CAT6a | Lige | Hun | Guldplateret | PVC | Hvid | Konvolut &#8211; CCGP89250IV og k\u00f8b online til den billigste pris, samt p\u00e5 tilbud!\u00a0\u00a0Tjek den bedste pris, produkt beskrivelse, video, test, anmeldelser osv.<\/p>\n<p><strong>Brand: <\/strong>Nedis<br \/>\n<strong>EAN: <\/strong>5412810331048<br \/>\n<strong>Producentens varenr.:<\/strong> 5412810331048<\/p>\n<p><strong>P.S.<\/strong><br \/>\nTilmeld dig til &#8220;Opret Gratis Prisfald Alarm&#8221;, og bliv underrettet med det samme om prisfald p\u00e5 Nedis &#8211; Netv\u00e6rksv\u00e6gboks | Flush Mount | 2-Port port(s) | CAT6a | Lige | Hun | Guldplateret | PVC | Hvid | Konvolut &#8211; CCGP89250IV, og f\u00e5 den billigste pris!<\/p>\n<p>&nbsp;<\/p>\n<p>&nbsp;<\/p>\n","protected":false},"excerpt":{"rendered":"<p>K\u00f8b billig Nedis &#8211; Netv\u00e6rksv\u00e6gboks | Flush Mount | 2-Port port(s) | CAT6a | Lige | Hun | Guldplateret | PVC | Hvid | Konvolut &#8211; CCGP89250IV! Denne RJ45-v\u00e6gboks har to RJ45-netv\u00e6rksforbindelser. Den kan fladmonteres og er velegnet til CAT 6a. Sammenlign priser p\u00e5 Nedis &#8211; Netv\u00e6rksv\u00e6gboks | Flush Mount | 2-Port port(s) | CAT6a [&hellip;]<\/p>\n","protected":false},"featured_media":999980000004501310,"template":"","meta":[],"store":[1272516],"product_brand":[1272517],"product_cat":[1275232],"product_tag":[1275233,1275178],"class_list":{"0":"post-450131","1":"product","2":"type-product","3":"status-publish","4":"has-post-thumbnail","6":"store-butik24","7":"product_brand-nedis","8":"product_cat-computer-og-netvaerk","9":"product_tag-computer-og-netvaerk","10":"product_tag-nedis","11":"pa_maerke-nedis","13":"first","14":"instock","15":"product-type-external"},"_links":{"self":[{"href":"https:\/\/www.pricetornado.com\/da\/wp-json\/wp\/v2\/product\/450131","targetHints":{"allow":["GET"]}}],"collection":[{"href":"https:\/\/www.pricetornado.com\/da\/wp-json\/wp\/v2\/product"}],"about":[{"href":"https:\/\/www.pricetornado.com\/da\/wp-json\/wp\/v2\/types\/product"}],"wp:featuredmedia":[{"embeddable":true,"href":"https:\/\/www.pricetornado.com\/da\/wp-json\/"}],"wp:attachment":[{"href":"https:\/\/www.pricetornado.com\/da\/wp-json\/wp\/v2\/media?parent=450131"}],"wp:term":[{"taxonomy":"store","embeddable":true,"href":"https:\/\/www.pricetornado.com\/da\/wp-json\/wp\/v2\/store?post=450131"},{"taxonomy":"product_brand","embeddable":true,"href":"https:\/\/www.pricetornado.com\/da\/wp-json\/wp\/v2\/product_brand?post=450131"},{"taxonomy":"product_cat","embeddable":true,"href":"https:\/\/www.pricetornado.com\/da\/wp-json\/wp\/v2\/product_cat?post=450131"},{"taxonomy":"product_tag","embeddable":true,"href":"https:\/\/www.pricetornado.com\/da\/wp-json\/wp\/v2\/product_tag?post=450131"}],"curies":[{"name":"wp","href":"https:\/\/api.w.org\/{rel}","templated":true}]}}