{"id":450129,"date":"2025-02-23T09:11:11","date_gmt":"2025-02-23T08:11:11","guid":{"rendered":"https:\/\/www.pricetornado.com\/da\/produkt\/nedis-usb-docking-station-usb-3-2-gen-1-usb-c-han-displayport-hun-hdmi-udgang-rj45-hun-vga-hun-2-x-3-5-mm-hunstik-2x-usb-c-4x-usb-a-0-20-m-runde\/"},"modified":"2026-04-29T02:49:21","modified_gmt":"2026-04-29T00:49:21","slug":"nedis-usb-docking-station-usb-3-2-gen-1-usb-c-han-displayport-hun-hdmi-udgang-rj45-hun-vga-hun-2-x-3-5-mm-hunstik-2x-usb-c-4x-usb-a-0-20-m-runde","status":"publish","type":"product","link":"https:\/\/www.pricetornado.com\/da\/produkt\/nedis-usb-docking-station-usb-3-2-gen-1-usb-c-han-displayport-hun-hdmi-udgang-rj45-hun-vga-hun-2-x-3-5-mm-hunstik-2x-usb-c-4x-usb-a-0-20-m-runde\/","title":{"rendered":"Nedis &#8211; USB Docking Station | USB 3.2 Gen 1 | USB-C\u2122 Han | DisplayPort Hun \/ HDMI \u2122 -udgang \/ RJ45 Hun \/ VGA Hun \/ 2 x 3.5 mm Hunstik \/ 2x USB-C\u2122 \/ 4x USB-A | 0.20 m | Runde | Nikkelplateret | Flettet \/ Nylon | Hvid | Window Box med Euro l\u00e5s &#8211; CCTB6499&#8230;"},"content":{"rendered":"<p>K\u00f8b billig Nedis &#8211; USB Docking Station | USB 3.2 Gen 1 | USB-C\u2122 Han | DisplayPort Hun \/ HDMI \u2122 -udgang \/ RJ45 Hun \/ VGA Hun \/ 2 x 3.5 mm Hunstik \/ 2x USB-C\u2122 \/ 4x USB-A | 0.20 m | Runde | Nikkelplateret | Flettet \/ Nylon | Hvid | Window Box med Euro l\u00e5s &#8211; CCTB6499&#8230;!<br \/>\nDit kvalitetsvalg. Nedis Fabritallic-mediekablerne er de bedste inden for deres segment. Seriens prioritering af fremragende kommunikation mellem medieenheder og et detaljeret design viser, at de er klar til fremtiden, er perfekt matchet til dit medieudstyr og klar til fremtidige udvidelser. Ud over det fejlfrie design giver denne serie af tilslutningsmuligheder stabil og hurtig forbindelse mellem enheder, som f.eks. station\u00e6re computere, b\u00e6rbare pc&apos;er, smartphones og tablets,takket v\u00e6re innovativ teknologi og eksklusiv produktudvikling. Fabritallic-mediekablerne \u00e6ndrer den m\u00e5de, dine medieenheder interagerer med hinanden p\u00e5. USB 3.2 \u00f8ger dataoverf\u00f8rselshastigheden med op til 40 gange s\u00e5 h\u00f8j hastighed som USB 2.0.USB 3.2-produkter f\u00e5s i 3 versioner: USB 3.2 Gen 1, Gen 2 og Gen 2&#215;2, hvilket sikrer dataoverf\u00f8rsler i 5 Gbps, 10 Gbps og 20 Gbps. Den er beregnet til programmer, som f.eks. overf\u00f8rsel af HD-videooptagelser eller sikkerhedskopiering af en hel harddisk til en ekstern harddisk. Kabellederne er fremstillet af h\u00f8jkvalitets oxygenfrit kobber og fortinnet kobber og er lagdelt med et specielt isoleringsmateriale. Det reducerer risikoen for kortslutninger til et ekstremt lavt niveau. Specifikationerne sikrer en stabil og hurtig forbindelse mellem din computer og andre medieenheder.Vores livslange garantibeskyttelse er et bevis p\u00e5 vores l\u00f8fte om at garantere den bedste produktkvalitet.F\u00f8rsteklasses design med stikkabinet af aluminiumslegering giver en holdbar produktfinish.Den flettede sammenkoblingskappe i nylon beskytter din forbindelse mod ultraviolette lyseffekter, vridning og tr\u00e6kbelastning.F\u00f8rsteklasses oxygenfri kobberledere sikrer fremragende fejlfri og krystalklar overf\u00f8rsel af data, video og lydsignaler.A-klasse, ikke-ledende kabelafsk\u00e6rmninger sikrer et knivskarpt billede, der giver maksimal beskyttelse mod EMI- og RF-interferens.<\/p>\n<p>Sammenlign priser p\u00e5 Nedis &#8211; USB Docking Station | USB 3.2 Gen 1 | USB-C\u2122 Han | DisplayPort Hun \/ HDMI \u2122 -udgang \/ RJ45 Hun \/ VGA Hun \/ 2 x 3.5 mm Hunstik \/ 2x USB-C\u2122 \/ 4x USB-A | 0.20 m | Runde | Nikkelplateret | Flettet \/ Nylon | Hvid | Window Box med Euro l\u00e5s &#8211; CCTB6499&#8230; og k\u00f8b online til den billigste pris, samt p\u00e5 tilbud!\u00a0\u00a0Tjek den bedste pris, produkt beskrivelse, video, test, anmeldelser osv.<\/p>\n<p><strong>Brand: <\/strong>Nedis<br \/>\n<strong>EAN: <\/strong>5412810329595<br \/>\n<strong>Producentens varenr.:<\/strong> 5412810329595<\/p>\n<p><strong>P.S.<\/strong><br \/>\nTilmeld dig til &#8220;Opret Gratis Prisfald Alarm&#8221;, og bliv underrettet med det samme om prisfald p\u00e5 Nedis &#8211; USB Docking Station | USB 3.2 Gen 1 | USB-C\u2122 Han | DisplayPort Hun \/ HDMI \u2122 -udgang \/ RJ45 Hun \/ VGA Hun \/ 2 x 3.5 mm Hunstik \/ 2x USB-C\u2122 \/ 4x USB-A | 0.20 m | Runde | Nikkelplateret | Flettet \/ Nylon | Hvid | Window Box med Euro l\u00e5s &#8211; CCTB6499&#8230;, og f\u00e5 den billigste pris!<\/p>\n<p>&nbsp;<\/p>\n<p>&nbsp;<\/p>\n","protected":false},"excerpt":{"rendered":"<p>K\u00f8b billig Nedis &#8211; USB Docking Station | USB 3.2 Gen 1 | USB-C\u2122 Han | DisplayPort Hun \/ HDMI \u2122 -udgang \/ RJ45 Hun \/ VGA Hun \/ 2 x 3.5 mm Hunstik \/ 2x USB-C\u2122 \/ 4x USB-A | 0.20 m | Runde | Nikkelplateret | Flettet \/ Nylon | Hvid | Window [&hellip;]<\/p>\n","protected":false},"featured_media":0,"template":"","meta":[],"store":[1272516],"product_brand":[1272517],"product_cat":[1275232],"product_tag":[1275233,1275178],"class_list":{"0":"post-450129","1":"product","2":"type-product","3":"status-publish","5":"store-butik24","6":"product_brand-nedis","7":"product_cat-computer-og-netvaerk","8":"product_tag-computer-og-netvaerk","9":"product_tag-nedis","10":"pa_maerke-nedis","12":"first","13":"instock","14":"product-type-external"},"_links":{"self":[{"href":"https:\/\/www.pricetornado.com\/da\/wp-json\/wp\/v2\/product\/450129","targetHints":{"allow":["GET"]}}],"collection":[{"href":"https:\/\/www.pricetornado.com\/da\/wp-json\/wp\/v2\/product"}],"about":[{"href":"https:\/\/www.pricetornado.com\/da\/wp-json\/wp\/v2\/types\/product"}],"wp:attachment":[{"href":"https:\/\/www.pricetornado.com\/da\/wp-json\/wp\/v2\/media?parent=450129"}],"wp:term":[{"taxonomy":"store","embeddable":true,"href":"https:\/\/www.pricetornado.com\/da\/wp-json\/wp\/v2\/store?post=450129"},{"taxonomy":"product_brand","embeddable":true,"href":"https:\/\/www.pricetornado.com\/da\/wp-json\/wp\/v2\/product_brand?post=450129"},{"taxonomy":"product_cat","embeddable":true,"href":"https:\/\/www.pricetornado.com\/da\/wp-json\/wp\/v2\/product_cat?post=450129"},{"taxonomy":"product_tag","embeddable":true,"href":"https:\/\/www.pricetornado.com\/da\/wp-json\/wp\/v2\/product_tag?post=450129"}],"curies":[{"name":"wp","href":"https:\/\/api.w.org\/{rel}","templated":true}]}}