{"id":450128,"date":"2025-02-26T22:52:09","date_gmt":"2025-02-26T21:52:09","guid":{"rendered":"https:\/\/www.pricetornado.com\/da\/produkt\/nedis-usb-kabel-usb-2-0-usb-c-han-usb-a-han-15-w-480-mbps-nikkelplateret-3-00-m-runde-pvc-sort-box-ccgb60600bk30\/"},"modified":"2026-04-29T02:49:17","modified_gmt":"2026-04-29T00:49:17","slug":"nedis-usb-kabel-usb-2-0-usb-c-han-usb-a-han-15-w-480-mbps-nikkelplateret-3-00-m-runde-pvc-sort-box-ccgb60600bk30","status":"publish","type":"product","link":"https:\/\/www.pricetornado.com\/da\/produkt\/nedis-usb-kabel-usb-2-0-usb-c-han-usb-a-han-15-w-480-mbps-nikkelplateret-3-00-m-runde-pvc-sort-box-ccgb60600bk30\/","title":{"rendered":"Nedis &#8211; USB-kabel | USB 2.0 | USB-C\u2122 Han | USB-A Han | 15 W | 480 Mbps | Nikkelplateret | 3.00 m | Runde | PVC | Sort | Box &#8211; CCGB60600BK30"},"content":{"rendered":"<p>K\u00f8b billig Nedis &#8211; USB-kabel | USB 2.0 | USB-C\u2122 Han | USB-A Han | 15 W | 480 Mbps | Nikkelplateret | 3.00 m | Runde | PVC | Sort | Box &#8211; CCGB60600BK30!<br \/>\nTilslut mobilenheder til din pc eller MacBook ved hj\u00e6lp af dette USB-C 2.0-kabel, og oplev den ultimative tilslutningsl\u00f8sning i \u00e9t kabel. Er perfekt egnet til opladning og hurtig dataoverf\u00f8rsel.<\/p>\n<p>Sammenlign priser p\u00e5 Nedis &#8211; USB-kabel | USB 2.0 | USB-C\u2122 Han | USB-A Han | 15 W | 480 Mbps | Nikkelplateret | 3.00 m | Runde | PVC | Sort | Box &#8211; CCGB60600BK30 og k\u00f8b online til den billigste pris, samt p\u00e5 tilbud!\u00a0\u00a0Tjek den bedste pris, produkt beskrivelse, video, test, anmeldelser osv.<\/p>\n<p><strong>Brand: <\/strong>Nedis<br \/>\n<strong>EAN: <\/strong>5412810329519<br \/>\n<strong>Producentens varenr.:<\/strong> 5412810329519<\/p>\n<p><strong>P.S.<\/strong><br \/>\nTilmeld dig til &#8220;Opret Gratis Prisfald Alarm&#8221;, og bliv underrettet med det samme om prisfald p\u00e5 Nedis &#8211; USB-kabel | USB 2.0 | USB-C\u2122 Han | USB-A Han | 15 W | 480 Mbps | Nikkelplateret | 3.00 m | Runde | PVC | Sort | Box &#8211; CCGB60600BK30, og f\u00e5 den billigste pris!<\/p>\n<p>&nbsp;<\/p>\n<p>&nbsp;<\/p>\n","protected":false},"excerpt":{"rendered":"<p>K\u00f8b billig Nedis &#8211; USB-kabel | USB 2.0 | USB-C\u2122 Han | USB-A Han | 15 W | 480 Mbps | Nikkelplateret | 3.00 m | Runde | PVC | Sort | Box &#8211; CCGB60600BK30! Tilslut mobilenheder til din pc eller MacBook ved hj\u00e6lp af dette USB-C 2.0-kabel, og oplev den ultimative tilslutningsl\u00f8sning i \u00e9t [&hellip;]<\/p>\n","protected":false},"featured_media":0,"template":"","meta":[],"store":[1272516],"product_brand":[1272517],"product_cat":[1275232],"product_tag":[1275233,1275178],"class_list":{"0":"post-450128","1":"product","2":"type-product","3":"status-publish","5":"store-butik24","6":"product_brand-nedis","7":"product_cat-computer-og-netvaerk","8":"product_tag-computer-og-netvaerk","9":"product_tag-nedis","10":"pa_maerke-nedis","12":"first","13":"instock","14":"product-type-external"},"_links":{"self":[{"href":"https:\/\/www.pricetornado.com\/da\/wp-json\/wp\/v2\/product\/450128","targetHints":{"allow":["GET"]}}],"collection":[{"href":"https:\/\/www.pricetornado.com\/da\/wp-json\/wp\/v2\/product"}],"about":[{"href":"https:\/\/www.pricetornado.com\/da\/wp-json\/wp\/v2\/types\/product"}],"wp:attachment":[{"href":"https:\/\/www.pricetornado.com\/da\/wp-json\/wp\/v2\/media?parent=450128"}],"wp:term":[{"taxonomy":"store","embeddable":true,"href":"https:\/\/www.pricetornado.com\/da\/wp-json\/wp\/v2\/store?post=450128"},{"taxonomy":"product_brand","embeddable":true,"href":"https:\/\/www.pricetornado.com\/da\/wp-json\/wp\/v2\/product_brand?post=450128"},{"taxonomy":"product_cat","embeddable":true,"href":"https:\/\/www.pricetornado.com\/da\/wp-json\/wp\/v2\/product_cat?post=450128"},{"taxonomy":"product_tag","embeddable":true,"href":"https:\/\/www.pricetornado.com\/da\/wp-json\/wp\/v2\/product_tag?post=450128"}],"curies":[{"name":"wp","href":"https:\/\/api.w.org\/{rel}","templated":true}]}}