{"id":450121,"date":"2025-02-26T13:42:58","date_gmt":"2025-02-26T12:42:58","guid":{"rendered":"https:\/\/www.pricetornado.com\/da\/produkt\/nedis-vga-kabel-displayport-han-vga-han-nikkelplateret-maksimal-oploesning-1080p-2-00-m-runde-pvc-sort-box-ccgb37301bk20\/"},"modified":"2026-05-11T05:00:29","modified_gmt":"2026-05-11T03:00:29","slug":"nedis-vga-kabel-displayport-han-vga-han-nikkelplateret-maksimal-oploesning-1080p-2-00-m-runde-pvc-sort-box-ccgb37301bk20","status":"publish","type":"product","link":"https:\/\/www.pricetornado.com\/da\/produkt\/nedis-vga-kabel-displayport-han-vga-han-nikkelplateret-maksimal-oploesning-1080p-2-00-m-runde-pvc-sort-box-ccgb37301bk20\/","title":{"rendered":"Nedis &#8211; VGA-kabel | DisplayPort Han | VGA Han | Nikkelplateret | Maksimal opl\u00f8sning: 1080p | 2.00 m | Runde | PVC | Sort | Box &#8211; CCGB37301BK20"},"content":{"rendered":"<p>K\u00f8b billig Nedis &#8211; VGA-kabel | DisplayPort Han | VGA Han | Nikkelplateret | Maksimal opl\u00f8sning: 1080p | 2.00 m | Runde | PVC | Sort | Box &#8211; CCGB37301BK20!<br \/>\nDette Nedis\u00ae kabel konverterer DisplayPort-signaler til VGA-signaler. Ideel til at slutte DisplayPort-enheder til din computer.<\/p>\n<p>Sammenlign priser p\u00e5 Nedis &#8211; VGA-kabel | DisplayPort Han | VGA Han | Nikkelplateret | Maksimal opl\u00f8sning: 1080p | 2.00 m | Runde | PVC | Sort | Box &#8211; CCGB37301BK20 og k\u00f8b online til den billigste pris, samt p\u00e5 tilbud!\u00a0\u00a0Tjek den bedste pris, produkt beskrivelse, video, test, anmeldelser osv.<\/p>\n<p><strong>Brand: <\/strong>Nedis<br \/>\n<strong>EAN: <\/strong>5412810327744<br \/>\n<strong>Producentens varenr.:<\/strong> 5412810327744<\/p>\n<p><strong>P.S.<\/strong><br \/>\nTilmeld dig til &#8220;Opret Gratis Prisfald Alarm&#8221;, og bliv underrettet med det samme om prisfald p\u00e5 Nedis &#8211; VGA-kabel | DisplayPort Han | VGA Han | Nikkelplateret | Maksimal opl\u00f8sning: 1080p | 2.00 m | Runde | PVC | Sort | Box &#8211; CCGB37301BK20, og f\u00e5 den billigste pris!<\/p>\n<p>&nbsp;<\/p>\n<p>&nbsp;<\/p>\n","protected":false},"excerpt":{"rendered":"<p>K\u00f8b billig Nedis &#8211; VGA-kabel | DisplayPort Han | VGA Han | Nikkelplateret | Maksimal opl\u00f8sning: 1080p | 2.00 m | Runde | PVC | Sort | Box &#8211; CCGB37301BK20! Dette Nedis\u00ae kabel konverterer DisplayPort-signaler til VGA-signaler. Ideel til at slutte DisplayPort-enheder til din computer. Sammenlign priser p\u00e5 Nedis &#8211; VGA-kabel | DisplayPort Han | [&hellip;]<\/p>\n","protected":false},"featured_media":999980000004501210,"template":"","meta":[],"store":[1272516],"product_brand":[1272517],"product_cat":[1275232],"product_tag":[1275233,1275178],"class_list":{"0":"post-450121","1":"product","2":"type-product","3":"status-publish","4":"has-post-thumbnail","6":"store-butik24","7":"product_brand-nedis","8":"product_cat-computer-og-netvaerk","9":"product_tag-computer-og-netvaerk","10":"product_tag-nedis","11":"pa_maerke-nedis","13":"first","14":"instock","15":"product-type-external"},"_links":{"self":[{"href":"https:\/\/www.pricetornado.com\/da\/wp-json\/wp\/v2\/product\/450121","targetHints":{"allow":["GET"]}}],"collection":[{"href":"https:\/\/www.pricetornado.com\/da\/wp-json\/wp\/v2\/product"}],"about":[{"href":"https:\/\/www.pricetornado.com\/da\/wp-json\/wp\/v2\/types\/product"}],"wp:featuredmedia":[{"embeddable":true,"href":"https:\/\/www.pricetornado.com\/da\/wp-json\/"}],"wp:attachment":[{"href":"https:\/\/www.pricetornado.com\/da\/wp-json\/wp\/v2\/media?parent=450121"}],"wp:term":[{"taxonomy":"store","embeddable":true,"href":"https:\/\/www.pricetornado.com\/da\/wp-json\/wp\/v2\/store?post=450121"},{"taxonomy":"product_brand","embeddable":true,"href":"https:\/\/www.pricetornado.com\/da\/wp-json\/wp\/v2\/product_brand?post=450121"},{"taxonomy":"product_cat","embeddable":true,"href":"https:\/\/www.pricetornado.com\/da\/wp-json\/wp\/v2\/product_cat?post=450121"},{"taxonomy":"product_tag","embeddable":true,"href":"https:\/\/www.pricetornado.com\/da\/wp-json\/wp\/v2\/product_tag?post=450121"}],"curies":[{"name":"wp","href":"https:\/\/api.w.org\/{rel}","templated":true}]}}