{"id":450114,"date":"2025-02-25T09:06:41","date_gmt":"2025-02-25T08:06:41","guid":{"rendered":"https:\/\/www.pricetornado.com\/da\/produkt\/nedis-f-quick-f-quick-kabel-f-han-quick-f-han-quick-guldplateret-90-db-75-ohm-dobbelt-afskaermet-10-0-m-runde-pvc-hvid-window-box-csbw41300wt100\/"},"modified":"2026-05-07T04:30:27","modified_gmt":"2026-05-07T02:30:27","slug":"nedis-f-quick-f-quick-kabel-f-han-quick-f-han-quick-guldplateret-90-db-75-ohm-dobbelt-afskaermet-10-0-m-runde-pvc-hvid-window-box-csbw41300wt100","status":"publish","type":"product","link":"https:\/\/www.pricetornado.com\/da\/produkt\/nedis-f-quick-f-quick-kabel-f-han-quick-f-han-quick-guldplateret-90-db-75-ohm-dobbelt-afskaermet-10-0-m-runde-pvc-hvid-window-box-csbw41300wt100\/","title":{"rendered":"Nedis &#8211; F Quick &#8211; F Quick-kabel | F Han Quick | F Han Quick | Guldplateret | 90 dB | 75 Ohm | Dobbelt afsk\u00e6rmet | 10.0 m | Runde | PVC | Hvid | Window Box &#8211; CSBW41300WT100"},"content":{"rendered":"<p>K\u00f8b billig Nedis &#8211; F Quick &#8211; F Quick-kabel | F Han Quick | F Han Quick | Guldplateret | 90 dB | 75 Ohm | Dobbelt afsk\u00e6rmet | 10.0 m | Runde | PVC | Hvid | Window Box &#8211; CSBW41300WT100!<br \/>\nDette F-antennekabel fra Nedis er velegnet til at slutte enheder, s\u00e5som satellitantenner, til et tv eller en dekoder.<\/p>\n<p>Sammenlign priser p\u00e5 Nedis &#8211; F Quick &#8211; F Quick-kabel | F Han Quick | F Han Quick | Guldplateret | 90 dB | 75 Ohm | Dobbelt afsk\u00e6rmet | 10.0 m | Runde | PVC | Hvid | Window Box &#8211; CSBW41300WT100 og k\u00f8b online til den billigste pris, samt p\u00e5 tilbud!\u00a0\u00a0Tjek den bedste pris, produkt beskrivelse, video, test, anmeldelser osv.<\/p>\n<p><strong>Brand: <\/strong>Nedis<br \/>\n<strong>EAN: <\/strong>5412810326419<br \/>\n<strong>Producentens varenr.:<\/strong> 5412810326419<\/p>\n<p><strong>P.S.<\/strong><br \/>\nTilmeld dig til &#8220;Opret Gratis Prisfald Alarm&#8221;, og bliv underrettet med det samme om prisfald p\u00e5 Nedis &#8211; F Quick &#8211; F Quick-kabel | F Han Quick | F Han Quick | Guldplateret | 90 dB | 75 Ohm | Dobbelt afsk\u00e6rmet | 10.0 m | Runde | PVC | Hvid | Window Box &#8211; CSBW41300WT100, og f\u00e5 den billigste pris!<\/p>\n<p>&nbsp;<\/p>\n<p>&nbsp;<\/p>\n","protected":false},"excerpt":{"rendered":"<p>K\u00f8b billig Nedis &#8211; F Quick &#8211; F Quick-kabel | F Han Quick | F Han Quick | Guldplateret | 90 dB | 75 Ohm | Dobbelt afsk\u00e6rmet | 10.0 m | Runde | PVC | Hvid | Window Box &#8211; CSBW41300WT100! Dette F-antennekabel fra Nedis er velegnet til at slutte enheder, s\u00e5som satellitantenner, til [&hellip;]<\/p>\n","protected":false},"featured_media":999980000004501140,"template":"","meta":[],"store":[1272516],"product_brand":[1272517],"product_cat":[1275230],"product_tag":[1275178,1275231],"class_list":{"0":"post-450114","1":"product","2":"type-product","3":"status-publish","4":"has-post-thumbnail","6":"store-butik24","7":"product_brand-nedis","8":"product_cat-video","9":"product_tag-nedis","10":"product_tag-video","11":"pa_maerke-nedis","13":"first","14":"instock","15":"product-type-external"},"_links":{"self":[{"href":"https:\/\/www.pricetornado.com\/da\/wp-json\/wp\/v2\/product\/450114","targetHints":{"allow":["GET"]}}],"collection":[{"href":"https:\/\/www.pricetornado.com\/da\/wp-json\/wp\/v2\/product"}],"about":[{"href":"https:\/\/www.pricetornado.com\/da\/wp-json\/wp\/v2\/types\/product"}],"wp:featuredmedia":[{"embeddable":true,"href":"https:\/\/www.pricetornado.com\/da\/wp-json\/"}],"wp:attachment":[{"href":"https:\/\/www.pricetornado.com\/da\/wp-json\/wp\/v2\/media?parent=450114"}],"wp:term":[{"taxonomy":"store","embeddable":true,"href":"https:\/\/www.pricetornado.com\/da\/wp-json\/wp\/v2\/store?post=450114"},{"taxonomy":"product_brand","embeddable":true,"href":"https:\/\/www.pricetornado.com\/da\/wp-json\/wp\/v2\/product_brand?post=450114"},{"taxonomy":"product_cat","embeddable":true,"href":"https:\/\/www.pricetornado.com\/da\/wp-json\/wp\/v2\/product_cat?post=450114"},{"taxonomy":"product_tag","embeddable":true,"href":"https:\/\/www.pricetornado.com\/da\/wp-json\/wp\/v2\/product_tag?post=450114"}],"curies":[{"name":"wp","href":"https:\/\/api.w.org\/{rel}","templated":true}]}}