{"id":450111,"date":"2025-02-24T11:07:27","date_gmt":"2025-02-24T10:07:27","guid":{"rendered":"https:\/\/www.pricetornado.com\/da\/produkt\/nedis-satellit-antennekabel-f-han-quick-f-han-quick-guldplateret-90-db-75-ohm-enkelt-afskaermet-3-00-m-runde-pvc-hvid-box-csbw41000wt30\/"},"modified":"2026-05-01T03:30:25","modified_gmt":"2026-05-01T01:30:25","slug":"nedis-satellit-antennekabel-f-han-quick-f-han-quick-guldplateret-90-db-75-ohm-enkelt-afskaermet-3-00-m-runde-pvc-hvid-box-csbw41000wt30","status":"publish","type":"product","link":"https:\/\/www.pricetornado.com\/da\/produkt\/nedis-satellit-antennekabel-f-han-quick-f-han-quick-guldplateret-90-db-75-ohm-enkelt-afskaermet-3-00-m-runde-pvc-hvid-box-csbw41000wt30\/","title":{"rendered":"Nedis &#8211; Satellit &amp; Antennekabel | F Han Quick | F Han Quick | Guldplateret | 90 dB | 75 Ohm | Enkelt afsk\u00e6rmet | 3.00 m | Runde | PVC | Hvid | Box &#8211; CSBW41000WT30"},"content":{"rendered":"<p>K\u00f8b billig Nedis &#8211; Satellit &amp; Antennekabel | F Han Quick | F Han Quick | Guldplateret | 90 dB | 75 Ohm | Enkelt afsk\u00e6rmet | 3.00 m | Runde | PVC | Hvid | Box &#8211; CSBW41000WT30!<br \/>\nKoaksialkabel fra Nedis til tilslutning af en parabolantenne til en LNB eller en tv-modtagerboks for at modtage antennesignaler.<\/p>\n<p>Sammenlign priser p\u00e5 Nedis &#8211; Satellit &amp; Antennekabel | F Han Quick | F Han Quick | Guldplateret | 90 dB | 75 Ohm | Enkelt afsk\u00e6rmet | 3.00 m | Runde | PVC | Hvid | Box &#8211; CSBW41000WT30 og k\u00f8b online til den billigste pris, samt p\u00e5 tilbud!\u00a0\u00a0Tjek den bedste pris, produkt beskrivelse, video, test, anmeldelser osv.<\/p>\n<p><strong>Brand: <\/strong>Nedis<br \/>\n<strong>EAN: <\/strong>5412810326297<br \/>\n<strong>Producentens varenr.:<\/strong> 5412810326297<\/p>\n<p><strong>P.S.<\/strong><br \/>\nTilmeld dig til &#8220;Opret Gratis Prisfald Alarm&#8221;, og bliv underrettet med det samme om prisfald p\u00e5 Nedis &#8211; Satellit &amp; Antennekabel | F Han Quick | F Han Quick | Guldplateret | 90 dB | 75 Ohm | Enkelt afsk\u00e6rmet | 3.00 m | Runde | PVC | Hvid | Box &#8211; CSBW41000WT30, og f\u00e5 den billigste pris!<\/p>\n<p>&nbsp;<\/p>\n<p>&nbsp;<\/p>\n","protected":false},"excerpt":{"rendered":"<p>K\u00f8b billig Nedis &#8211; Satellit &amp; Antennekabel | F Han Quick | F Han Quick | Guldplateret | 90 dB | 75 Ohm | Enkelt afsk\u00e6rmet | 3.00 m | Runde | PVC | Hvid | Box &#8211; CSBW41000WT30! Koaksialkabel fra Nedis til tilslutning af en parabolantenne til en LNB eller en tv-modtagerboks for at [&hellip;]<\/p>\n","protected":false},"featured_media":999980000004501110,"template":"","meta":[],"store":[1272516],"product_brand":[1272517],"product_cat":[1275230],"product_tag":[1275178,1275231],"class_list":{"0":"post-450111","1":"product","2":"type-product","3":"status-publish","4":"has-post-thumbnail","6":"store-butik24","7":"product_brand-nedis","8":"product_cat-video","9":"product_tag-nedis","10":"product_tag-video","11":"pa_maerke-nedis","13":"first","14":"instock","15":"product-type-external"},"_links":{"self":[{"href":"https:\/\/www.pricetornado.com\/da\/wp-json\/wp\/v2\/product\/450111","targetHints":{"allow":["GET"]}}],"collection":[{"href":"https:\/\/www.pricetornado.com\/da\/wp-json\/wp\/v2\/product"}],"about":[{"href":"https:\/\/www.pricetornado.com\/da\/wp-json\/wp\/v2\/types\/product"}],"wp:featuredmedia":[{"embeddable":true,"href":"https:\/\/www.pricetornado.com\/da\/wp-json\/"}],"wp:attachment":[{"href":"https:\/\/www.pricetornado.com\/da\/wp-json\/wp\/v2\/media?parent=450111"}],"wp:term":[{"taxonomy":"store","embeddable":true,"href":"https:\/\/www.pricetornado.com\/da\/wp-json\/wp\/v2\/store?post=450111"},{"taxonomy":"product_brand","embeddable":true,"href":"https:\/\/www.pricetornado.com\/da\/wp-json\/wp\/v2\/product_brand?post=450111"},{"taxonomy":"product_cat","embeddable":true,"href":"https:\/\/www.pricetornado.com\/da\/wp-json\/wp\/v2\/product_cat?post=450111"},{"taxonomy":"product_tag","embeddable":true,"href":"https:\/\/www.pricetornado.com\/da\/wp-json\/wp\/v2\/product_tag?post=450111"}],"curies":[{"name":"wp","href":"https:\/\/api.w.org\/{rel}","templated":true}]}}