{"id":450106,"date":"2025-02-21T15:11:29","date_gmt":"2025-02-21T14:11:29","guid":{"rendered":"https:\/\/www.pricetornado.com\/da\/produkt\/nedis-iec-coax-cat6-combi-kabel-paa-rulle-rg58-75-ohm-dobbelt-afskaermet-eca-10-0-m-runde-hvid-rulle-csgr4500wt100\/"},"modified":"2026-05-13T01:47:05","modified_gmt":"2026-05-12T23:47:05","slug":"nedis-iec-coax-cat6-combi-kabel-paa-rulle-rg58-75-ohm-dobbelt-afskaermet-eca-10-0-m-runde-hvid-rulle-csgr4500wt100","status":"publish","type":"product","link":"https:\/\/www.pricetornado.com\/da\/produkt\/nedis-iec-coax-cat6-combi-kabel-paa-rulle-rg58-75-ohm-dobbelt-afskaermet-eca-10-0-m-runde-hvid-rulle-csgr4500wt100\/","title":{"rendered":"Nedis &#8211; IEC (Coax) CAT6 Combi Kabel p\u00e5 rulle | RG58 | 75 Ohm | Dobbelt afsk\u00e6rmet | ECA | 10.0 m | Runde | Hvid | Rulle &#8211; CSGR4500WT100"},"content":{"rendered":"<p>K\u00f8b billig Nedis &#8211; IEC (Coax) CAT6 Combi Kabel p\u00e5 rulle | RG58 | 75 Ohm | Dobbelt afsk\u00e6rmet | ECA | 10.0 m | Runde | Hvid | Rulle &#8211; CSGR4500WT100!<br \/>\nDette Nedis koaksial\/CAT6-kombikabel overf\u00f8rer b\u00e5de internetsignalet og tv-signalet. P\u00e5 den m\u00e5de beh\u00f8ver du kun at tr\u00e6kke et enkelt kabel i stedet for to separate gennem v\u00e6gge og r\u00f8r i dit hjem eller kontor og slutte det til dit tv, set-top-boks eller satellitmodtager.Kablet kombinerer en koaksialleder af typen RG58 med 75 Ohm og CAT6-ledere i \u00e9t rundt kabel. Det g\u00f8r det velegnet, n\u00e5r du \u00f8nsker at f\u00f8re b\u00e5de tv-signal og netv\u00e6rksforbindelse samlet i \u00e9n installation.Den dobbelte afsk\u00e6rmning hj\u00e6lper med at reducere elektromagnetisk interferens og underst\u00f8tter en mere p\u00e5lidelig signaloverf\u00f8rsel. Kablet er ECA-klassificeret og udviklet til installationer, hvor stabil ydelse er vigtig.Den hvide farve g\u00f8r kablet velegnet til en diskret installation i hjemmet eller p\u00e5 kontoret. Har du brug for en samlet l\u00f8sning til b\u00e5de tv og internet, er dette kombikabel et praktisk valg.<\/p>\n<p>Sammenlign priser p\u00e5 Nedis &#8211; IEC (Coax) CAT6 Combi Kabel p\u00e5 rulle | RG58 | 75 Ohm | Dobbelt afsk\u00e6rmet | ECA | 10.0 m | Runde | Hvid | Rulle &#8211; CSGR4500WT100 og k\u00f8b online til den billigste pris, samt p\u00e5 tilbud!\u00a0\u00a0Tjek den bedste pris, produkt beskrivelse, video, test, anmeldelser osv.<\/p>\n<p><strong>Brand: <\/strong>Nedis<br \/>\n<strong>EAN: <\/strong>5412810320363<br \/>\n<strong>Producentens varenr.:<\/strong> 5412810320363<\/p>\n<p><strong>P.S.<\/strong><br \/>\nTilmeld dig til &#8220;Opret Gratis Prisfald Alarm&#8221;, og bliv underrettet med det samme om prisfald p\u00e5 Nedis &#8211; IEC (Coax) CAT6 Combi Kabel p\u00e5 rulle | RG58 | 75 Ohm | Dobbelt afsk\u00e6rmet | ECA | 10.0 m | Runde | Hvid | Rulle &#8211; CSGR4500WT100, og f\u00e5 den billigste pris!<\/p>\n<p>&nbsp;<\/p>\n<p>&nbsp;<\/p>\n","protected":false},"excerpt":{"rendered":"<p>K\u00f8b billig Nedis &#8211; IEC (Coax) CAT6 Combi Kabel p\u00e5 rulle | RG58 | 75 Ohm | Dobbelt afsk\u00e6rmet | ECA | 10.0 m | Runde | Hvid | Rulle &#8211; CSGR4500WT100! Dette Nedis koaksial\/CAT6-kombikabel overf\u00f8rer b\u00e5de internetsignalet og tv-signalet. P\u00e5 den m\u00e5de beh\u00f8ver du kun at tr\u00e6kke et enkelt kabel i stedet for to [&hellip;]<\/p>\n","protected":false},"featured_media":999980000004501060,"template":"","meta":[],"store":[1272516],"product_brand":[1272517],"product_cat":[1275230],"product_tag":[1275178,1275231],"class_list":{"0":"post-450106","1":"product","2":"type-product","3":"status-publish","4":"has-post-thumbnail","6":"store-butik24","7":"product_brand-nedis","8":"product_cat-video","9":"product_tag-nedis","10":"product_tag-video","11":"pa_maerke-nedis","13":"first","14":"instock","15":"product-type-external"},"_links":{"self":[{"href":"https:\/\/www.pricetornado.com\/da\/wp-json\/wp\/v2\/product\/450106","targetHints":{"allow":["GET"]}}],"collection":[{"href":"https:\/\/www.pricetornado.com\/da\/wp-json\/wp\/v2\/product"}],"about":[{"href":"https:\/\/www.pricetornado.com\/da\/wp-json\/wp\/v2\/types\/product"}],"wp:featuredmedia":[{"embeddable":true,"href":"https:\/\/www.pricetornado.com\/da\/wp-json\/"}],"wp:attachment":[{"href":"https:\/\/www.pricetornado.com\/da\/wp-json\/wp\/v2\/media?parent=450106"}],"wp:term":[{"taxonomy":"store","embeddable":true,"href":"https:\/\/www.pricetornado.com\/da\/wp-json\/wp\/v2\/store?post=450106"},{"taxonomy":"product_brand","embeddable":true,"href":"https:\/\/www.pricetornado.com\/da\/wp-json\/wp\/v2\/product_brand?post=450106"},{"taxonomy":"product_cat","embeddable":true,"href":"https:\/\/www.pricetornado.com\/da\/wp-json\/wp\/v2\/product_cat?post=450106"},{"taxonomy":"product_tag","embeddable":true,"href":"https:\/\/www.pricetornado.com\/da\/wp-json\/wp\/v2\/product_tag?post=450106"}],"curies":[{"name":"wp","href":"https:\/\/api.w.org\/{rel}","templated":true}]}}