{"id":450103,"date":"2025-02-27T01:48:07","date_gmt":"2025-02-27T00:48:07","guid":{"rendered":"https:\/\/www.pricetornado.com\/da\/produkt\/nedis-hdmi-splitter-4-port-ports-4x-hdmi-output-4k60hz-18-gbps-metal-antracit-vspl3474at\/"},"modified":"2026-05-13T02:14:45","modified_gmt":"2026-05-13T00:14:45","slug":"nedis-hdmi-splitter-4-port-ports-4x-hdmi-output-4k60hz-18-gbps-metal-antracit-vspl3474at","status":"publish","type":"product","link":"https:\/\/www.pricetornado.com\/da\/produkt\/nedis-hdmi-splitter-4-port-ports-4x-hdmi-output-4k60hz-18-gbps-metal-antracit-vspl3474at\/","title":{"rendered":"Nedis &#8211; HDMI \u2122 Splitter | 4-Port port(s) | 4x HDMI\u2122 Output | 4K@60Hz | 18 Gbps | Metal | Antracit &#8211; VSPL3474AT"},"content":{"rendered":"<p>K\u00f8b billig Nedis &#8211; HDMI \u2122 Splitter | 4-Port port(s) | 4x HDMI\u2122 Output | 4K@60Hz | 18 Gbps | Metal | Antracit &#8211; VSPL3474AT!<br \/>\nMed denne Nedis HDMI-splitter kan du vise film, pr\u00e6sentationer, billeder og andet indhold fra \u00e9n Ultra HD HDMI\u2122-enhed p\u00e5 fire Ultra HD-sk\u00e6rme samtidigt. Splitteren fordeler 1 x HDMI\u2122-input til 4 x HDMI\u2122-output og underst\u00f8tter opl\u00f8sning op til 4K@60Hz.HDMI-splitteren forst\u00e6rker signalet, s\u00e5 du kan bruge l\u00e6ngere kabler uden at forringe signalkvaliteten. Den underst\u00f8tter en b\u00e5ndbredde p\u00e5 18 Gbps samt 3D og HDCP 2.2, hvilket g\u00f8r den velegnet til moderne AV-ops\u00e6tninger.Derudover underst\u00f8ttes lydformater som DTS-HD Master Audio og Dolby TrueHD, s\u00e5 b\u00e5de billede og lyd sendes videre i h\u00f8j kvalitet.Kabinettet er udf\u00f8rt i metal med antracit-finish, som giver en robust konstruktion til brug sammen med AV-udstyr. Splitteren er plug-and-play, s\u00e5 den er klar til brug med det samme.Enheden er netdrevet og leveres med AC-adapter. Den har 5 V DC-input med 9,0 x 5,5 mm-stik eller DC-stik.Underst\u00f8tter 3D og HDCP 2.2Et praktisk valg, n\u00e5r du vil distribuere det samme HDMI-signal til fire sk\u00e6rme p\u00e5 en enkel og stabil m\u00e5de.<\/p>\n<p>Sammenlign priser p\u00e5 Nedis &#8211; HDMI \u2122 Splitter | 4-Port port(s) | 4x HDMI\u2122 Output | 4K@60Hz | 18 Gbps | Metal | Antracit &#8211; VSPL3474AT og k\u00f8b online til den billigste pris, samt p\u00e5 tilbud!\u00a0\u00a0Tjek den bedste pris, produkt beskrivelse, video, test, anmeldelser osv.<\/p>\n<p><strong>Brand: <\/strong>Nedis<br \/>\n<strong>EAN: <\/strong>5412810320110<br \/>\n<strong>Producentens varenr.:<\/strong> 5412810320110<\/p>\n<p><strong>P.S.<\/strong><br \/>\nTilmeld dig til &#8220;Opret Gratis Prisfald Alarm&#8221;, og bliv underrettet med det samme om prisfald p\u00e5 Nedis &#8211; HDMI \u2122 Splitter | 4-Port port(s) | 4x HDMI\u2122 Output | 4K@60Hz | 18 Gbps | Metal | Antracit &#8211; VSPL3474AT, og f\u00e5 den billigste pris!<\/p>\n<p>&nbsp;<\/p>\n<p>&nbsp;<\/p>\n","protected":false},"excerpt":{"rendered":"<p>K\u00f8b billig Nedis &#8211; HDMI \u2122 Splitter | 4-Port port(s) | 4x HDMI\u2122 Output | 4K@60Hz | 18 Gbps | Metal | Antracit &#8211; VSPL3474AT! Med denne Nedis HDMI-splitter kan du vise film, pr\u00e6sentationer, billeder og andet indhold fra \u00e9n Ultra HD HDMI\u2122-enhed p\u00e5 fire Ultra HD-sk\u00e6rme samtidigt. Splitteren fordeler 1 x HDMI\u2122-input til 4 [&hellip;]<\/p>\n","protected":false},"featured_media":0,"template":"","meta":[],"store":[1272516],"product_brand":[1272517],"product_cat":[1275230],"product_tag":[1275178,1275231],"class_list":{"0":"post-450103","1":"product","2":"type-product","3":"status-publish","5":"store-butik24","6":"product_brand-nedis","7":"product_cat-video","8":"product_tag-nedis","9":"product_tag-video","10":"pa_maerke-nedis","12":"first","13":"instock","14":"product-type-external"},"_links":{"self":[{"href":"https:\/\/www.pricetornado.com\/da\/wp-json\/wp\/v2\/product\/450103","targetHints":{"allow":["GET"]}}],"collection":[{"href":"https:\/\/www.pricetornado.com\/da\/wp-json\/wp\/v2\/product"}],"about":[{"href":"https:\/\/www.pricetornado.com\/da\/wp-json\/wp\/v2\/types\/product"}],"wp:attachment":[{"href":"https:\/\/www.pricetornado.com\/da\/wp-json\/wp\/v2\/media?parent=450103"}],"wp:term":[{"taxonomy":"store","embeddable":true,"href":"https:\/\/www.pricetornado.com\/da\/wp-json\/wp\/v2\/store?post=450103"},{"taxonomy":"product_brand","embeddable":true,"href":"https:\/\/www.pricetornado.com\/da\/wp-json\/wp\/v2\/product_brand?post=450103"},{"taxonomy":"product_cat","embeddable":true,"href":"https:\/\/www.pricetornado.com\/da\/wp-json\/wp\/v2\/product_cat?post=450103"},{"taxonomy":"product_tag","embeddable":true,"href":"https:\/\/www.pricetornado.com\/da\/wp-json\/wp\/v2\/product_tag?post=450103"}],"curies":[{"name":"wp","href":"https:\/\/api.w.org\/{rel}","templated":true}]}}