{"id":450096,"date":"2025-02-23T23:59:41","date_gmt":"2025-02-23T22:59:41","guid":{"rendered":"https:\/\/www.pricetornado.com\/da\/produkt\/nedis-high-speed-hdmi-kabel-med-ethernet-hdmi-stik-hdmi-mini-stik-4k60hz-18-gbps-2-00-m-runde-bomuld-antracit-gun-metal-graa-cover-window-box-cvtb3\/"},"modified":"2026-04-29T02:45:21","modified_gmt":"2026-04-29T00:45:21","slug":"nedis-high-speed-hdmi-kabel-med-ethernet-hdmi-stik-hdmi-mini-stik-4k60hz-18-gbps-2-00-m-runde-bomuld-antracit-gun-metal-graa-cover-window-box-cvtb3","status":"publish","type":"product","link":"https:\/\/www.pricetornado.com\/da\/produkt\/nedis-high-speed-hdmi-kabel-med-ethernet-hdmi-stik-hdmi-mini-stik-4k60hz-18-gbps-2-00-m-runde-bomuld-antracit-gun-metal-graa-cover-window-box-cvtb3\/","title":{"rendered":"Nedis &#8211; High Speed HDMI \u2122 kabel med Ethernet | HDMI\u2122 Stik | HDMI\u2122 Mini-stik | 4K@60Hz | 18 Gbps | 2.00 m | Runde | Bomuld | Antracit \/ Gun Metal Gr\u00e5 | Cover Window Box &#8211; CVTB34500GY20"},"content":{"rendered":"<p>K\u00f8b billig Nedis &#8211; High Speed HDMI \u2122 kabel med Ethernet | HDMI\u2122 Stik | HDMI\u2122 Mini-stik | 4K@60Hz | 18 Gbps | 2.00 m | Runde | Bomuld | Antracit \/ Gun Metal Gr\u00e5 | Cover Window Box &#8211; CVTB34500GY20!<br \/>\nDette Nedis h\u00f8jhastigheds-HDMI\u00ae-kabel med Ethernet er velegnet til tilslutning af enheder som f.eks. kameraer til dit TV.<\/p>\n<p>Sammenlign priser p\u00e5 Nedis &#8211; High Speed HDMI \u2122 kabel med Ethernet | HDMI\u2122 Stik | HDMI\u2122 Mini-stik | 4K@60Hz | 18 Gbps | 2.00 m | Runde | Bomuld | Antracit \/ Gun Metal Gr\u00e5 | Cover Window Box &#8211; CVTB34500GY20 og k\u00f8b online til den billigste pris, samt p\u00e5 tilbud!\u00a0\u00a0Tjek den bedste pris, produkt beskrivelse, video, test, anmeldelser osv.<\/p>\n<p><strong>Brand: <\/strong>Nedis<br \/>\n<strong>EAN: <\/strong>5412810319558<br \/>\n<strong>Producentens varenr.:<\/strong> 5412810319558<\/p>\n<p><strong>P.S.<\/strong><br \/>\nTilmeld dig til &#8220;Opret Gratis Prisfald Alarm&#8221;, og bliv underrettet med det samme om prisfald p\u00e5 Nedis &#8211; High Speed HDMI \u2122 kabel med Ethernet | HDMI\u2122 Stik | HDMI\u2122 Mini-stik | 4K@60Hz | 18 Gbps | 2.00 m | Runde | Bomuld | Antracit \/ Gun Metal Gr\u00e5 | Cover Window Box &#8211; CVTB34500GY20, og f\u00e5 den billigste pris!<\/p>\n<p>&nbsp;<\/p>\n<p>&nbsp;<\/p>\n","protected":false},"excerpt":{"rendered":"<p>K\u00f8b billig Nedis &#8211; High Speed HDMI \u2122 kabel med Ethernet | HDMI\u2122 Stik | HDMI\u2122 Mini-stik | 4K@60Hz | 18 Gbps | 2.00 m | Runde | Bomuld | Antracit \/ Gun Metal Gr\u00e5 | Cover Window Box &#8211; CVTB34500GY20! Dette Nedis h\u00f8jhastigheds-HDMI\u00ae-kabel med Ethernet er velegnet til tilslutning af enheder som f.eks. kameraer [&hellip;]<\/p>\n","protected":false},"featured_media":0,"template":"","meta":[],"store":[1272516],"product_brand":[1272517],"product_cat":[1275230],"product_tag":[1275178,1275231],"class_list":{"0":"post-450096","1":"product","2":"type-product","3":"status-publish","5":"store-butik24","6":"product_brand-nedis","7":"product_cat-video","8":"product_tag-nedis","9":"product_tag-video","10":"pa_maerke-nedis","12":"first","13":"instock","14":"product-type-external"},"_links":{"self":[{"href":"https:\/\/www.pricetornado.com\/da\/wp-json\/wp\/v2\/product\/450096","targetHints":{"allow":["GET"]}}],"collection":[{"href":"https:\/\/www.pricetornado.com\/da\/wp-json\/wp\/v2\/product"}],"about":[{"href":"https:\/\/www.pricetornado.com\/da\/wp-json\/wp\/v2\/types\/product"}],"wp:attachment":[{"href":"https:\/\/www.pricetornado.com\/da\/wp-json\/wp\/v2\/media?parent=450096"}],"wp:term":[{"taxonomy":"store","embeddable":true,"href":"https:\/\/www.pricetornado.com\/da\/wp-json\/wp\/v2\/store?post=450096"},{"taxonomy":"product_brand","embeddable":true,"href":"https:\/\/www.pricetornado.com\/da\/wp-json\/wp\/v2\/product_brand?post=450096"},{"taxonomy":"product_cat","embeddable":true,"href":"https:\/\/www.pricetornado.com\/da\/wp-json\/wp\/v2\/product_cat?post=450096"},{"taxonomy":"product_tag","embeddable":true,"href":"https:\/\/www.pricetornado.com\/da\/wp-json\/wp\/v2\/product_tag?post=450096"}],"curies":[{"name":"wp","href":"https:\/\/api.w.org\/{rel}","templated":true}]}}