{"id":450090,"date":"2025-02-20T14:13:14","date_gmt":"2025-02-20T13:13:14","guid":{"rendered":"https:\/\/www.pricetornado.com\/da\/produkt\/nedis-high-speed-hdmi-kabel-med-ethernet-hdmi-stik-hdmi-stik-4k60hz-arc-18-gbps-10-0-m-runde-bomuld-gun-metal-graa-cover-window-box-cvtb34000gy100\/"},"modified":"2026-05-06T01:56:06","modified_gmt":"2026-05-05T23:56:06","slug":"nedis-high-speed-hdmi-kabel-med-ethernet-hdmi-stik-hdmi-stik-4k60hz-arc-18-gbps-10-0-m-runde-bomuld-gun-metal-graa-cover-window-box-cvtb34000gy100","status":"publish","type":"product","link":"https:\/\/www.pricetornado.com\/da\/produkt\/nedis-high-speed-hdmi-kabel-med-ethernet-hdmi-stik-hdmi-stik-4k60hz-arc-18-gbps-10-0-m-runde-bomuld-gun-metal-graa-cover-window-box-cvtb34000gy100\/","title":{"rendered":"Nedis &#8211; High Speed HDMI \u2122 kabel med Ethernet | HDMI\u2122 Stik | HDMI\u2122 Stik | 4K@60Hz | ARC | 18 Gbps | 10.0 m | Runde | Bomuld | Gun Metal Gr\u00e5 | Cover Window Box &#8211; CVTB34000GY100"},"content":{"rendered":"<p>K\u00f8b billig Nedis &#8211; High Speed HDMI \u2122 kabel med Ethernet | HDMI\u2122 Stik | HDMI\u2122 Stik | 4K@60Hz | ARC | 18 Gbps | 10.0 m | Runde | Bomuld | Gun Metal Gr\u00e5 | Cover Window Box &#8211; CVTB34000GY100!<br \/>\nDenne Profigold High Speed HDMI\u2122 med ethernet-kabel er et kabel af h\u00f8j kvalitet for tilslutning af en set-top-box, en computer, en spilkonsol eller andre enheder. Kablet giver dig mulighed for at overf\u00f8re lyd og videosignal til et fjernsyn, en sk\u00e6rm eller en projektor og har et HDMI A-hanstik i begge ender.High speed HDMI\u2122 med Ethernet-kabler underst\u00f8tter en maksimal opl\u00f8sning p\u00e5 4K@60Hz og op til 18 Gbps. Derudover underst\u00f8ttes teknologier som 3D, ARC, HDR, HDCP og HDMI-CEC ogs\u00e5. HDR giver udvidet lysdynamik og et bredere udvalg af farvedetaljer, som viser et perfekt realistisk billede.Stikkene med 24k forgyldte kontakter har et premium design, der giver produktet en holdbar finish. Det flettede materiale i nylon beskytter din forbindelse mod ultraviolette lyseffekter, vridning og tr\u00e6kbelastning.<\/p>\n<p>Sammenlign priser p\u00e5 Nedis &#8211; High Speed HDMI \u2122 kabel med Ethernet | HDMI\u2122 Stik | HDMI\u2122 Stik | 4K@60Hz | ARC | 18 Gbps | 10.0 m | Runde | Bomuld | Gun Metal Gr\u00e5 | Cover Window Box &#8211; CVTB34000GY100 og k\u00f8b online til den billigste pris, samt p\u00e5 tilbud!\u00a0\u00a0Tjek den bedste pris, produkt beskrivelse, video, test, anmeldelser osv.<\/p>\n<p><strong>Brand: <\/strong>Nedis<br \/>\n<strong>EAN: <\/strong>5412810318865<br \/>\n<strong>Producentens varenr.:<\/strong> 5412810318865<\/p>\n<p><strong>P.S.<\/strong><br \/>\nTilmeld dig til &#8220;Opret Gratis Prisfald Alarm&#8221;, og bliv underrettet med det samme om prisfald p\u00e5 Nedis &#8211; High Speed HDMI \u2122 kabel med Ethernet | HDMI\u2122 Stik | HDMI\u2122 Stik | 4K@60Hz | ARC | 18 Gbps | 10.0 m | Runde | Bomuld | Gun Metal Gr\u00e5 | Cover Window Box &#8211; CVTB34000GY100, og f\u00e5 den billigste pris!<\/p>\n<p>&nbsp;<\/p>\n<p>&nbsp;<\/p>\n","protected":false},"excerpt":{"rendered":"<p>K\u00f8b billig Nedis &#8211; High Speed HDMI \u2122 kabel med Ethernet | HDMI\u2122 Stik | HDMI\u2122 Stik | 4K@60Hz | ARC | 18 Gbps | 10.0 m | Runde | Bomuld | Gun Metal Gr\u00e5 | Cover Window Box &#8211; CVTB34000GY100! Denne Profigold High Speed HDMI\u2122 med ethernet-kabel er et kabel af h\u00f8j kvalitet for [&hellip;]<\/p>\n","protected":false},"featured_media":0,"template":"","meta":[],"store":[1272516],"product_brand":[1272517],"product_cat":[1275230],"product_tag":[1275178,1275231],"class_list":{"0":"post-450090","1":"product","2":"type-product","3":"status-publish","5":"store-butik24","6":"product_brand-nedis","7":"product_cat-video","8":"product_tag-nedis","9":"product_tag-video","10":"pa_maerke-nedis","12":"first","13":"instock","14":"product-type-external"},"_links":{"self":[{"href":"https:\/\/www.pricetornado.com\/da\/wp-json\/wp\/v2\/product\/450090","targetHints":{"allow":["GET"]}}],"collection":[{"href":"https:\/\/www.pricetornado.com\/da\/wp-json\/wp\/v2\/product"}],"about":[{"href":"https:\/\/www.pricetornado.com\/da\/wp-json\/wp\/v2\/types\/product"}],"wp:attachment":[{"href":"https:\/\/www.pricetornado.com\/da\/wp-json\/wp\/v2\/media?parent=450090"}],"wp:term":[{"taxonomy":"store","embeddable":true,"href":"https:\/\/www.pricetornado.com\/da\/wp-json\/wp\/v2\/store?post=450090"},{"taxonomy":"product_brand","embeddable":true,"href":"https:\/\/www.pricetornado.com\/da\/wp-json\/wp\/v2\/product_brand?post=450090"},{"taxonomy":"product_cat","embeddable":true,"href":"https:\/\/www.pricetornado.com\/da\/wp-json\/wp\/v2\/product_cat?post=450090"},{"taxonomy":"product_tag","embeddable":true,"href":"https:\/\/www.pricetornado.com\/da\/wp-json\/wp\/v2\/product_tag?post=450090"}],"curies":[{"name":"wp","href":"https:\/\/api.w.org\/{rel}","templated":true}]}}