{"id":450088,"date":"2025-02-21T14:17:32","date_gmt":"2025-02-21T13:17:32","guid":{"rendered":"https:\/\/www.pricetornado.com\/da\/produkt\/nedis-composite-video-kabel-3x-rca-han-3x-rca-han-guldplateret-480p-2-00-m-runde-bomuld-antracit-gun-metal-graa-cover-window-box-cvtb24300gy20\/"},"modified":"2026-04-30T02:49:48","modified_gmt":"2026-04-30T00:49:48","slug":"nedis-composite-video-kabel-3x-rca-han-3x-rca-han-guldplateret-480p-2-00-m-runde-bomuld-antracit-gun-metal-graa-cover-window-box-cvtb24300gy20","status":"publish","type":"product","link":"https:\/\/www.pricetornado.com\/da\/produkt\/nedis-composite-video-kabel-3x-rca-han-3x-rca-han-guldplateret-480p-2-00-m-runde-bomuld-antracit-gun-metal-graa-cover-window-box-cvtb24300gy20\/","title":{"rendered":"Nedis &#8211; Composite Video kabel | 3x RCA Han | 3x RCA Han | Guldplateret | 480p | 2.00 m | Runde | Bomuld | Antracit \/ Gun Metal Gr\u00e5 | Cover Window Box &#8211; CVTB24300GY20"},"content":{"rendered":"<p>K\u00f8b billig Nedis &#8211; Composite Video kabel | 3x RCA Han | 3x RCA Han | Guldplateret | 480p | 2.00 m | Runde | Bomuld | Antracit \/ Gun Metal Gr\u00e5 | Cover Window Box &#8211; CVTB24300GY20!<br \/>\nDette Nedis AV-kabel med RCA-stik kan anvendes ved tilslutning af enheder som f.eks. en spilkonsol til dit TV.<\/p>\n<p>Sammenlign priser p\u00e5 Nedis &#8211; Composite Video kabel | 3x RCA Han | 3x RCA Han | Guldplateret | 480p | 2.00 m | Runde | Bomuld | Antracit \/ Gun Metal Gr\u00e5 | Cover Window Box &#8211; CVTB24300GY20 og k\u00f8b online til den billigste pris, samt p\u00e5 tilbud!\u00a0\u00a0Tjek den bedste pris, produkt beskrivelse, video, test, anmeldelser osv.<\/p>\n<p><strong>Brand: <\/strong>Nedis<br \/>\n<strong>EAN: <\/strong>5412810318841<br \/>\n<strong>Producentens varenr.:<\/strong> 5412810318841<\/p>\n<p><strong>P.S.<\/strong><br \/>\nTilmeld dig til &#8220;Opret Gratis Prisfald Alarm&#8221;, og bliv underrettet med det samme om prisfald p\u00e5 Nedis &#8211; Composite Video kabel | 3x RCA Han | 3x RCA Han | Guldplateret | 480p | 2.00 m | Runde | Bomuld | Antracit \/ Gun Metal Gr\u00e5 | Cover Window Box &#8211; CVTB24300GY20, og f\u00e5 den billigste pris!<\/p>\n<p>&nbsp;<\/p>\n<p>&nbsp;<\/p>\n","protected":false},"excerpt":{"rendered":"<p>K\u00f8b billig Nedis &#8211; Composite Video kabel | 3x RCA Han | 3x RCA Han | Guldplateret | 480p | 2.00 m | Runde | Bomuld | Antracit \/ Gun Metal Gr\u00e5 | Cover Window Box &#8211; CVTB24300GY20! Dette Nedis AV-kabel med RCA-stik kan anvendes ved tilslutning af enheder som f.eks. en spilkonsol til dit [&hellip;]<\/p>\n","protected":false},"featured_media":999980000004500880,"template":"","meta":[],"store":[1272516],"product_brand":[1272517],"product_cat":[1275232],"product_tag":[1275233,1275178],"class_list":{"0":"post-450088","1":"product","2":"type-product","3":"status-publish","4":"has-post-thumbnail","6":"store-butik24","7":"product_brand-nedis","8":"product_cat-computer-og-netvaerk","9":"product_tag-computer-og-netvaerk","10":"product_tag-nedis","11":"pa_maerke-nedis","13":"first","14":"instock","15":"product-type-external"},"_links":{"self":[{"href":"https:\/\/www.pricetornado.com\/da\/wp-json\/wp\/v2\/product\/450088","targetHints":{"allow":["GET"]}}],"collection":[{"href":"https:\/\/www.pricetornado.com\/da\/wp-json\/wp\/v2\/product"}],"about":[{"href":"https:\/\/www.pricetornado.com\/da\/wp-json\/wp\/v2\/types\/product"}],"wp:featuredmedia":[{"embeddable":true,"href":"https:\/\/www.pricetornado.com\/da\/wp-json\/"}],"wp:attachment":[{"href":"https:\/\/www.pricetornado.com\/da\/wp-json\/wp\/v2\/media?parent=450088"}],"wp:term":[{"taxonomy":"store","embeddable":true,"href":"https:\/\/www.pricetornado.com\/da\/wp-json\/wp\/v2\/store?post=450088"},{"taxonomy":"product_brand","embeddable":true,"href":"https:\/\/www.pricetornado.com\/da\/wp-json\/wp\/v2\/product_brand?post=450088"},{"taxonomy":"product_cat","embeddable":true,"href":"https:\/\/www.pricetornado.com\/da\/wp-json\/wp\/v2\/product_cat?post=450088"},{"taxonomy":"product_tag","embeddable":true,"href":"https:\/\/www.pricetornado.com\/da\/wp-json\/wp\/v2\/product_tag?post=450088"}],"curies":[{"name":"wp","href":"https:\/\/api.w.org\/{rel}","templated":true}]}}