{"id":450080,"date":"2025-02-21T14:29:03","date_gmt":"2025-02-21T13:29:03","guid":{"rendered":"https:\/\/www.pricetornado.com\/da\/produkt\/nedis-subwoofer-kabel-rca-hanstik-rca-hanstik-guldplateret-3-00-m-runde-4-5-mm-antracit-gun-metal-graa-cover-box-catb24100gy30\/"},"modified":"2026-04-30T03:20:26","modified_gmt":"2026-04-30T01:20:26","slug":"nedis-subwoofer-kabel-rca-hanstik-rca-hanstik-guldplateret-3-00-m-runde-4-5-mm-antracit-gun-metal-graa-cover-box-catb24100gy30","status":"publish","type":"product","link":"https:\/\/www.pricetornado.com\/da\/produkt\/nedis-subwoofer-kabel-rca-hanstik-rca-hanstik-guldplateret-3-00-m-runde-4-5-mm-antracit-gun-metal-graa-cover-box-catb24100gy30\/","title":{"rendered":"Nedis &#8211; Subwoofer kabel | RCA Hanstik | RCA Hanstik | Guldplateret | 3.00 m | Runde | 4.5 mm | Antracit \/ Gun Metal Gr\u00e5 | Cover Box &#8211; CATB24100GY30"},"content":{"rendered":"<p>K\u00f8b billig Nedis &#8211; Subwoofer kabel | RCA Hanstik | RCA Hanstik | Guldplateret | 3.00 m | Runde | 4.5 mm | Antracit \/ Gun Metal Gr\u00e5 | Cover Box &#8211; CATB24100GY30!<br \/>\nDit kvalitetsvalg. Nedis Fabritallic-audiokablerne er de bedste i deres segment. fremtidige udvidelser. Ud over det fejlfri design giver dette udvalg af tilslutningsmuligheder fyldig og dynamisk lyd, dyb bas og spr\u00f8de h\u00f8je toner,der opn\u00e5s takket v\u00e6re innovativ teknologi og eksklusiv produktudvikling. Fabritallic-audiokablerne vil forvandle den m\u00e5de, du oplever film, videospil og TV-serier p\u00e5.Hvis du br\u00e6nder for din hjemmebiograf og dit gamingsystem, skal du s\u00f8rge for at optimere din lydops\u00e6tning ved at bruge det bedst mulige subwooferkabel. Fabritallic RCA-subwooferkablet kan bruges til at slutte subwooferh\u00f8jttalere til dit lydsystem, s\u00e5 du f\u00e5r en fremragende basgengivelse.Vores livslange garantibeskyttelse er et bevis p\u00e5 vores l\u00f8fte om at garantere den bedste produktkvalitet.F\u00f8rsteklasses design med stikkabinet af aluminiumslegering giver en holdbar produktfinish.Den flettede sammenkoblingskappe i nylon beskytter din forbindelse mod ultraviolette lyseffekter, vridning og tr\u00e6kbelastning.F\u00f8rsteklasses oxygenfri kobberledere sikrer fremragende fejlfri og krystalklar overf\u00f8rsel af data, video og lydsignaler.A-klasse, ikke-ledende kabelafsk\u00e6rmninger sikrer et knivskarpt billede, der giver maksimal beskyttelse mod EMI- og RF-interferens.<\/p>\n<p>Sammenlign priser p\u00e5 Nedis &#8211; Subwoofer kabel | RCA Hanstik | RCA Hanstik | Guldplateret | 3.00 m | Runde | 4.5 mm | Antracit \/ Gun Metal Gr\u00e5 | Cover Box &#8211; CATB24100GY30 og k\u00f8b online til den billigste pris, samt p\u00e5 tilbud!\u00a0\u00a0Tjek den bedste pris, produkt beskrivelse, video, test, anmeldelser osv.<\/p>\n<p><strong>Brand: <\/strong>Nedis<br \/>\n<strong>EAN: <\/strong>5412810318704<br \/>\n<strong>Producentens varenr.:<\/strong> 5412810318704<\/p>\n<p><strong>P.S.<\/strong><br \/>\nTilmeld dig til &#8220;Opret Gratis Prisfald Alarm&#8221;, og bliv underrettet med det samme om prisfald p\u00e5 Nedis &#8211; Subwoofer kabel | RCA Hanstik | RCA Hanstik | Guldplateret | 3.00 m | Runde | 4.5 mm | Antracit \/ Gun Metal Gr\u00e5 | Cover Box &#8211; CATB24100GY30, og f\u00e5 den billigste pris!<\/p>\n<p>&nbsp;<\/p>\n<p>&nbsp;<\/p>\n","protected":false},"excerpt":{"rendered":"<p>K\u00f8b billig Nedis &#8211; Subwoofer kabel | RCA Hanstik | RCA Hanstik | Guldplateret | 3.00 m | Runde | 4.5 mm | Antracit \/ Gun Metal Gr\u00e5 | Cover Box &#8211; CATB24100GY30! Dit kvalitetsvalg. Nedis Fabritallic-audiokablerne er de bedste i deres segment. fremtidige udvidelser. Ud over det fejlfri design giver dette udvalg af tilslutningsmuligheder [&hellip;]<\/p>\n","protected":false},"featured_media":999980000004500800,"template":"","meta":[],"store":[1272516],"product_brand":[1272517],"product_cat":[1272472],"product_tag":[1272746,1275178],"class_list":{"0":"post-450080","1":"product","2":"type-product","3":"status-publish","4":"has-post-thumbnail","6":"store-butik24","7":"product_brand-nedis","8":"product_cat-lyd","9":"product_tag-lyd","10":"product_tag-nedis","11":"pa_maerke-nedis","13":"first","14":"instock","15":"product-type-external"},"_links":{"self":[{"href":"https:\/\/www.pricetornado.com\/da\/wp-json\/wp\/v2\/product\/450080","targetHints":{"allow":["GET"]}}],"collection":[{"href":"https:\/\/www.pricetornado.com\/da\/wp-json\/wp\/v2\/product"}],"about":[{"href":"https:\/\/www.pricetornado.com\/da\/wp-json\/wp\/v2\/types\/product"}],"wp:featuredmedia":[{"embeddable":true,"href":"https:\/\/www.pricetornado.com\/da\/wp-json\/"}],"wp:attachment":[{"href":"https:\/\/www.pricetornado.com\/da\/wp-json\/wp\/v2\/media?parent=450080"}],"wp:term":[{"taxonomy":"store","embeddable":true,"href":"https:\/\/www.pricetornado.com\/da\/wp-json\/wp\/v2\/store?post=450080"},{"taxonomy":"product_brand","embeddable":true,"href":"https:\/\/www.pricetornado.com\/da\/wp-json\/wp\/v2\/product_brand?post=450080"},{"taxonomy":"product_cat","embeddable":true,"href":"https:\/\/www.pricetornado.com\/da\/wp-json\/wp\/v2\/product_cat?post=450080"},{"taxonomy":"product_tag","embeddable":true,"href":"https:\/\/www.pricetornado.com\/da\/wp-json\/wp\/v2\/product_tag?post=450080"}],"curies":[{"name":"wp","href":"https:\/\/api.w.org\/{rel}","templated":true}]}}