{"id":450078,"date":"2025-02-25T23:23:29","date_gmt":"2025-02-25T22:23:29","guid":{"rendered":"https:\/\/www.pricetornado.com\/da\/produkt\/nedis-stereo-audio-kabel-3-5-mm-hanstik-2x-rca-hanstik-guldplateret-1-00-m-runde-graa-gun-metal-graa-cover-window-box-catb22200gy10\/"},"modified":"2026-04-30T03:20:26","modified_gmt":"2026-04-30T01:20:26","slug":"nedis-stereo-audio-kabel-3-5-mm-hanstik-2x-rca-hanstik-guldplateret-1-00-m-runde-graa-gun-metal-graa-cover-window-box-catb22200gy10","status":"publish","type":"product","link":"https:\/\/www.pricetornado.com\/da\/produkt\/nedis-stereo-audio-kabel-3-5-mm-hanstik-2x-rca-hanstik-guldplateret-1-00-m-runde-graa-gun-metal-graa-cover-window-box-catb22200gy10\/","title":{"rendered":"Nedis &#8211; Stereo Audio kabel | 3.5 mm Hanstik | 2x RCA Hanstik | Guldplateret | 1.00 m | Runde | Gr\u00e5 \/ Gun Metal Gr\u00e5 | Cover Window Box &#8211; CATB22200GY10"},"content":{"rendered":"<p>K\u00f8b billig Nedis &#8211; Stereo Audio kabel | 3.5 mm Hanstik | 2x RCA Hanstik | Guldplateret | 1.00 m | Runde | Gr\u00e5 \/ Gun Metal Gr\u00e5 | Cover Window Box &#8211; CATB22200GY10!<br \/>\nDette h\u00f8jkvalitets Profigold stereo audio RCA to jack-kabel er den ideelle l\u00f8sning for tilslutning af enheder med 3,5 mm jackstik s\u00e5som smartphones eller tablets til hi-fi-systemer eller h\u00f8jttalere med RCA-indgange.Holdbarhed og stabilitet er af stor betydning for Profigold-kablerne. Vores livstidsgarantibeskyttelse styrker vores l\u00f8fte om at garantere den bedste produktkvalitet. Det f\u00f8rsteklasses designede aluminiumslegeringsstikhus giver en holdbar produktfinish. De forgyldte kontakter af h\u00f8j kvalitet og flettet nylonkabelbeskyttelse garanterer lang tids holdbarhed, der transmitterer lydsignaler i maksimal lydkvalitet for en perfekt lydoplevelse.<\/p>\n<p>Sammenlign priser p\u00e5 Nedis &#8211; Stereo Audio kabel | 3.5 mm Hanstik | 2x RCA Hanstik | Guldplateret | 1.00 m | Runde | Gr\u00e5 \/ Gun Metal Gr\u00e5 | Cover Window Box &#8211; CATB22200GY10 og k\u00f8b online til den billigste pris, samt p\u00e5 tilbud!\u00a0\u00a0Tjek den bedste pris, produkt beskrivelse, video, test, anmeldelser osv.<\/p>\n<p><strong>Brand: <\/strong>Nedis<br \/>\n<strong>EAN: <\/strong>5412810318643<br \/>\n<strong>Producentens varenr.:<\/strong> 5412810318643<\/p>\n<p><strong>P.S.<\/strong><br \/>\nTilmeld dig til &#8220;Opret Gratis Prisfald Alarm&#8221;, og bliv underrettet med det samme om prisfald p\u00e5 Nedis &#8211; Stereo Audio kabel | 3.5 mm Hanstik | 2x RCA Hanstik | Guldplateret | 1.00 m | Runde | Gr\u00e5 \/ Gun Metal Gr\u00e5 | Cover Window Box &#8211; CATB22200GY10, og f\u00e5 den billigste pris!<\/p>\n<p>&nbsp;<\/p>\n<p>&nbsp;<\/p>\n","protected":false},"excerpt":{"rendered":"<p>K\u00f8b billig Nedis &#8211; Stereo Audio kabel | 3.5 mm Hanstik | 2x RCA Hanstik | Guldplateret | 1.00 m | Runde | Gr\u00e5 \/ Gun Metal Gr\u00e5 | Cover Window Box &#8211; CATB22200GY10! Dette h\u00f8jkvalitets Profigold stereo audio RCA to jack-kabel er den ideelle l\u00f8sning for tilslutning af enheder med 3,5 mm jackstik s\u00e5som [&hellip;]<\/p>\n","protected":false},"featured_media":999980000004500780,"template":"","meta":[],"store":[1272516],"product_brand":[1272517],"product_cat":[1272472],"product_tag":[1272746,1275178],"class_list":{"0":"post-450078","1":"product","2":"type-product","3":"status-publish","4":"has-post-thumbnail","6":"store-butik24","7":"product_brand-nedis","8":"product_cat-lyd","9":"product_tag-lyd","10":"product_tag-nedis","11":"pa_maerke-nedis","13":"first","14":"instock","15":"product-type-external"},"_links":{"self":[{"href":"https:\/\/www.pricetornado.com\/da\/wp-json\/wp\/v2\/product\/450078","targetHints":{"allow":["GET"]}}],"collection":[{"href":"https:\/\/www.pricetornado.com\/da\/wp-json\/wp\/v2\/product"}],"about":[{"href":"https:\/\/www.pricetornado.com\/da\/wp-json\/wp\/v2\/types\/product"}],"wp:featuredmedia":[{"embeddable":true,"href":"https:\/\/www.pricetornado.com\/da\/wp-json\/"}],"wp:attachment":[{"href":"https:\/\/www.pricetornado.com\/da\/wp-json\/wp\/v2\/media?parent=450078"}],"wp:term":[{"taxonomy":"store","embeddable":true,"href":"https:\/\/www.pricetornado.com\/da\/wp-json\/wp\/v2\/store?post=450078"},{"taxonomy":"product_brand","embeddable":true,"href":"https:\/\/www.pricetornado.com\/da\/wp-json\/wp\/v2\/product_brand?post=450078"},{"taxonomy":"product_cat","embeddable":true,"href":"https:\/\/www.pricetornado.com\/da\/wp-json\/wp\/v2\/product_cat?post=450078"},{"taxonomy":"product_tag","embeddable":true,"href":"https:\/\/www.pricetornado.com\/da\/wp-json\/wp\/v2\/product_tag?post=450078"}],"curies":[{"name":"wp","href":"https:\/\/api.w.org\/{rel}","templated":true}]}}