{"id":450076,"date":"2025-02-25T03:08:46","date_gmt":"2025-02-25T02:08:46","guid":{"rendered":"https:\/\/www.pricetornado.com\/da\/produkt\/nedis-aktiv-optisk-ultra-high-speed-hdmi-kabel-med-ethernet-hdmi-stik-hdmi-stik-8k60hz-48-gbps-40-0-m-runde-pvc-sort-gaveaeske-cvbg3500bk400\/"},"modified":"2026-05-06T01:41:49","modified_gmt":"2026-05-05T23:41:49","slug":"nedis-aktiv-optisk-ultra-high-speed-hdmi-kabel-med-ethernet-hdmi-stik-hdmi-stik-8k60hz-48-gbps-40-0-m-runde-pvc-sort-gaveaeske-cvbg3500bk400","status":"publish","type":"product","link":"https:\/\/www.pricetornado.com\/da\/produkt\/nedis-aktiv-optisk-ultra-high-speed-hdmi-kabel-med-ethernet-hdmi-stik-hdmi-stik-8k60hz-48-gbps-40-0-m-runde-pvc-sort-gaveaeske-cvbg3500bk400\/","title":{"rendered":"Nedis &#8211; Aktiv Optisk Ultra High Speed HDMI-Kabel med Ethernet | HDMI\u2122 Stik | HDMI\u2122 Stik | 8K@60Hz | 48 Gbps | 40.0 m | Runde | PVC | Sort | Gave\u00e6ske &#8211; CVBG3500BK400"},"content":{"rendered":"<p>K\u00f8b billig Nedis &#8211; Aktiv Optisk Ultra High Speed HDMI-Kabel med Ethernet | HDMI\u2122 Stik | HDMI\u2122 Stik | 8K@60Hz | 48 Gbps | 40.0 m | Runde | PVC | Sort | Gave\u00e6ske &#8211; CVBG3500BK400!<br \/>\nNedis aktivt optisk Ultra High Speed HDMI-kabel er en praktisk l\u00f8sning til overf\u00f8rsel af store m\u00e6ngder data i h\u00f8j kvalitet over lange afstande med n\u00e6sten intet tab. Kablet bruger AOC-teknologi, hvor stikforbindelserne konverterer elektriske signaler til optiske signaler, s\u00e5 signalet kan sendes l\u00e6ngere end med almindelige kobberkabler.Det g\u00f8r kablet velegnet, n\u00e5r du har brug for stabil HDMI-overf\u00f8rsel over st\u00f8rre afstande, uden den signalforringelse der ofte opst\u00e5r med traditionelle kobberkabler. Samtidig er kablet slankt og fleksibelt, hvilket g\u00f8r installationen lettere end med almindelige kobberkabler.Kablet underst\u00f8tter 8K ved 60 Hz og en maksimal b\u00e5ndbredde p\u00e5 48 Gbps. Det giver h\u00f8j kapacitet til moderne billed- og lydoverf\u00f8rsel via HDMI over l\u00e6ngere afstande.Takket v\u00e6re stikkontakthuset i metal er kablet meget modstandsdygtigt over for elektromagnetisk interferens (EMI) og radiofrekvensinterferens (RFI). Kabelkonstruktionen er desuden udf\u00f8rt med afsk\u00e6rmning, som hj\u00e6lper med at beskytte signalet mod forstyrrelser.Stikkene har guldbelagte kontakter, som bidrager til holdbarhed og korrosionsbestandighed ved daglig brug og installation.En vigtig fordel ved dette aktivt optiske HDMI-kabel er, at der ikke er behov for at tilf\u00f8je en ekstern str\u00f8mforsyning. Det er ellers ofte n\u00f8dvendigt ved brug af kobberkabler over store afstande. Kablets optiske fiberkonstruktion g\u00f8r det derfor s\u00e6rligt egnet til installationer, hvor kabeltr\u00e6k overstiger begr\u00e6nsningerne for standard HDMI-kobberkabler.Kablet er desuden beregnet til envejs datatransmission, optimeret til videosignaloverf\u00f8rsel.Et godt valg, n\u00e5r du \u00f8nsker p\u00e5lidelig HDMI-overf\u00f8rsel i h\u00f8j kvalitet over lange afstande.<\/p>\n<p>Sammenlign priser p\u00e5 Nedis &#8211; Aktiv Optisk Ultra High Speed HDMI-Kabel med Ethernet | HDMI\u2122 Stik | HDMI\u2122 Stik | 8K@60Hz | 48 Gbps | 40.0 m | Runde | PVC | Sort | Gave\u00e6ske &#8211; CVBG3500BK400 og k\u00f8b online til den billigste pris, samt p\u00e5 tilbud!\u00a0\u00a0Tjek den bedste pris, produkt beskrivelse, video, test, anmeldelser osv.<\/p>\n<p><strong>Brand: <\/strong>Nedis<br \/>\n<strong>EAN: <\/strong>5412810318308<br \/>\n<strong>Producentens varenr.:<\/strong> 5412810318308<\/p>\n<p><strong>P.S.<\/strong><br \/>\nTilmeld dig til &#8220;Opret Gratis Prisfald Alarm&#8221;, og bliv underrettet med det samme om prisfald p\u00e5 Nedis &#8211; Aktiv Optisk Ultra High Speed HDMI-Kabel med Ethernet | HDMI\u2122 Stik | HDMI\u2122 Stik | 8K@60Hz | 48 Gbps | 40.0 m | Runde | PVC | Sort | Gave\u00e6ske &#8211; CVBG3500BK400, og f\u00e5 den billigste pris!<\/p>\n<p>&nbsp;<\/p>\n<p>&nbsp;<\/p>\n","protected":false},"excerpt":{"rendered":"<p>K\u00f8b billig Nedis &#8211; Aktiv Optisk Ultra High Speed HDMI-Kabel med Ethernet | HDMI\u2122 Stik | HDMI\u2122 Stik | 8K@60Hz | 48 Gbps | 40.0 m | Runde | PVC | Sort | Gave\u00e6ske &#8211; CVBG3500BK400! Nedis aktivt optisk Ultra High Speed HDMI-kabel er en praktisk l\u00f8sning til overf\u00f8rsel af store m\u00e6ngder data i h\u00f8j [&hellip;]<\/p>\n","protected":false},"featured_media":0,"template":"","meta":[],"store":[1272516],"product_brand":[1272517],"product_cat":[1275230],"product_tag":[1275178,1275231],"class_list":{"0":"post-450076","1":"product","2":"type-product","3":"status-publish","5":"store-butik24","6":"product_brand-nedis","7":"product_cat-video","8":"product_tag-nedis","9":"product_tag-video","10":"pa_maerke-nedis","12":"first","13":"instock","14":"product-type-external"},"_links":{"self":[{"href":"https:\/\/www.pricetornado.com\/da\/wp-json\/wp\/v2\/product\/450076","targetHints":{"allow":["GET"]}}],"collection":[{"href":"https:\/\/www.pricetornado.com\/da\/wp-json\/wp\/v2\/product"}],"about":[{"href":"https:\/\/www.pricetornado.com\/da\/wp-json\/wp\/v2\/types\/product"}],"wp:attachment":[{"href":"https:\/\/www.pricetornado.com\/da\/wp-json\/wp\/v2\/media?parent=450076"}],"wp:term":[{"taxonomy":"store","embeddable":true,"href":"https:\/\/www.pricetornado.com\/da\/wp-json\/wp\/v2\/store?post=450076"},{"taxonomy":"product_brand","embeddable":true,"href":"https:\/\/www.pricetornado.com\/da\/wp-json\/wp\/v2\/product_brand?post=450076"},{"taxonomy":"product_cat","embeddable":true,"href":"https:\/\/www.pricetornado.com\/da\/wp-json\/wp\/v2\/product_cat?post=450076"},{"taxonomy":"product_tag","embeddable":true,"href":"https:\/\/www.pricetornado.com\/da\/wp-json\/wp\/v2\/product_tag?post=450076"}],"curies":[{"name":"wp","href":"https:\/\/api.w.org\/{rel}","templated":true}]}}