{"id":450070,"date":"2025-02-21T04:16:26","date_gmt":"2025-02-21T03:16:26","guid":{"rendered":"https:\/\/www.pricetornado.com\/da\/produkt\/nedis-aktiv-optisk-high-speed-hdmi-kabel-med-ethernet-hdmi-stik-hdmi-stik-4k60hz-18-gbps-20-0-m-runde-pvc-sort-gaveaeske-cvbg3400bk200\/"},"modified":"2026-04-29T02:43:28","modified_gmt":"2026-04-29T00:43:28","slug":"nedis-aktiv-optisk-high-speed-hdmi-kabel-med-ethernet-hdmi-stik-hdmi-stik-4k60hz-18-gbps-20-0-m-runde-pvc-sort-gaveaeske-cvbg3400bk200","status":"publish","type":"product","link":"https:\/\/www.pricetornado.com\/da\/produkt\/nedis-aktiv-optisk-high-speed-hdmi-kabel-med-ethernet-hdmi-stik-hdmi-stik-4k60hz-18-gbps-20-0-m-runde-pvc-sort-gaveaeske-cvbg3400bk200\/","title":{"rendered":"Nedis &#8211; Aktiv Optisk High Speed HDMI-kabel med Ethernet | HDMI\u2122 Stik | HDMI\u2122 Stik | 4K@60Hz | 18 Gbps | 20.0 m | Runde | PVC | Sort | Gave\u00e6ske &#8211; CVBG3400BK200"},"content":{"rendered":"<p>K\u00f8b billig Nedis &#8211; Aktiv Optisk High Speed HDMI-kabel med Ethernet | HDMI\u2122 Stik | HDMI\u2122 Stik | 4K@60Hz | 18 Gbps | 20.0 m | Runde | PVC | Sort | Gave\u00e6ske &#8211; CVBG3400BK200!<br \/>\nDette aktivt optiske kabel (AOC) er den perfekte l\u00f8sning til at overf\u00f8re store m\u00e6ngder data af h\u00f8j kvalitet over store afstande n\u00e6sten uden tab. Takket v\u00e6re stikkontakthuset i metal, er kablet meget modstandsdygtig over for elektromagnetisk interferens (EMI) og radiofrekvensinterferens (RFI). Fordi stikforbindelserne konverterer de elektriske signaler til optiske signaler (let), kan signalet overf\u00f8res over st\u00f8rre afstande end almindelige kobberkabler, men de er meget slanke og fleksible. Desuden er der ingen grund til at tilf\u00f8je en ekstern str\u00f8mforsyning, hvilket ellers er almindelig procedure ved brug af kobberkabler over store afstande.<\/p>\n<p>Sammenlign priser p\u00e5 Nedis &#8211; Aktiv Optisk High Speed HDMI-kabel med Ethernet | HDMI\u2122 Stik | HDMI\u2122 Stik | 4K@60Hz | 18 Gbps | 20.0 m | Runde | PVC | Sort | Gave\u00e6ske &#8211; CVBG3400BK200 og k\u00f8b online til den billigste pris, samt p\u00e5 tilbud!\u00a0\u00a0Tjek den bedste pris, produkt beskrivelse, video, test, anmeldelser osv.<\/p>\n<p><strong>Brand: <\/strong>Nedis<br \/>\n<strong>EAN: <\/strong>5412810318179<br \/>\n<strong>Producentens varenr.:<\/strong> 5412810318179<\/p>\n<p><strong>P.S.<\/strong><br \/>\nTilmeld dig til &#8220;Opret Gratis Prisfald Alarm&#8221;, og bliv underrettet med det samme om prisfald p\u00e5 Nedis &#8211; Aktiv Optisk High Speed HDMI-kabel med Ethernet | HDMI\u2122 Stik | HDMI\u2122 Stik | 4K@60Hz | 18 Gbps | 20.0 m | Runde | PVC | Sort | Gave\u00e6ske &#8211; CVBG3400BK200, og f\u00e5 den billigste pris!<\/p>\n<p>&nbsp;<\/p>\n<p>&nbsp;<\/p>\n","protected":false},"excerpt":{"rendered":"<p>K\u00f8b billig Nedis &#8211; Aktiv Optisk High Speed HDMI-kabel med Ethernet | HDMI\u2122 Stik | HDMI\u2122 Stik | 4K@60Hz | 18 Gbps | 20.0 m | Runde | PVC | Sort | Gave\u00e6ske &#8211; CVBG3400BK200! Dette aktivt optiske kabel (AOC) er den perfekte l\u00f8sning til at overf\u00f8re store m\u00e6ngder data af h\u00f8j kvalitet over store [&hellip;]<\/p>\n","protected":false},"featured_media":0,"template":"","meta":[],"store":[1272516],"product_brand":[1272517],"product_cat":[1275230],"product_tag":[1275178,1275231],"class_list":{"0":"post-450070","1":"product","2":"type-product","3":"status-publish","5":"store-butik24","6":"product_brand-nedis","7":"product_cat-video","8":"product_tag-nedis","9":"product_tag-video","10":"pa_maerke-nedis","12":"first","13":"instock","14":"product-type-external"},"_links":{"self":[{"href":"https:\/\/www.pricetornado.com\/da\/wp-json\/wp\/v2\/product\/450070","targetHints":{"allow":["GET"]}}],"collection":[{"href":"https:\/\/www.pricetornado.com\/da\/wp-json\/wp\/v2\/product"}],"about":[{"href":"https:\/\/www.pricetornado.com\/da\/wp-json\/wp\/v2\/types\/product"}],"wp:attachment":[{"href":"https:\/\/www.pricetornado.com\/da\/wp-json\/wp\/v2\/media?parent=450070"}],"wp:term":[{"taxonomy":"store","embeddable":true,"href":"https:\/\/www.pricetornado.com\/da\/wp-json\/wp\/v2\/store?post=450070"},{"taxonomy":"product_brand","embeddable":true,"href":"https:\/\/www.pricetornado.com\/da\/wp-json\/wp\/v2\/product_brand?post=450070"},{"taxonomy":"product_cat","embeddable":true,"href":"https:\/\/www.pricetornado.com\/da\/wp-json\/wp\/v2\/product_cat?post=450070"},{"taxonomy":"product_tag","embeddable":true,"href":"https:\/\/www.pricetornado.com\/da\/wp-json\/wp\/v2\/product_tag?post=450070"}],"curies":[{"name":"wp","href":"https:\/\/api.w.org\/{rel}","templated":true}]}}