{"id":450065,"date":"2025-02-25T13:16:11","date_gmt":"2025-02-25T12:16:11","guid":{"rendered":"https:\/\/www.pricetornado.com\/da\/produkt\/nedis-aktiv-optisk-usb-kabel-usb-c-han-hdmi-stik-18-gbps-20-0-m-runde-pvc-sort-gaveaeske-ccbg6410bk200\/"},"modified":"2026-04-29T02:42:47","modified_gmt":"2026-04-29T00:42:47","slug":"nedis-aktiv-optisk-usb-kabel-usb-c-han-hdmi-stik-18-gbps-20-0-m-runde-pvc-sort-gaveaeske-ccbg6410bk200","status":"publish","type":"product","link":"https:\/\/www.pricetornado.com\/da\/produkt\/nedis-aktiv-optisk-usb-kabel-usb-c-han-hdmi-stik-18-gbps-20-0-m-runde-pvc-sort-gaveaeske-ccbg6410bk200\/","title":{"rendered":"Nedis &#8211; Aktiv Optisk USB-kabel | USB-C\u2122 Han | HDMI\u2122 Stik | 18 Gbps | 20.0 m | Runde | PVC | Sort | Gave\u00e6ske &#8211; CCBG6410BK200"},"content":{"rendered":"<p>K\u00f8b billig Nedis &#8211; Aktiv Optisk USB-kabel | USB-C\u2122 Han | HDMI\u2122 Stik | 18 Gbps | 20.0 m | Runde | PVC | Sort | Gave\u00e6ske &#8211; CCBG6410BK200!<br \/>\nDette aktivt optiske kabel (AOC) er den perfekte l\u00f8sning til at overf\u00f8re store m\u00e6ngder data af h\u00f8j kvalitet over store afstande n\u00e6sten uden tab. Takket v\u00e6re stikkontakthuset i metal, er kablet meget modstandsdygtig over for elektromagnetisk interferens (EMI) og radiofrekvensinterferens (RFI). I kombination med CPR-certificeringen er det det ideelle kabel at bruge til bygninger og kontorer som en fast konstruktion mellem kilden og displayet.Fordi stikforbindelserne konverterer de elektriske signaler til optiske signaler (let), kan signalet overf\u00f8res over st\u00f8rre afstande end almindelige kobberkabler, men de er meget slanke og fleksible. Desuden er der ingen grund til at tilf\u00f8je en ekstern str\u00f8mforsyning, hvilket ellers er almindelig procedure ved brug af kobberkabler over store afstande.<\/p>\n<p>Sammenlign priser p\u00e5 Nedis &#8211; Aktiv Optisk USB-kabel | USB-C\u2122 Han | HDMI\u2122 Stik | 18 Gbps | 20.0 m | Runde | PVC | Sort | Gave\u00e6ske &#8211; CCBG6410BK200 og k\u00f8b online til den billigste pris, samt p\u00e5 tilbud!\u00a0\u00a0Tjek den bedste pris, produkt beskrivelse, video, test, anmeldelser osv.<\/p>\n<p><strong>Brand: <\/strong>Nedis<br \/>\n<strong>EAN: <\/strong>5412810318094<br \/>\n<strong>Producentens varenr.:<\/strong> 5412810318094<\/p>\n<p><strong>P.S.<\/strong><br \/>\nTilmeld dig til &#8220;Opret Gratis Prisfald Alarm&#8221;, og bliv underrettet med det samme om prisfald p\u00e5 Nedis &#8211; Aktiv Optisk USB-kabel | USB-C\u2122 Han | HDMI\u2122 Stik | 18 Gbps | 20.0 m | Runde | PVC | Sort | Gave\u00e6ske &#8211; CCBG6410BK200, og f\u00e5 den billigste pris!<\/p>\n<p>&nbsp;<\/p>\n<p>&nbsp;<\/p>\n","protected":false},"excerpt":{"rendered":"<p>K\u00f8b billig Nedis &#8211; Aktiv Optisk USB-kabel | USB-C\u2122 Han | HDMI\u2122 Stik | 18 Gbps | 20.0 m | Runde | PVC | Sort | Gave\u00e6ske &#8211; CCBG6410BK200! Dette aktivt optiske kabel (AOC) er den perfekte l\u00f8sning til at overf\u00f8re store m\u00e6ngder data af h\u00f8j kvalitet over store afstande n\u00e6sten uden tab. Takket v\u00e6re [&hellip;]<\/p>\n","protected":false},"featured_media":0,"template":"","meta":[],"store":[1272516],"product_brand":[1272517],"product_cat":[1275232],"product_tag":[1275233,1275178],"class_list":{"0":"post-450065","1":"product","2":"type-product","3":"status-publish","5":"store-butik24","6":"product_brand-nedis","7":"product_cat-computer-og-netvaerk","8":"product_tag-computer-og-netvaerk","9":"product_tag-nedis","10":"pa_maerke-nedis","12":"first","13":"instock","14":"product-type-external"},"_links":{"self":[{"href":"https:\/\/www.pricetornado.com\/da\/wp-json\/wp\/v2\/product\/450065","targetHints":{"allow":["GET"]}}],"collection":[{"href":"https:\/\/www.pricetornado.com\/da\/wp-json\/wp\/v2\/product"}],"about":[{"href":"https:\/\/www.pricetornado.com\/da\/wp-json\/wp\/v2\/types\/product"}],"wp:attachment":[{"href":"https:\/\/www.pricetornado.com\/da\/wp-json\/wp\/v2\/media?parent=450065"}],"wp:term":[{"taxonomy":"store","embeddable":true,"href":"https:\/\/www.pricetornado.com\/da\/wp-json\/wp\/v2\/store?post=450065"},{"taxonomy":"product_brand","embeddable":true,"href":"https:\/\/www.pricetornado.com\/da\/wp-json\/wp\/v2\/product_brand?post=450065"},{"taxonomy":"product_cat","embeddable":true,"href":"https:\/\/www.pricetornado.com\/da\/wp-json\/wp\/v2\/product_cat?post=450065"},{"taxonomy":"product_tag","embeddable":true,"href":"https:\/\/www.pricetornado.com\/da\/wp-json\/wp\/v2\/product_tag?post=450065"}],"curies":[{"name":"wp","href":"https:\/\/api.w.org\/{rel}","templated":true}]}}