{"id":450061,"date":"2025-02-25T06:37:18","date_gmt":"2025-02-25T05:37:18","guid":{"rendered":"https:\/\/www.pricetornado.com\/da\/produkt\/nedis-hoejttaler-kontrolboks-4-port-ports-terminal-klemmer-hoejttalerimpedans-4-16-ohm-maksimal-belastning-pr-kanal-200-w-aluminium-sort-aswi2604bk\/"},"modified":"2026-05-02T03:40:31","modified_gmt":"2026-05-02T01:40:31","slug":"nedis-hoejttaler-kontrolboks-4-port-ports-terminal-klemmer-hoejttalerimpedans-4-16-ohm-maksimal-belastning-pr-kanal-200-w-aluminium-sort-aswi2604bk","status":"publish","type":"product","link":"https:\/\/www.pricetornado.com\/da\/produkt\/nedis-hoejttaler-kontrolboks-4-port-ports-terminal-klemmer-hoejttalerimpedans-4-16-ohm-maksimal-belastning-pr-kanal-200-w-aluminium-sort-aswi2604bk\/","title":{"rendered":"Nedis &#8211; H\u00f8jttaler kontrolboks | 4-Port port(s) | Terminal klemmer | H\u00f8jttalerimpedans: 4-16 Ohm | Maksimal Belastning pr. Kanal: 200 W | Aluminium | Sort &#8211; ASWI2604BK"},"content":{"rendered":"<p>K\u00f8b billig Nedis &#8211; H\u00f8jttaler kontrolboks | 4-Port port(s) | Terminal klemmer | H\u00f8jttalerimpedans: 4-16 Ohm | Maksimal Belastning pr. Kanal: 200 W | Aluminium | Sort &#8211; ASWI2604BK!<br \/>\nDenne Nedis-h\u00f8jttalerkontrolboks kan skifte mellem fire par h\u00f8jttalere eller spille samtidigt fra dem alle fra en udgang. Fjederbelastede terminaler leverer en sikker kabeltilslutning og solid lydoverf\u00f8rsel.Velegnet til h\u00f8jttalere med en impedansbelastning fra 4 Ohm til 16 Ohm.Elegant metaldesign med to separate vippekontakter til eliminering af interferens og nem betjening.<\/p>\n<p>Sammenlign priser p\u00e5 Nedis &#8211; H\u00f8jttaler kontrolboks | 4-Port port(s) | Terminal klemmer | H\u00f8jttalerimpedans: 4-16 Ohm | Maksimal Belastning pr. Kanal: 200 W | Aluminium | Sort &#8211; ASWI2604BK og k\u00f8b online til den billigste pris, samt p\u00e5 tilbud!\u00a0\u00a0Tjek den bedste pris, produkt beskrivelse, video, test, anmeldelser osv.<\/p>\n<p><strong>Brand: <\/strong>Nedis<br \/>\n<strong>EAN: <\/strong>5412810315642<br \/>\n<strong>Producentens varenr.:<\/strong> 5412810315642<\/p>\n<p><strong>P.S.<\/strong><br \/>\nTilmeld dig til &#8220;Opret Gratis Prisfald Alarm&#8221;, og bliv underrettet med det samme om prisfald p\u00e5 Nedis &#8211; H\u00f8jttaler kontrolboks | 4-Port port(s) | Terminal klemmer | H\u00f8jttalerimpedans: 4-16 Ohm | Maksimal Belastning pr. Kanal: 200 W | Aluminium | Sort &#8211; ASWI2604BK, og f\u00e5 den billigste pris!<\/p>\n<p>&nbsp;<\/p>\n<p>&nbsp;<\/p>\n","protected":false},"excerpt":{"rendered":"<p>K\u00f8b billig Nedis &#8211; H\u00f8jttaler kontrolboks | 4-Port port(s) | Terminal klemmer | H\u00f8jttalerimpedans: 4-16 Ohm | Maksimal Belastning pr. Kanal: 200 W | Aluminium | Sort &#8211; ASWI2604BK! Denne Nedis-h\u00f8jttalerkontrolboks kan skifte mellem fire par h\u00f8jttalere eller spille samtidigt fra dem alle fra en udgang. Fjederbelastede terminaler leverer en sikker kabeltilslutning og solid lydoverf\u00f8rsel.Velegnet [&hellip;]<\/p>\n","protected":false},"featured_media":999980000004500610,"template":"","meta":[],"store":[1272516],"product_brand":[1272517],"product_cat":[1272472],"product_tag":[1272746,1275178],"class_list":{"0":"post-450061","1":"product","2":"type-product","3":"status-publish","4":"has-post-thumbnail","6":"store-butik24","7":"product_brand-nedis","8":"product_cat-lyd","9":"product_tag-lyd","10":"product_tag-nedis","11":"pa_maerke-nedis","13":"first","14":"instock","15":"product-type-external"},"_links":{"self":[{"href":"https:\/\/www.pricetornado.com\/da\/wp-json\/wp\/v2\/product\/450061","targetHints":{"allow":["GET"]}}],"collection":[{"href":"https:\/\/www.pricetornado.com\/da\/wp-json\/wp\/v2\/product"}],"about":[{"href":"https:\/\/www.pricetornado.com\/da\/wp-json\/wp\/v2\/types\/product"}],"wp:featuredmedia":[{"embeddable":true,"href":"https:\/\/www.pricetornado.com\/da\/wp-json\/"}],"wp:attachment":[{"href":"https:\/\/www.pricetornado.com\/da\/wp-json\/wp\/v2\/media?parent=450061"}],"wp:term":[{"taxonomy":"store","embeddable":true,"href":"https:\/\/www.pricetornado.com\/da\/wp-json\/wp\/v2\/store?post=450061"},{"taxonomy":"product_brand","embeddable":true,"href":"https:\/\/www.pricetornado.com\/da\/wp-json\/wp\/v2\/product_brand?post=450061"},{"taxonomy":"product_cat","embeddable":true,"href":"https:\/\/www.pricetornado.com\/da\/wp-json\/wp\/v2\/product_cat?post=450061"},{"taxonomy":"product_tag","embeddable":true,"href":"https:\/\/www.pricetornado.com\/da\/wp-json\/wp\/v2\/product_tag?post=450061"}],"curies":[{"name":"wp","href":"https:\/\/api.w.org\/{rel}","templated":true}]}}