{"id":450057,"date":"2025-02-25T14:28:23","date_gmt":"2025-02-25T13:28:23","guid":{"rendered":"https:\/\/www.pricetornado.com\/da\/produkt\/nedis-vga-switch-2-port-ports-maksimal-oploesning-2560x1600-500-mhz-cswi5902bk\/"},"modified":"2026-05-15T03:20:27","modified_gmt":"2026-05-15T01:20:27","slug":"nedis-vga-switch-2-port-ports-maksimal-oploesning-2560x1600-500-mhz-cswi5902bk","status":"publish","type":"product","link":"https:\/\/www.pricetornado.com\/da\/produkt\/nedis-vga-switch-2-port-ports-maksimal-oploesning-2560x1600-500-mhz-cswi5902bk\/","title":{"rendered":"Nedis &#8211; VGA switch | 2-Port port(s) | Maksimal opl\u00f8sning: 2560&#215;1600 | 500 mHz &#8211; CSWI5902BK"},"content":{"rendered":"<p>K\u00f8b billig Nedis &#8211; VGA switch | 2-Port port(s) | Maksimal opl\u00f8sning: 2560&#215;1600 | 500 mHz &#8211; CSWI5902BK!<br \/>\nDenne brugervenlige VGA-switch g\u00f8r det muligt at skifte mellem to computere, der er tilsluttet \u00e9n enkelt sk\u00e6rm. Switchen betjenes manuelt med et tryk p\u00e5 en knap, s\u00e5 du nemt kan v\u00e6lge mellem 2 VGA-indgange og 1 VGA-udgang.Det kompakte design g\u00f8r VGA-switchen nem at placere og praktisk at have med. Kabinettet er fremstillet i metal, hvilket bidrager til en holdbar l\u00f8sning, og den lave v\u00e6gt p\u00e5 140 g underst\u00f8tter den b\u00e6rbare og pladsbesparende udformning.Denne 2-ports VGA-switch underst\u00f8tter opl\u00f8sninger p\u00e5 op til 2560 x 1600 pixels ved 60 Hz. Den har en b\u00e5ndbredde p\u00e5 500 MHz og underst\u00f8tter DDC\/DDC2\/DDC2B for kompatibilitet.Switchen er passiv, hvilket betyder, at den ikke bruger ekstern str\u00f8m. Det g\u00f8r installationen enkel og giver en praktisk l\u00f8sning, n\u00e5r du manuelt vil skifte mellem to computere, der er tilsluttet \u00e9n sk\u00e6rm.Et praktisk valg, hvis du \u00f8nsker en enkel, kompakt og brugervenlig VGA-switch til to computere og \u00e9n sk\u00e6rm.<\/p>\n<p>Sammenlign priser p\u00e5 Nedis &#8211; VGA switch | 2-Port port(s) | Maksimal opl\u00f8sning: 2560&#215;1600 | 500 mHz &#8211; CSWI5902BK og k\u00f8b online til den billigste pris, samt p\u00e5 tilbud!\u00a0\u00a0Tjek den bedste pris, produkt beskrivelse, video, test, anmeldelser osv.<\/p>\n<p><strong>Brand: <\/strong>Nedis<br \/>\n<strong>EAN: <\/strong>5412810313471<br \/>\n<strong>Producentens varenr.:<\/strong> 5412810313471<\/p>\n<p><strong>P.S.<\/strong><br \/>\nTilmeld dig til &#8220;Opret Gratis Prisfald Alarm&#8221;, og bliv underrettet med det samme om prisfald p\u00e5 Nedis &#8211; VGA switch | 2-Port port(s) | Maksimal opl\u00f8sning: 2560&#215;1600 | 500 mHz &#8211; CSWI5902BK, og f\u00e5 den billigste pris!<\/p>\n<p>&nbsp;<\/p>\n<p>&nbsp;<\/p>\n","protected":false},"excerpt":{"rendered":"<p>K\u00f8b billig Nedis &#8211; VGA switch | 2-Port port(s) | Maksimal opl\u00f8sning: 2560&#215;1600 | 500 mHz &#8211; CSWI5902BK! Denne brugervenlige VGA-switch g\u00f8r det muligt at skifte mellem to computere, der er tilsluttet \u00e9n enkelt sk\u00e6rm. Switchen betjenes manuelt med et tryk p\u00e5 en knap, s\u00e5 du nemt kan v\u00e6lge mellem 2 VGA-indgange og 1 VGA-udgang.Det [&hellip;]<\/p>\n","protected":false},"featured_media":999980000004500570,"template":"","meta":[],"store":[1272516],"product_brand":[1272517],"product_cat":[1275232],"product_tag":[1275233,1275178],"class_list":{"0":"post-450057","1":"product","2":"type-product","3":"status-publish","4":"has-post-thumbnail","6":"store-butik24","7":"product_brand-nedis","8":"product_cat-computer-og-netvaerk","9":"product_tag-computer-og-netvaerk","10":"product_tag-nedis","11":"pa_maerke-nedis","13":"first","14":"instock","15":"product-type-external"},"_links":{"self":[{"href":"https:\/\/www.pricetornado.com\/da\/wp-json\/wp\/v2\/product\/450057","targetHints":{"allow":["GET"]}}],"collection":[{"href":"https:\/\/www.pricetornado.com\/da\/wp-json\/wp\/v2\/product"}],"about":[{"href":"https:\/\/www.pricetornado.com\/da\/wp-json\/wp\/v2\/types\/product"}],"wp:featuredmedia":[{"embeddable":true,"href":"https:\/\/www.pricetornado.com\/da\/wp-json\/"}],"wp:attachment":[{"href":"https:\/\/www.pricetornado.com\/da\/wp-json\/wp\/v2\/media?parent=450057"}],"wp:term":[{"taxonomy":"store","embeddable":true,"href":"https:\/\/www.pricetornado.com\/da\/wp-json\/wp\/v2\/store?post=450057"},{"taxonomy":"product_brand","embeddable":true,"href":"https:\/\/www.pricetornado.com\/da\/wp-json\/wp\/v2\/product_brand?post=450057"},{"taxonomy":"product_cat","embeddable":true,"href":"https:\/\/www.pricetornado.com\/da\/wp-json\/wp\/v2\/product_cat?post=450057"},{"taxonomy":"product_tag","embeddable":true,"href":"https:\/\/www.pricetornado.com\/da\/wp-json\/wp\/v2\/product_tag?post=450057"}],"curies":[{"name":"wp","href":"https:\/\/api.w.org\/{rel}","templated":true}]}}