{"id":450055,"date":"2025-02-20T13:15:04","date_gmt":"2025-02-20T12:15:04","guid":{"rendered":"https:\/\/www.pricetornado.com\/da\/produkt\/nedis-usb-kabel-usb-4-0-gen-2x2-usb-c-han-usb-c-han-240-w-8k60hz-20-gbps-nikkelplateret-2-00-m-runde-pvc-sort-konvolut-ccgp66020bk20\/"},"modified":"2026-04-29T02:41:38","modified_gmt":"2026-04-29T00:41:38","slug":"nedis-usb-kabel-usb-4-0-gen-2x2-usb-c-han-usb-c-han-240-w-8k60hz-20-gbps-nikkelplateret-2-00-m-runde-pvc-sort-konvolut-ccgp66020bk20","status":"publish","type":"product","link":"https:\/\/www.pricetornado.com\/da\/produkt\/nedis-usb-kabel-usb-4-0-gen-2x2-usb-c-han-usb-c-han-240-w-8k60hz-20-gbps-nikkelplateret-2-00-m-runde-pvc-sort-konvolut-ccgp66020bk20\/","title":{"rendered":"Nedis &#8211; USB-kabel | USB 4.0 Gen 2&#215;2 | USB-C\u2122 Han | USB-C\u2122 Han | 240 W | 8K@60Hz | 20 Gbps | Nikkelplateret | 2.00 m | Runde | PVC | Sort | Konvolut &#8211; CCGP66020BK20"},"content":{"rendered":"<p>K\u00f8b billig Nedis &#8211; USB-kabel | USB 4.0 Gen 2&#215;2 | USB-C\u2122 Han | USB-C\u2122 Han | 240 W | 8K@60Hz | 20 Gbps | Nikkelplateret | 2.00 m | Runde | PVC | Sort | Konvolut &#8211; CCGP66020BK20!<br \/>\nDette Nedis USB4\u2122-kabel muligg\u00f8r tilslutning af forskellige enheder, f.eks. smartphones, sk\u00e6rme, eksterne kabinetter og dockingstationer, via en USB Type-C\u2122 eller Thunderbolt\u2122 3-port p\u00e5 en pc eller b\u00e6rbar computer. Kablet underst\u00f8tter overf\u00f8rsel af USB- samt DisplayPort- og PCI Express-data.Kablet muligg\u00f8r dataoverf\u00f8rselshastigheder p\u00e5 op til 20 Gbps ved tilslutning af USB4\u2122-kompatible enheder. Naturligvis kan USB 3.2- eller USB 2.0-enheder ogs\u00e5 tilsluttes.Det underst\u00f8tter DisplayPort 1.4a samt DisplayPort 2.0 Alternate Mode, hvilket muligg\u00f8r tilslutning af DisplayPort-sk\u00e6rme med en sk\u00e6rmopl\u00f8sning p\u00e5 op til 4K 60 Hz.Underst\u00f8tter USB Power Delivery 3.1-standarden, som g\u00f8r det muligt at str\u00f8mforsyne tilsluttede enheder med op til 240 W (48 V\/5 A).<\/p>\n<p>Sammenlign priser p\u00e5 Nedis &#8211; USB-kabel | USB 4.0 Gen 2&#215;2 | USB-C\u2122 Han | USB-C\u2122 Han | 240 W | 8K@60Hz | 20 Gbps | Nikkelplateret | 2.00 m | Runde | PVC | Sort | Konvolut &#8211; CCGP66020BK20 og k\u00f8b online til den billigste pris, samt p\u00e5 tilbud!\u00a0\u00a0Tjek den bedste pris, produkt beskrivelse, video, test, anmeldelser osv.<\/p>\n<p><strong>Brand: <\/strong>Nedis<br \/>\n<strong>EAN: <\/strong>5412810413614<br \/>\n<strong>Producentens varenr.:<\/strong> 5412810413614<\/p>\n<p><strong>P.S.<\/strong><br \/>\nTilmeld dig til &#8220;Opret Gratis Prisfald Alarm&#8221;, og bliv underrettet med det samme om prisfald p\u00e5 Nedis &#8211; USB-kabel | USB 4.0 Gen 2&#215;2 | USB-C\u2122 Han | USB-C\u2122 Han | 240 W | 8K@60Hz | 20 Gbps | Nikkelplateret | 2.00 m | Runde | PVC | Sort | Konvolut &#8211; CCGP66020BK20, og f\u00e5 den billigste pris!<\/p>\n<p>&nbsp;<\/p>\n<p>&nbsp;<\/p>\n","protected":false},"excerpt":{"rendered":"<p>K\u00f8b billig Nedis &#8211; USB-kabel | USB 4.0 Gen 2&#215;2 | USB-C\u2122 Han | USB-C\u2122 Han | 240 W | 8K@60Hz | 20 Gbps | Nikkelplateret | 2.00 m | Runde | PVC | Sort | Konvolut &#8211; CCGP66020BK20! Dette Nedis USB4\u2122-kabel muligg\u00f8r tilslutning af forskellige enheder, f.eks. smartphones, sk\u00e6rme, eksterne kabinetter og dockingstationer, via [&hellip;]<\/p>\n","protected":false},"featured_media":0,"template":"","meta":[],"store":[1272516],"product_brand":[1272517],"product_cat":[1275232],"product_tag":[1275233,1275178],"class_list":{"0":"post-450055","1":"product","2":"type-product","3":"status-publish","5":"store-butik24","6":"product_brand-nedis","7":"product_cat-computer-og-netvaerk","8":"product_tag-computer-og-netvaerk","9":"product_tag-nedis","10":"pa_maerke-nedis","12":"first","13":"instock","14":"product-type-external"},"_links":{"self":[{"href":"https:\/\/www.pricetornado.com\/da\/wp-json\/wp\/v2\/product\/450055","targetHints":{"allow":["GET"]}}],"collection":[{"href":"https:\/\/www.pricetornado.com\/da\/wp-json\/wp\/v2\/product"}],"about":[{"href":"https:\/\/www.pricetornado.com\/da\/wp-json\/wp\/v2\/types\/product"}],"wp:attachment":[{"href":"https:\/\/www.pricetornado.com\/da\/wp-json\/wp\/v2\/media?parent=450055"}],"wp:term":[{"taxonomy":"store","embeddable":true,"href":"https:\/\/www.pricetornado.com\/da\/wp-json\/wp\/v2\/store?post=450055"},{"taxonomy":"product_brand","embeddable":true,"href":"https:\/\/www.pricetornado.com\/da\/wp-json\/wp\/v2\/product_brand?post=450055"},{"taxonomy":"product_cat","embeddable":true,"href":"https:\/\/www.pricetornado.com\/da\/wp-json\/wp\/v2\/product_cat?post=450055"},{"taxonomy":"product_tag","embeddable":true,"href":"https:\/\/www.pricetornado.com\/da\/wp-json\/wp\/v2\/product_tag?post=450055"}],"curies":[{"name":"wp","href":"https:\/\/api.w.org\/{rel}","templated":true}]}}