{"id":450046,"date":"2025-02-22T05:05:31","date_gmt":"2025-02-22T04:05:31","guid":{"rendered":"https:\/\/www.pricetornado.com\/da\/produkt\/nedis-aktiv-usb-kabel-usb-2-0-usb-a-han-usb-a-hun-480-mbps-10-0-m-runde-nikkelplateret-pvc-kobber-label-ccgl60extbk100\/"},"modified":"2026-04-29T02:38:08","modified_gmt":"2026-04-29T00:38:08","slug":"nedis-aktiv-usb-kabel-usb-2-0-usb-a-han-usb-a-hun-480-mbps-10-0-m-runde-nikkelplateret-pvc-kobber-label-ccgl60extbk100","status":"publish","type":"product","link":"https:\/\/www.pricetornado.com\/da\/produkt\/nedis-aktiv-usb-kabel-usb-2-0-usb-a-han-usb-a-hun-480-mbps-10-0-m-runde-nikkelplateret-pvc-kobber-label-ccgl60extbk100\/","title":{"rendered":"Nedis &#8211; Aktiv USB-kabel | USB 2.0 | USB-A Han | USB-A Hun | 480 Mbps | 10.0 m | Runde | Nikkelplateret | PVC | Kobber | Label &#8211; CCGL60EXTBK100"},"content":{"rendered":"<p>K\u00f8b billig Nedis &#8211; Aktiv USB-kabel | USB 2.0 | USB-A Han | USB-A Hun | 480 Mbps | 10.0 m | Runde | Nikkelplateret | PVC | Kobber | Label &#8211; CCGL60EXTBK100!<br \/>\nForl\u00e6ng et USB-kabel uden at skulle tilslutte en ekstra str\u00f8mforsyning. Tilslut flere af disse aktive USB 2.0-kabler for at transmittere over en l\u00e6ngere afstand.<\/p>\n<p>Sammenlign priser p\u00e5 Nedis &#8211; Aktiv USB-kabel | USB 2.0 | USB-A Han | USB-A Hun | 480 Mbps | 10.0 m | Runde | Nikkelplateret | PVC | Kobber | Label &#8211; CCGL60EXTBK100 og k\u00f8b online til den billigste pris, samt p\u00e5 tilbud!\u00a0\u00a0Tjek den bedste pris, produkt beskrivelse, video, test, anmeldelser osv.<\/p>\n<p><strong>Brand: <\/strong>Nedis<br \/>\n<strong>EAN: <\/strong>5412810421824<br \/>\n<strong>Producentens varenr.:<\/strong> 5412810421824<\/p>\n<p><strong>P.S.<\/strong><br \/>\nTilmeld dig til &#8220;Opret Gratis Prisfald Alarm&#8221;, og bliv underrettet med det samme om prisfald p\u00e5 Nedis &#8211; Aktiv USB-kabel | USB 2.0 | USB-A Han | USB-A Hun | 480 Mbps | 10.0 m | Runde | Nikkelplateret | PVC | Kobber | Label &#8211; CCGL60EXTBK100, og f\u00e5 den billigste pris!<\/p>\n<p>&nbsp;<\/p>\n<p>&nbsp;<\/p>\n","protected":false},"excerpt":{"rendered":"<p>K\u00f8b billig Nedis &#8211; Aktiv USB-kabel | USB 2.0 | USB-A Han | USB-A Hun | 480 Mbps | 10.0 m | Runde | Nikkelplateret | PVC | Kobber | Label &#8211; CCGL60EXTBK100! Forl\u00e6ng et USB-kabel uden at skulle tilslutte en ekstra str\u00f8mforsyning. Tilslut flere af disse aktive USB 2.0-kabler for at transmittere over en [&hellip;]<\/p>\n","protected":false},"featured_media":999980000004500460,"template":"","meta":[],"store":[1272516],"product_brand":[1272517],"product_cat":[1275232],"product_tag":[1275233,1275178],"class_list":{"0":"post-450046","1":"product","2":"type-product","3":"status-publish","4":"has-post-thumbnail","6":"store-butik24","7":"product_brand-nedis","8":"product_cat-computer-og-netvaerk","9":"product_tag-computer-og-netvaerk","10":"product_tag-nedis","11":"pa_maerke-nedis","13":"first","14":"instock","15":"product-type-external"},"_links":{"self":[{"href":"https:\/\/www.pricetornado.com\/da\/wp-json\/wp\/v2\/product\/450046","targetHints":{"allow":["GET"]}}],"collection":[{"href":"https:\/\/www.pricetornado.com\/da\/wp-json\/wp\/v2\/product"}],"about":[{"href":"https:\/\/www.pricetornado.com\/da\/wp-json\/wp\/v2\/types\/product"}],"wp:featuredmedia":[{"embeddable":true,"href":"https:\/\/www.pricetornado.com\/da\/wp-json\/"}],"wp:attachment":[{"href":"https:\/\/www.pricetornado.com\/da\/wp-json\/wp\/v2\/media?parent=450046"}],"wp:term":[{"taxonomy":"store","embeddable":true,"href":"https:\/\/www.pricetornado.com\/da\/wp-json\/wp\/v2\/store?post=450046"},{"taxonomy":"product_brand","embeddable":true,"href":"https:\/\/www.pricetornado.com\/da\/wp-json\/wp\/v2\/product_brand?post=450046"},{"taxonomy":"product_cat","embeddable":true,"href":"https:\/\/www.pricetornado.com\/da\/wp-json\/wp\/v2\/product_cat?post=450046"},{"taxonomy":"product_tag","embeddable":true,"href":"https:\/\/www.pricetornado.com\/da\/wp-json\/wp\/v2\/product_tag?post=450046"}],"curies":[{"name":"wp","href":"https:\/\/api.w.org\/{rel}","templated":true}]}}